{"id":2511,"date":"2022-09-02T15:25:41","date_gmt":"2022-09-02T15:25:41","guid":{"rendered":"https:\/\/ssscorp.org\/sssc-wahl\/waehler\/empfehlungsschreiben\/"},"modified":"2022-10-22T21:08:43","modified_gmt":"2022-10-22T21:08:43","slug":"empfehlungsschreiben","status":"publish","type":"page","link":"https:\/\/ssscorp.org\/de\/sssc-wahl\/waehler\/empfehlungsschreiben\/","title":{"rendered":"Empfehlungsschreiben"},"content":{"rendered":"\n\t<section class=\"section\" id=\"section_608706365\">\n\t\t<div class=\"bg section-bg fill bg-fill  bg-loaded\" >\n\n\t\t\t\n\t\t\t\n\t\t\t\n\n\t\t<\/div>\n\n\t\t\n\n\t\t<div class=\"section-content relative\">\n\t\t\t\n\n<div class=\"row align-center\"  id=\"row-611259521\">\n\n\n\t<div id=\"col-2050931386\" class=\"col small-12 large-12\"  >\n\t\t\t\t<div class=\"col-inner text-left\"  >\n\t\t\t\n\t\t\t\n\n<h2 id=\"503784193199685412\" class=\"element wsite-content-title editable-text cke_editable cke_editable_inline cke_contents_ltr cke_show_borders cke_focus\" style=\"text-align: center;\" tabindex=\"0\" role=\"textbox\" contenteditable=\"true\" spellcheck=\"true\" aria-label=\"false\"><span style=\"color: #8d7824; font-size: 150%;\">Empfehlungsprozess 2022<\/span><br><span style=\"font-size: xx-large; color: #333333;\">f\u00fcr diejenigen, die Empfehlungen f\u00fcr W\u00e4hler schreiben<\/span><\/h2>\n\t<div id=\"gap-1832337681\" class=\"gap-element clearfix\" style=\"display:block; height:auto;\">\n\t\t\n<style>\n#gap-1832337681 {\n  padding-top: 30px;\n}\n<\/style>\n\t<\/div>\n\t\n\n\t<div id=\"text-336636274\" class=\"text\">\n\t\t\n\n<h2><strong><span style=\"color: #8d7824;\">F\u00fcr Minister, Mitglieder des Khalsa Council und ATA Professional und Lead Trainer:<\/span><\/strong><\/h2>\n<p>W\u00e4hrend des Wahlvorgangs werden Sie m\u00f6glicherweise gebeten, Empfehlungen von Gemeindemitgliedern abzugeben, die daran interessiert sind, sich der W\u00e4hlerschaft anzuschlie\u00dfen und W\u00e4hler zu werden. \u00dcberpr\u00fcfen Sie dazu bitte Folgendes, bevor Sie die Online-Empfehlung ausf\u00fcllen:<\/p>\n<ol>\n<li>Bitte \u00fcberpr\u00fcfen Sie die Kandidatenanforderungen. Wenn der potenzielle W\u00e4hler die Anforderungen erf\u00fcllt, k\u00f6nnen Sie ein Empfehlungsschreiben schreiben.<\/li>\n<li>Sie k\u00f6nnen Empfehlungsschreiben nur verfassen, wenn Sie einer der folgenden Personen sind: ein Minister in Good Standing und ein Mitglied des Active Khalsa Council oder ein Active Lead\/Professional Lead Trainer in der ATA Academy. Wenn Sie sich bez\u00fcglich Ihres Status in den oben genannten Kategorien nicht sicher sind, wenden Sie sich bitte an die Tochterorganisation. <\/li>\n<li>Sie d\u00fcrfen KEINE Empfehlung schreiben, wenn Sie ein Familienmitglied der sich bewerbenden Person sind. <\/li>\n<li><span style=\"color: #2a2a2a;\">Kandidaten f\u00fcr das SSSC k\u00f6nnen keine Empfehlungsschreiben f\u00fcr Personen verfassen, die sich um die Aufnahme in die W\u00e4hlerschaft bewerben. Wenn ein Empfehlender nach dem Verfassen eines Empfehlungsschreibens zum Kandidaten wird, wird die Person, die sich um die Aufnahme in die W\u00e4hlerschaft bewirbt, gebeten, ein zus\u00e4tzliches Schreiben einzureichen.<\/span><\/li>\n<li> Wir werden KEINE schriftlichen Briefe\/PDFs als Empfehlung akzeptieren. Es werden nur ONLINE-Empfehlungen ber\u00fccksichtigt. <\/li>\n<li>Sie k\u00f6nnen dieses Formular f\u00fcr m\u00f6glichst viele potenzielle W\u00e4hler ausf\u00fcllen. <\/li>\n<\/ol>\n<p><span style=\"color: #e14d43;\"><strong>Hinweis an potenzielle  <\/strong><strong>Empfehlungsgeber: Um einen potenziellen W\u00e4hler im Rahmen dieses Antragsverfahrens empfehlen zu k\u00f6nnen, m\u00fcssen Sie als unbescholtener W\u00e4hler ausgewiesen sein. Bitte wenden Sie sich an die entsprechenden Stellen, um zu best\u00e4tigen, dass Sie einen guten Ruf haben, bevor Sie eine Empfehlung schreiben. Der letzte Tag, an dem man einen potenziellen W\u00e4hler empfehlen kann, ist der <em style=\"text-decoration:underline\">13. September 2022, 20 Uhr EST<\/em>.  <\/strong><\/span><\/p>\n\t\t\n<style>\n#text-336636274 {\n  text-align: left;\n}\n<\/style>\n\t<\/div>\n\t\n<div class=\"row\"  id=\"row-268748387\">\n\n\n\t<div id=\"col-40202754\" class=\"col small-12 large-12\"  >\n\t\t\t\t<div class=\"col-inner\"  >\n\t\t\t\n\t\t\t\n\n\n\n<script>(function(t,e,s,n){var o,a,c;t.SMCX=t.SMCX||[],e.getElementById(n)||(o=e.getElementsByTagName(s),a=o[o.length-1],c=e.createElement(s),c.type=\"text\/javascript\",c.async=!0,c.id=n,c.src=\"https:\/\/widget.surveymonkey.com\/collect\/website\/js\/tRaiETqnLgj758hTBazgd1YkBlJMi2KW7b_2BiLPJX42My3wdyZqiA2ZcG4uSxdnkB.js\",a.parentNode.insertBefore(c,a))})(window,document,\"script\",\"smcx-sdk\");<\/script>\n\n\n\t\t<\/div>\n\t\t\t\t\t<\/div>\n\n\t\n\n<\/div>\n\n\t\t<\/div>\n\t\t\t\t\t<\/div>\n\n\t\n\n<\/div>\n\n\t\t<\/div>\n\n\t\t\n<style>\n#section_608706365 {\n  padding-top: 30px;\n  padding-bottom: 30px;\n}\n#section_608706365 .ux-shape-divider--top svg {\n  height: 150px;\n  --divider-top-width: 100%;\n}\n#section_608706365 .ux-shape-divider--bottom svg {\n  height: 150px;\n  --divider-width: 100%;\n}\n<\/style>\n\t<\/section>\n\t\n\n","protected":false},"excerpt":{"rendered":"","protected":false},"author":1,"featured_media":0,"parent":2478,"menu_order":0,"comment_status":"closed","ping_status":"closed","template":"page-blank.php","meta":{"iawp_total_views":3,"footnotes":""},"class_list":["post-2511","page","type-page","status-publish","hentry"],"_links":{"self":[{"href":"https:\/\/ssscorp.org\/de\/wp-json\/wp\/v2\/pages\/2511","targetHints":{"allow":["GET"]}}],"collection":[{"href":"https:\/\/ssscorp.org\/de\/wp-json\/wp\/v2\/pages"}],"about":[{"href":"https:\/\/ssscorp.org\/de\/wp-json\/wp\/v2\/types\/page"}],"author":[{"embeddable":true,"href":"https:\/\/ssscorp.org\/de\/wp-json\/wp\/v2\/users\/1"}],"replies":[{"embeddable":true,"href":"https:\/\/ssscorp.org\/de\/wp-json\/wp\/v2\/comments?post=2511"}],"version-history":[{"count":3,"href":"https:\/\/ssscorp.org\/de\/wp-json\/wp\/v2\/pages\/2511\/revisions"}],"predecessor-version":[{"id":3053,"href":"https:\/\/ssscorp.org\/de\/wp-json\/wp\/v2\/pages\/2511\/revisions\/3053"}],"up":[{"embeddable":true,"href":"https:\/\/ssscorp.org\/de\/wp-json\/wp\/v2\/pages\/2478"}],"wp:attachment":[{"href":"https:\/\/ssscorp.org\/de\/wp-json\/wp\/v2\/media?parent=2511"}],"curies":[{"name":"wp","href":"https:\/\/api.w.org\/{rel}","templated":true}]}}