{"id":2464,"date":"2022-09-02T15:25:35","date_gmt":"2022-09-02T15:25:35","guid":{"rendered":"https:\/\/ssscorp.org\/wahlberechtigung-erneuern\/"},"modified":"2022-12-16T19:37:21","modified_gmt":"2022-12-16T19:37:21","slug":"wahlberechtigung-erneuern","status":"publish","type":"page","link":"https:\/\/ssscorp.org\/de\/sssc-wahl\/waehler\/wahlberechtigung-erneuern\/","title":{"rendered":"Wahlberechtigung erneuern"},"content":{"rendered":"\n\t<section class=\"section\" id=\"section_1964065378\">\n\t\t<div class=\"bg section-bg fill bg-fill  bg-loaded\" >\n\n\t\t\t\n\t\t\t\n\t\t\t\n\n\t\t<\/div>\n\n\t\t\n\n\t\t<div class=\"section-content relative\">\n\t\t\t\n\n<div class=\"row align-center\"  id=\"row-1921720188\">\n\n\n\t<div id=\"col-720920021\" class=\"col small-12 large-12\"  >\n\t\t\t\t<div class=\"col-inner text-left\"  >\n\t\t\t\n\t\t\t\n\n<h2 id=\"503784193199685412\" class=\"element wsite-content-title editable-text cke_editable cke_editable_inline cke_contents_ltr cke_show_borders cke_focus\" style=\"text-align: center;\" tabindex=\"0\" role=\"textbox\" contenteditable=\"true\" spellcheck=\"true\" aria-label=\"false\"><span style=\"color: #8d7824; font-size: 150%;\">2022 W\u00e4hlererneuerungsprozess<\/span><br><span style=\"font-size: xx-large; color: #333333;\">f\u00fcr RETURNING Voters<\/span><\/h2>\n\t<div id=\"gap-1089055213\" class=\"gap-element clearfix\" style=\"display:block; height:auto;\">\n\t\t\n<style>\n#gap-1089055213 {\n  padding-top: 30px;\n}\n<\/style>\n\t<\/div>\n\t\n\n\t<div id=\"text-2351269582\" class=\"text\">\n\t\t\n\n<h2><strong><span style=\"color: #8d7824;\">F\u00fcr wiederkehrende W\u00e4hler:<\/span><\/strong><\/h2>\n<p>Wenn Sie zuvor als Teil des SSSC-W\u00e4hlerpools zugelassen wurden, sind Sie berechtigt, Ihre Anmeldeinformationen zu erneuern. <br>Beachten Sie, dass Sie sich f\u00fcr den n\u00e4chsten Wahlzyklus als neuer W\u00e4hler erneut bewerben m\u00fcssen, wenn Sie diesen Wahlgang nicht erneuern. Wenn Sie Ihre W\u00e4hlerausweise best\u00e4tigen, k\u00f6nnen Sie sie im n\u00e4chsten Wahlzyklus erneuern, ohne sich erneut bewerben zu m\u00fcssen. <br><br>Wenn Sie zuvor noch nicht als W\u00e4hler zugelassen waren, gehen Sie bitte zur <a href=\"https:\/\/ssscorp.org\/de\/sssc-wahl\/waehler\/neue-waehler\/\">Seite f\u00fcr neue W\u00e4hlerantr\u00e4ge.<\/a><br><br><strong>Die Frist f\u00fcr die Erneuerung Ihres W\u00e4hlerausweises endet am 8. Oktober 2022 um 20 Uhr MESZ.<\/strong><\/p>\n\t\t\n<style>\n#text-2351269582 {\n  text-align: left;\n}\n<\/style>\n\t<\/div>\n\t\n<div class=\"row\"  id=\"row-1397179336\">\n\n\n\t<div id=\"col-1121833929\" class=\"col small-12 large-12\"  >\n\t\t\t\t<div class=\"col-inner\"  >\n\t\t\t\n\t\t\t\n\n\n\n<script>(function(t,e,s,n){var o,a,c;t.SMCX=t.SMCX||[],e.getElementById(n)||(o=e.getElementsByTagName(s),a=o[o.length-1],c=e.createElement(s),c.type=\"text\/javascript\",c.async=!0,c.id=n,c.src=\"https:\/\/widget.surveymonkey.com\/collect\/website\/js\/tRaiETqnLgj758hTBazgd1YkBlJMi2KW7b_2BiLPJX42O1oGrZ8J5LscyG41ViGgmo.js\",a.parentNode.insertBefore(c,a))})(window,document,\"script\",\"smcx-sdk\");<\/script>\n\n\n\t\t<\/div>\n\t\t\t\t\t<\/div>\n\n\t\n\n<\/div>\n\n\t\t<\/div>\n\t\t\t\t\t<\/div>\n\n\t\n\n<\/div>\n\n\t\t<\/div>\n\n\t\t\n<style>\n#section_1964065378 {\n  padding-top: 30px;\n  padding-bottom: 30px;\n}\n#section_1964065378 .ux-shape-divider--top svg {\n  height: 150px;\n  --divider-top-width: 100%;\n}\n#section_1964065378 .ux-shape-divider--bottom svg {\n  height: 150px;\n  --divider-width: 100%;\n}\n<\/style>\n\t<\/section>\n\t\n\n","protected":false},"excerpt":{"rendered":"","protected":false},"author":1,"featured_media":0,"parent":2478,"menu_order":0,"comment_status":"closed","ping_status":"closed","template":"page-blank.php","meta":{"iawp_total_views":1,"footnotes":""},"class_list":["post-2464","page","type-page","status-publish","hentry"],"_links":{"self":[{"href":"https:\/\/ssscorp.org\/de\/wp-json\/wp\/v2\/pages\/2464","targetHints":{"allow":["GET"]}}],"collection":[{"href":"https:\/\/ssscorp.org\/de\/wp-json\/wp\/v2\/pages"}],"about":[{"href":"https:\/\/ssscorp.org\/de\/wp-json\/wp\/v2\/types\/page"}],"author":[{"embeddable":true,"href":"https:\/\/ssscorp.org\/de\/wp-json\/wp\/v2\/users\/1"}],"replies":[{"embeddable":true,"href":"https:\/\/ssscorp.org\/de\/wp-json\/wp\/v2\/comments?post=2464"}],"version-history":[{"count":2,"href":"https:\/\/ssscorp.org\/de\/wp-json\/wp\/v2\/pages\/2464\/revisions"}],"predecessor-version":[{"id":4325,"href":"https:\/\/ssscorp.org\/de\/wp-json\/wp\/v2\/pages\/2464\/revisions\/4325"}],"up":[{"embeddable":true,"href":"https:\/\/ssscorp.org\/de\/wp-json\/wp\/v2\/pages\/2478"}],"wp:attachment":[{"href":"https:\/\/ssscorp.org\/de\/wp-json\/wp\/v2\/media?parent=2464"}],"curies":[{"name":"wp","href":"https:\/\/api.w.org\/{rel}","templated":true}]}}