{"id":2432,"date":"2022-09-02T15:24:06","date_gmt":"2022-09-02T15:24:06","guid":{"rendered":"https:\/\/ssscorp.org\/sonderwahlen-2020-zur-siri-singh-sahib-corporation\/"},"modified":"2025-03-09T22:13:11","modified_gmt":"2025-03-09T22:13:11","slug":"sonderwahlen-2020-zur-siri-singh-sahib-corporation","status":"publish","type":"page","link":"https:\/\/ssscorp.org\/de\/sonderwahlen-2020-zur-siri-singh-sahib-corporation\/","title":{"rendered":"Sonderwahlen 2020 zur Siri Singh Sahib Corporation"},"content":{"rendered":"\n\n  <div class=\"banner has-hover has-parallax\" id=\"banner-803848352\">\n          <div class=\"banner-inner fill\">\n        <div class=\"banner-bg fill\" data-parallax=\"-3\" data-parallax-container=\".banner\" data-parallax-background>\n            <div class=\"bg fill bg-fill \"><\/div>\n                        <div class=\"overlay\"><\/div>            \n                    <\/div>\n\t\t\n        <div class=\"banner-layers container\">\n            <div class=\"fill banner-link\"><\/div>            \n\n   <div id=\"text-box-711486003\" class=\"text-box banner-layer x50 md-x50 lg-x50 y50 md-y50 lg-y50 res-text\">\n                                <div class=\"text-box-content text dark\">\n              \n              <div class=\"text-inner text-center\">\n                  \n\n<h3 class=\"uppercase\"><strong>Sonderwahlen 2020 zur Siri Singh Sahib Corporation<\/strong><\/h3>\n<p>Seva, ein Dienst des Gebens ohne an das Ergebnis zu denken, ist eine sehr einfache Sache. Es macht Sie zu einer F\u00fchrungspers\u00f6nlichkeit, ob Sie es sind oder nicht &#8211; ob Sie es verdienen oder nicht. Und es bringt Ihnen M\u00f6glichkeiten, Wohlstand und alle G\u00fcter und Gott und die Vorz\u00fcge des Universums.<br>Yogi Bhajan 4\/20\/89<\/p>\n\n              <\/div>\n           <\/div>\n                            \n<style>\n#text-box-711486003 {\n  width: 97%;\n}\n#text-box-711486003 .text-box-content {\n  font-size: 100%;\n}\n<\/style>\n    <\/div>\n \n\n        <\/div>\n      <\/div>\n\n            \n<style>\n#banner-803848352 {\n  padding-top: 300px;\n}\n#banner-803848352 .bg.bg-loaded {\n  background-image: url(https:\/\/ssscorp.org\/wp-content\/uploads\/2022\/09\/Untitled-design-3-scaled-1.jpeg);\n}\n#banner-803848352 .overlay {\n  background-color: rgba(17, 33, 82, 0.855);\n}\n#banner-803848352 .ux-shape-divider--top svg {\n  height: 150px;\n  --divider-top-width: 100%;\n}\n#banner-803848352 .ux-shape-divider--bottom svg {\n  height: 150px;\n  --divider-width: 100%;\n}\n<\/style>\n  <\/div>\n\n\n\t<section class=\"section\" id=\"section_1568525600\">\n\t\t<div class=\"bg section-bg fill bg-fill  bg-loaded\" >\n\n\t\t\t\n\t\t\t\n\t\t\t\n\n\t\t<\/div>\n\n\t\t\n\n\t\t<div class=\"section-content relative\">\n\t\t\t\n\n<div class=\"row\"  id=\"row-427152695\">\n\n\n\t<div id=\"col-1504530559\" class=\"col small-12 large-12\"  >\n\t\t\t\t<div class=\"col-inner\"  >\n\t\t\t\n\t\t\t\n\n\t<div class=\"img has-hover x md-x lg-x y md-y lg-y\" id=\"image_1351685807\">\n\t\t\t\t\t\t\t\t<div class=\"img-inner dark\" >\n\t\t\t<img fetchpriority=\"high\" decoding=\"async\" width=\"1020\" height=\"376\" src=\"https:\/\/ssscorp.org\/wp-content\/uploads\/2022\/10\/sssc-election-timlines-3_orig-1024x377.jpg\" class=\"attachment-large size-large\" alt=\"\" srcset=\"https:\/\/ssscorp.org\/wp-content\/uploads\/2022\/10\/sssc-election-timlines-3_orig-1024x377.jpg 1024w, https:\/\/ssscorp.org\/wp-content\/uploads\/2022\/10\/sssc-election-timlines-3_orig-300x110.jpg 300w, https:\/\/ssscorp.org\/wp-content\/uploads\/2022\/10\/sssc-election-timlines-3_orig-768x283.jpg 768w, https:\/\/ssscorp.org\/wp-content\/uploads\/2022\/10\/sssc-election-timlines-3_orig-1536x566.jpg 1536w, https:\/\/ssscorp.org\/wp-content\/uploads\/2022\/10\/sssc-election-timlines-3_orig.jpg 1920w\" sizes=\"(max-width: 1020px) 100vw, 1020px\" \/>\t\t\t\t\t\t\n\t\t\t\t\t<\/div>\n\t\t\t\t\t\t\t\t\n<style>\n#image_1351685807 {\n  width: 100%;\n}\n<\/style>\n\t<\/div>\n\t\n\n<h3>Ergebnisse der Sonderwahlen 2020<\/h3>\n<p>Laden Sie die offiziellen Ergebnisse herunter, indem Sie <a href=\"https:\/\/ssscorp.org\/wp-content\/uploads\/2022\/10\/2020_sssc_special_trustees_election_final_certified_election_results.pdf\" target=\"_blank\" rel=\"noopener\" data-cke-saved-href=\"http:\/\/weebly-file\/1\/0\/7\/2\/107246343\/2020_sssc_special_trustees_election_final_certified_election_results.pdf\">hier klicken .<\/a><\/p>\n\t<div class=\"img has-hover x md-x lg-x y md-y lg-y\" id=\"image_96751157\">\n\t\t\t\t\t\t\t\t<div class=\"img-inner dark\" >\n\t\t\t<img decoding=\"async\" width=\"1020\" height=\"354\" src=\"https:\/\/ssscorp.org\/wp-content\/uploads\/2022\/10\/sssc-special-1024x355.jpg\" class=\"attachment-large size-large\" alt=\"\" srcset=\"https:\/\/ssscorp.org\/wp-content\/uploads\/2022\/10\/sssc-special-1024x355.jpg 1024w, https:\/\/ssscorp.org\/wp-content\/uploads\/2022\/10\/sssc-special-300x104.jpg 300w, https:\/\/ssscorp.org\/wp-content\/uploads\/2022\/10\/sssc-special-768x266.jpg 768w, https:\/\/ssscorp.org\/wp-content\/uploads\/2022\/10\/sssc-special.jpg 1120w\" sizes=\"(max-width: 1020px) 100vw, 1020px\" \/>\t\t\t\t\t\t\n\t\t\t\t\t<\/div>\n\t\t\t\t\t\t\t\t\n<style>\n#image_96751157 {\n  width: 100%;\n}\n<\/style>\n\t<\/div>\n\t\n\n<h3>Wahldetails<\/h3>\n<p>Die Satzung des SSSC sieht vor, dass sich der Vorstand aus 15 gew\u00e4hlten Treuh\u00e4ndern zusammensetzt. K\u00fcrzlich gab es vier R\u00fccktritte aus dem Vorstand \u2013 MJ Amrit Singh Khalsa, SS Guru Amrit Singh Khalsa, MSS Krishna Kaur Khalsa und SS Guru Darbar Singh Khalsa. Zwei der offenen Stellen wurden von Kandidaten besetzt, die bei den vorherigen Wahlen kandidierten, SS Gurumeet Kaur Khalsa und SS Sirivishnu Singh Khalsa. Aus dieser Wahl blieben jedoch nicht gen\u00fcgend Kandidaten \u00fcbrig, um den endg\u00fcltigen Sitz zu besetzen. Da es zwei freie Stellen im Vorstand gibt, die nicht durch unser normales Verfahren besetzt werden k\u00f6nnen, f\u00fchrt der SSSC eine Sonderwahl durch, um die beiden freien Sitze zu besetzen.\u200b<br><br>Die beiden Vorstandsmitglieder, die zur\u00fcckgetreten sind und diese Stellen geschaffen haben, wurden im September 2017 gew\u00e4hlt, sodass die beiden derzeit zu besetzenden Sitze im September 2022 auslaufen.<\/p>\n<h3>Kalender der Sonderwahlen 2020 Detail<\/h3>\n<p><strong>1. Nominierung: 1. Oktober &#8211; 15. Oktober 2020<\/strong><\/p>\n<ul>\n<li>Mitglieder des Sangat nominieren Kandidaten durch eine elektronische Umfrage. Teilnehmen k\u00f6nnen alle Sangat-Mitglieder. <\/li>\n<\/ul>\n<p><br><strong>2. \u00dcberpr\u00fcfung: 21. &#8211; 31. Oktober 2020<\/strong><\/p>\n<ul>\n<li> Das Office of Dharmic Counsel pr\u00fcft die Kandidaten gem\u00e4\u00df Abschnitt 2.6 der Statuten, um die Eignung festzustellen. <\/li>\n<li> Das B\u00fcro des Religionsministers wird eine Liste der Minister bereitstellen, die sich qualifiziert haben, bei den bevorstehenden Wahlen wahlberechtigt zu sein. <\/li>\n<\/ul>\n<p><strong> <\/strong><br><strong>3. Bekanntgabe der Kandidaten: 2. November 2020<\/strong><\/p>\n<ul>\n<li> Der W\u00e4hlerschaft wird eine E-Mail zugesandt, in der die Namen der berechtigten Kandidaten bekannt gegeben werden.<\/li>\n<\/ul>\n<p><strong> <\/strong><br><strong>4. Einreichung von Kandidatenstatements: 2. bis 7. November 2020<\/strong><\/p>\n<ul>\n<li>Geeignete Kandidaten erhalten einen Fragebogen, in dem relevante biografische Informationen angefordert werden. Der Fragebogen muss die Einreichungsfrist und die Kriterien f\u00fcr die Disqualifikation enthalten, wie in Phase 5 dieses Zeitplans angegeben. <\/li>\n<li>Jeder berechtigte Kandidat muss eine Antwort auf den Fragebogen einreichen.<\/li>\n<li>Bewerber, die fristgerecht keine Antwort einreichen, werden disqualifiziert.<\/li>\n<\/ul>\n<p><strong> <\/strong><br><strong>5. \u00dcberpr\u00fcfung der Kandidatenaussagen: 8. bis 15. November 2020<\/strong><\/p>\n<ul>\n<li>Diese Phase kann gleichzeitig mit den Phasen 4 und 6 ablaufen.<\/li>\n<li>Das B\u00fcro des Dharmarates und der Wahlausschuss pr\u00fcfen alle Kandidatenaussagen.<\/li>\n<\/ul>\n<ul>\n<li>Kandidaten, deren \u00c4u\u00dferungen unangemessenen Inhalt aufweisen, k\u00f6nnen sp\u00e4testens drei (3) Tage vor Beginn der Abstimmung eine \u00fcberarbeitete \u00c4u\u00dferung einreichen. Kandidaten, die bis zu diesem Termin keine entsprechende \u00fcberarbeitete Erkl\u00e4rung eingereicht haben, werden disqualifiziert. <\/li>\n<\/ul>\n<p><br><strong>6. Ver\u00f6ffentlichung von Kandidatenstatements: 16. November 2020<\/strong><\/p>\n<ul>\n<li>Diese Phase kann gleichzeitig mit den Phasen 4 und 5 ablaufen.<\/li>\n<li>Sobald alle entsprechenden Erkl\u00e4rungen ver\u00f6ffentlicht wurden, wird die Website aktiviert und eine Benachrichtigung an die W\u00e4hlerschaft gesendet. <\/li>\n<\/ul>\n<p><br><strong>7. Abstimmung: 4. bis 13. Dezember 2020<\/strong><\/p>\n<ul>\n<li>Die Abstimmung findet online \u00fcber einen sicheren Wahldienst statt.<\/li>\n<li>Jeder W\u00e4hler erh\u00e4lt eine eindeutige Legitimation, damit er genau einen Stimmzettel ausf\u00fcllen kann.<\/li>\n<li>Jeder W\u00e4hler kann eine Anzahl von Stimmen abgeben, die gleich oder kleiner ist als die Anzahl der zu w\u00e4hlenden Sitze. <\/li>\n<li> Jedem W\u00e4hler ist es untersagt, mehr als einmal f\u00fcr einen Kandidaten zu stimmen. <strong> <\/strong><\/li>\n<\/ul>\n<p><br><strong>8. Tally und Benachrichtigung: 14. Dezember 2020<\/strong><\/p>\n<ul>\n<li>Die Stimmenausz\u00e4hlung erfolgt elektronisch nach Beendigung der Abstimmung.<\/li>\n<li>Der Kandidat, der die meisten Stimmen erh\u00e4lt, erh\u00e4lt den Sitz. <\/li>\n<li>Bei Stimmengleichheit um den Sitz werden die verbleibenden freien Sitze in einer Stichwahl zwischen den Kandidaten mit Gleichstand bestritten, wenn es mehr Kandidaten gibt als Sitze frei sind. <\/li>\n<li>Die Benachrichtigung \u00fcber die Wahlergebnisse muss den Gewinner und die Ergebnisse f\u00fcr jeden Kandidaten enthalten.<\/li>\n<\/ul>\n<p><br><strong> 9<strong>. Schulung f\u00fcr neue Vorstandsmitglieder<\/strong><\/strong><\/p>\n<ul>\n<li>Neue Vorstandsmitglieder absolvieren eine zweiw\u00f6chige Schulung, bevor sie offiziell Mitglied des Vorstands werden.<\/li>\n<\/ul>\n<p><br><strong>10. Amtsantritt: 16. Januar 2021<\/strong><\/p>\n<ul>\n<li>Der Gewinner der Wahl tritt sein Amt vor den pers\u00f6nlichen Treffen im Januar an. <\/li>\n<\/ul>\n<div class=\"is-divider divider clearfix\" style=\"max-width:100%;\"><\/div>\n\n<div class=\"row\"  id=\"row-1389936406\">\n\n\n\t<div id=\"col-875923956\" class=\"col medium-6 small-12 large-6\"  >\n\t\t\t\t<div class=\"col-inner\"  >\n\t\t\t\n\t\t\t\n\n<h3>W\u00e4hlerschaft<\/h3>\n<p>Das Verfahren f\u00fcr die Wahlen 2020 ist abgeschlossen.  <\/p>\n\n\t\t<\/div>\n\t\t\t\t\t<\/div>\n\n\t\n\n\t<div id=\"col-843408534\" class=\"col medium-6 small-12 large-6\"  >\n\t\t\t\t<div class=\"col-inner\"  >\n\t\t\t\n\t\t\t\n\n<h3>Nominierungen<\/h3>\n<p>Das Nominierungsverfahren f\u00fcr 2020 ist abgeschlossen.<\/p>\n\n\n\t\t<\/div>\n\t\t\t\t\t<\/div>\n\n\t\n\n<\/div>\n\n\t\t<\/div>\n\t\t\t\t\t<\/div>\n\n\t\n\n<\/div>\n\n\t\t<\/div>\n\n\t\t\n<style>\n#section_1568525600 {\n  padding-top: 30px;\n  padding-bottom: 30px;\n}\n#section_1568525600 .ux-shape-divider--top svg {\n  height: 150px;\n  --divider-top-width: 100%;\n}\n#section_1568525600 .ux-shape-divider--bottom svg {\n  height: 150px;\n  --divider-width: 100%;\n}\n<\/style>\n\t<\/section>\n\t\n\n  <div class=\"banner has-hover\" id=\"banner-393029735\">\n          <div class=\"banner-inner fill\">\n        <div class=\"banner-bg fill\" >\n            <div class=\"bg fill bg-fill \"><\/div>\n                                    \n                    <\/div>\n\t\t\n        <div class=\"banner-layers container\">\n            <div class=\"fill banner-link\"><\/div>            \n\n   <div id=\"text-box-1060281136\" class=\"text-box banner-layer x50 md-x50 lg-x50 y50 md-y50 lg-y50 res-text\">\n                                <div class=\"text-box-content text dark\">\n              \n              <div class=\"text-inner text-center\">\n                  \n\n<p><span style=\"font-size: large;\">W\u00e4hlen Sie, wen Sie wollen, aber Sie m\u00fcssen w\u00e4hlen. Ich denke, jeder, der sich nicht als W\u00e4hler eingetragen hat, hat eine nationale Trag\u00f6die angerichtet. Was ist das f\u00fcr eine Demokratie, in der niemand w\u00e4hlen will? W\u00e4hlen Sie richtig oder falsch, aber Sie m\u00fcssen w\u00e4hlen, das ist Demokratie. Und was ist eine Demokratie, in der nur die H\u00e4lfte des Volkes abstimmt, was ist das f\u00fcr eine Demokratie?<\/span><br><span style=\"font-size: small;\">Yogi Bhajan 10\/13\/88<\/span><\/p>\n\n              <\/div>\n           <\/div>\n                            \n<style>\n#text-box-1060281136 {\n  width: 100%;\n}\n#text-box-1060281136 .text-box-content {\n  font-size: 100%;\n}\n<\/style>\n    <\/div>\n \n\n        <\/div>\n      <\/div>\n\n            \n<style>\n#banner-393029735 {\n  padding-top: 220px;\n  background-color: rgb(52, 61, 81);\n}\n#banner-393029735 .ux-shape-divider--top svg {\n  height: 150px;\n  --divider-top-width: 100%;\n}\n#banner-393029735 .ux-shape-divider--bottom svg {\n  height: 150px;\n  --divider-width: 100%;\n}\n<\/style>\n  <\/div>\n\n\n\n","protected":false},"excerpt":{"rendered":"","protected":false},"author":1,"featured_media":0,"parent":0,"menu_order":0,"comment_status":"closed","ping_status":"closed","template":"page-blank.php","meta":{"iawp_total_views":4,"footnotes":""},"class_list":["post-2432","page","type-page","status-publish","hentry"],"_links":{"self":[{"href":"https:\/\/ssscorp.org\/de\/wp-json\/wp\/v2\/pages\/2432","targetHints":{"allow":["GET"]}}],"collection":[{"href":"https:\/\/ssscorp.org\/de\/wp-json\/wp\/v2\/pages"}],"about":[{"href":"https:\/\/ssscorp.org\/de\/wp-json\/wp\/v2\/types\/page"}],"author":[{"embeddable":true,"href":"https:\/\/ssscorp.org\/de\/wp-json\/wp\/v2\/users\/1"}],"replies":[{"embeddable":true,"href":"https:\/\/ssscorp.org\/de\/wp-json\/wp\/v2\/comments?post=2432"}],"version-history":[{"count":5,"href":"https:\/\/ssscorp.org\/de\/wp-json\/wp\/v2\/pages\/2432\/revisions"}],"predecessor-version":[{"id":12818,"href":"https:\/\/ssscorp.org\/de\/wp-json\/wp\/v2\/pages\/2432\/revisions\/12818"}],"wp:attachment":[{"href":"https:\/\/ssscorp.org\/de\/wp-json\/wp\/v2\/media?parent=2432"}],"curies":[{"name":"wp","href":"https:\/\/api.w.org\/{rel}","templated":true}]}}