{"id":2405,"date":"2022-09-02T15:24:03","date_gmt":"2022-09-02T15:24:03","guid":{"rendered":"https:\/\/ssscorp.org\/wahlen-zur-siri-singh-sahib-corporation-2020\/"},"modified":"2022-10-23T00:58:15","modified_gmt":"2022-10-23T00:58:15","slug":"wahlen-zur-siri-singh-sahib-corporation-2020","status":"publish","type":"page","link":"https:\/\/ssscorp.org\/de\/wahlen-zur-siri-singh-sahib-corporation-2020\/","title":{"rendered":"Wahlen zur Siri Singh Sahib Corporation 2020"},"content":{"rendered":"\n\n  <div class=\"banner has-hover has-parallax\" id=\"banner-1705641914\">\n          <div class=\"banner-inner fill\">\n        <div class=\"banner-bg fill\" data-parallax=\"-3\" data-parallax-container=\".banner\" data-parallax-background>\n            <div class=\"bg fill bg-fill \"><\/div>\n                        <div class=\"overlay\"><\/div>            \n                    <\/div>\n\t\t\n        <div class=\"banner-layers container\">\n            <div class=\"fill banner-link\"><\/div>            \n\n   <div id=\"text-box-1539800426\" class=\"text-box banner-layer x50 md-x50 lg-x50 y50 md-y50 lg-y50 res-text\">\n                                <div class=\"text-box-content text dark\">\n              \n              <div class=\"text-inner text-center\">\n                  \n\n<h3 class=\"uppercase\"><strong>Wahlen zur Siri Singh Sahib Corporation 2020<\/strong><\/h3>\n<p>Seva, ein Dienst des Gebens ohne an das Ergebnis zu denken, ist eine sehr einfache Sache. Es macht Sie zu einer F\u00fchrungspers\u00f6nlichkeit, ob Sie es sind oder nicht &#8211; ob Sie es verdienen oder nicht. Und es bringt Ihnen Chancen, Wohlstand und alle G\u00fcter, Gott und die G\u00fcter des Universums.<br>Yogi Bhajan 4\/20\/89<\/p>\n\n              <\/div>\n           <\/div>\n                            \n<style>\n#text-box-1539800426 {\n  width: 99%;\n}\n#text-box-1539800426 .text-box-content {\n  font-size: 100%;\n}\n<\/style>\n    <\/div>\n \n\n        <\/div>\n      <\/div>\n\n            \n<style>\n#banner-1705641914 {\n  padding-top: 300px;\n}\n#banner-1705641914 .bg.bg-loaded {\n  background-image: url(https:\/\/ssscorp.org\/wp-content\/uploads\/2022\/09\/Untitled-design-3-scaled-1.jpeg);\n}\n#banner-1705641914 .overlay {\n  background-color: rgba(17, 33, 82, 0.855);\n}\n#banner-1705641914 .ux-shape-divider--top svg {\n  height: 150px;\n  --divider-top-width: 100%;\n}\n#banner-1705641914 .ux-shape-divider--bottom svg {\n  height: 150px;\n  --divider-width: 100%;\n}\n<\/style>\n  <\/div>\n\n\n\t<section class=\"section\" id=\"section_734509774\">\n\t\t<div class=\"bg section-bg fill bg-fill  bg-loaded\" >\n\n\t\t\t\n\t\t\t\n\t\t\t\n\n\t\t<\/div>\n\n\t\t\n\n\t\t<div class=\"section-content relative\">\n\t\t\t\n\n<div class=\"row\"  id=\"row-1832299735\">\n\n\n\t<div id=\"col-894611408\" class=\"col small-12 large-12\"  >\n\t\t\t\t<div class=\"col-inner\"  >\n\t\t\t\n\t\t\t\n\n\t<div class=\"img has-hover x md-x lg-x y md-y lg-y\" id=\"image_1983640346\">\n\t\t\t\t\t\t\t\t<div class=\"img-inner dark\" >\n\t\t\t<img fetchpriority=\"high\" decoding=\"async\" width=\"1020\" height=\"410\" src=\"https:\/\/ssscorp.org\/wp-content\/uploads\/2022\/10\/2020-sssc-election-infograph-most-current_orig-1024x412.jpg\" class=\"attachment-large size-large\" alt=\"\" srcset=\"https:\/\/ssscorp.org\/wp-content\/uploads\/2022\/10\/2020-sssc-election-infograph-most-current_orig-1024x412.jpg 1024w, https:\/\/ssscorp.org\/wp-content\/uploads\/2022\/10\/2020-sssc-election-infograph-most-current_orig-300x121.jpg 300w, https:\/\/ssscorp.org\/wp-content\/uploads\/2022\/10\/2020-sssc-election-infograph-most-current_orig-768x309.jpg 768w, https:\/\/ssscorp.org\/wp-content\/uploads\/2022\/10\/2020-sssc-election-infograph-most-current_orig.jpg 1456w\" sizes=\"(max-width: 1020px) 100vw, 1020px\" \/>\t\t\t\t\t\t\n\t\t\t\t\t<\/div>\n\t\t\t\t\t\t\t\t\n<style>\n#image_1983640346 {\n  width: 100%;\n}\n<\/style>\n\t<\/div>\n\t\n\n<h2 id=\"869772807653871632\" class=\"element wsite-content-title editable-text cke_editable cke_editable_inline cke_contents_ltr cke_show_borders cke_focus\" tabindex=\"0\" role=\"textbox\" contenteditable=\"true\" spellcheck=\"true\" aria-label=\"false\"><span style=\"color: #8d7824; font-size: xx-large;\">Wahlergebnisse 2020<\/span><\/h2>\n<p>Laden Sie die offiziellen Ergebnisse herunter, indem Sie <a href=\"https:\/\/ssscorp.org\/wp-content\/uploads\/2022\/10\/siri_singh_sahib_corporation_trustees_election_certification_letter_2020-03-30-1245.pdf\" target=\"_blank\" rel=\"noopener\" data-cke-saved-href=\"http:\/\/weebly-file\/1\/0\/7\/2\/107246343\/siri_singh_sahib_corporation_trustees_election_certification_letter_2020-03-30-1245.pdf\">hier<\/a> klicken.<\/p>\n\t<div class=\"img has-hover x md-x lg-x y md-y lg-y\" id=\"image_1291796737\">\n\t\t\t\t\t\t\t\t<div class=\"img-inner dark\" >\n\t\t\t<img decoding=\"async\" width=\"1020\" height=\"633\" src=\"https:\/\/ssscorp.org\/wp-content\/uploads\/2022\/10\/table-2020-elections-1024x635.jpg\" class=\"attachment-large size-large\" alt=\"\" srcset=\"https:\/\/ssscorp.org\/wp-content\/uploads\/2022\/10\/table-2020-elections-1024x635.jpg 1024w, https:\/\/ssscorp.org\/wp-content\/uploads\/2022\/10\/table-2020-elections-300x186.jpg 300w, https:\/\/ssscorp.org\/wp-content\/uploads\/2022\/10\/table-2020-elections-768x476.jpg 768w, https:\/\/ssscorp.org\/wp-content\/uploads\/2022\/10\/table-2020-elections.jpg 1121w\" sizes=\"(max-width: 1020px) 100vw, 1020px\" \/>\t\t\t\t\t\t\n\t\t\t\t\t<\/div>\n\t\t\t\t\t\t\t\t\n<style>\n#image_1291796737 {\n  width: 100%;\n}\n<\/style>\n\t<\/div>\n\t\n\n<h2 id=\"684112980737863157\" class=\"element wsite-content-title editable-text cke_editable cke_editable_inline cke_contents_ltr cke_show_borders cke_focus\" style=\"text-align: center;\" tabindex=\"0\" role=\"textbox\" contenteditable=\"true\" spellcheck=\"true\" aria-label=\"false\">Wahldetails<\/h2>\n<p><strong><span style=\"color: #8d7824;\">Acht (8) der Mitglieder wurden bei der letzten Wahl gew\u00e4hlt. Sie werden bis zum Rat von Khalsa im Herbst 2022 dienen:<\/span><\/strong><\/p>\n<ul>\n<li>SS-Guru Amrit Singh Khalsa-Herndon, VA (Schatzmeister)<\/li>\n<li>SS Gurusangat Singh Khalsa &#8211; Herndon, VA<\/li>\n<li>SS Gurudarbar Singh Khalsa &#8211; Espa\u00f1ola, NM<\/li>\n<li>SS Kulwant Kaur Khalsa &#8211; Spanien\/Los Angeles<\/li>\n<li>SS Dr. Harjot Kaur Singh \u2013 Calgary, Kanada<\/li>\n<li>MSS Krishna Kaur Khalsa &#8211; Los Angeles, CA<\/li>\n<li>SS Gurutej Singh Khalsa \u2013 Singapur<\/li>\n<li>SS Sahaj Singh Kahlas &#8211; Santa Fe, NM<\/li>\n<\/ul>\n<p><strong><span style=\"color: #a88d2e;\">Die sieben (7) Mitglieder des SSSC-Vorstands, deren Amtszeit im Fr\u00fchjahr 2020 ausl\u00e4uft, sind:<\/span><\/strong><\/p>\n<ul>\n<li>MJ Amrit Singh Khalsa- Espanola, NM<\/li>\n<li>SS Dharm Singh Khalsa \u2013 Espanola, NM<\/li>\n<li>SS Gurujodha Singh Khalsa &#8211; Bakersfield, CA<\/li>\n<li>SS Gurujot Kaur Khalsa- Herndon, VA<\/li>\n<li>SS Sat Bachan Kaur Khalsa &#8211; Espanola, NM<\/li>\n<li>SS Sat Hari Singh Khalsa &#8211; Hamburg, Deutschland<\/li>\n<li>SS Viriam Singh Khalsa-Eugene, OR<\/li>\n<\/ul>\n<h3><span style=\"color: #a88d2e;\">Einzelheiten zum Wahlkalender 2022<\/span><\/h3>\n<p><strong>1. Nominierung: 15. September &#8211; 15. Oktober 2019<\/strong><\/p>\n<ul>\n<li>Mitglieder des Sangat nominieren Kandidaten durch eine elektronische Umfrage. Teilnehmen k\u00f6nnen alle Sangat-Mitglieder. <\/li>\n<\/ul>\n<p><br><strong>2. \u00dcberpr\u00fcfung: 16. Oktober bis 31. Dezember 2019<\/strong><\/p>\n<ul>\n<li> Das Kanzleramt pr\u00fcft die Kandidaten gem\u00e4\u00df \u00a7 2.6 der Satzung auf die Eignung. <\/li>\n<li> Das B\u00fcro des Religionsministers wird eine Liste der Minister bereitstellen, die sich qualifiziert haben, bei den bevorstehenden Wahlen wahlberechtigt zu sein. <\/li>\n<\/ul>\n<p><strong> <\/strong><br><strong>3. Bekanntgabe der Kandidaten: 1. Januar 2020<\/strong><\/p>\n<ul>\n<li> Der W\u00e4hlerschaft wird eine E-Mail zugesandt, in der die Namen der berechtigten Kandidaten bekannt gegeben werden.<\/li>\n<\/ul>\n<p><strong> <\/strong><br><strong>4. Einreichung der Kandidatenerkl\u00e4rungen: 2. Januar 2020 &#8211; 30. Januar 2020<\/strong><\/p>\n<ul>\n<li>Geeignete Kandidaten erhalten einen Fragebogen, in dem relevante biografische Informationen angefordert werden. Der Fragebogen muss die Einreichungsfrist und die Kriterien f\u00fcr die Disqualifikation enthalten, wie in Phase 5 dieses Zeitplans angegeben. <\/li>\n<li>Jeder berechtigte Kandidat muss eine Antwort auf den Fragebogen einreichen.<\/li>\n<li>Bewerber, die fristgerecht keine Antwort einreichen, werden disqualifiziert.<\/li>\n<\/ul>\n<p><strong> <\/strong><br><strong>5. \u00dcberpr\u00fcfung der Kandidatenaussagen: 31. Januar &#8211; 13. Februar 2020<\/strong><\/p>\n<ul>\n<li>Diese Phase kann gleichzeitig mit den Phasen 4 und 6 ablaufen.<\/li>\n<li>Das Kanzleramt und der Wahlausschuss pr\u00fcfen alle Kandidaten\u00e4u\u00dferungen.<\/li>\n<\/ul>\n<ul>\n<li>Kandidaten, deren \u00c4u\u00dferungen unangemessenen Inhalt aufweisen, k\u00f6nnen sp\u00e4testens drei (3) Tage vor Beginn der Abstimmung eine \u00fcberarbeitete \u00c4u\u00dferung einreichen. Kandidaten, die bis zu diesem Termin keine entsprechende \u00fcberarbeitete Erkl\u00e4rung eingereicht haben, werden disqualifiziert. <\/li>\n<\/ul>\n<p><br><strong>6. Ver\u00f6ffentlichung von Kandidatenstatements: 14. Februar 2020<\/strong><\/p>\n<ul>\n<li>Diese Phase kann gleichzeitig mit den Phasen 4 und 5 ablaufen.<\/li>\n<li>Sobald alle entsprechenden Erkl\u00e4rungen ver\u00f6ffentlicht wurden, wird die Website aktiviert und eine Benachrichtigung an die W\u00e4hlerschaft gesendet. <\/li>\n<\/ul>\n<p><br><strong>7. Rathaus: 1.-8. M\u00e4rz <strong>2020<\/strong><\/strong><\/p>\n<ul>\n<li> F\u00fcr W\u00e4hler werden Online-Rath\u00e4user durchgef\u00fchrt, um Kandidaten zu treffen und ihnen Fragen zu stellen. <\/li>\n<\/ul>\n<p><br><strong>8. Abstimmung: 9. bis 22. M\u00e4rz 2020<\/strong><\/p>\n<ul>\n<li>Die Abstimmung findet online \u00fcber einen sicheren Wahldienst statt.<\/li>\n<li>Jeder W\u00e4hler erh\u00e4lt eine eindeutige Legitimation, damit er genau einen Stimmzettel ausf\u00fcllen kann.<\/li>\n<li>Jeder W\u00e4hler kann eine Anzahl von Stimmen abgeben, die gleich oder kleiner ist als die Anzahl der zu w\u00e4hlenden Sitze. <\/li>\n<li> Jedem W\u00e4hler ist es untersagt, mehr als einmal f\u00fcr einen Kandidaten zu stimmen. <strong> <\/strong><\/li>\n<\/ul>\n<p><br><strong>9. Tally und Benachrichtigung: 23. M\u00e4rz 2020<\/strong><\/p>\n<ul>\n<li>Die Stimmenausz\u00e4hlung erfolgt elektronisch nach Beendigung der Abstimmung.<\/li>\n<li>Die sieben Kandidaten mit den meisten Stimmen erhalten Platz. <\/li>\n<li>Bei Stimmengleichheit um den\/die letzten freien Sitz(e) werden die verbleibenden freien Sitze in einer Stichwahl zwischen den gleichberechtigten Kandidaten bestritten, wenn es mehr Kandidaten in der Stimmengleichheit als freie Sitze gibt. <\/li>\n<li>Die Benachrichtigung \u00fcber die Wahlergebnisse muss Gewinner und Listen f\u00fcr jeden Kandidaten enthalten.<\/li>\n<\/ul>\n<p> <br><strong>10. Stichwahl (falls erforderlich): 23. bis 31. M\u00e4rz 2020<\/strong><\/p>\n<ul>\n<li>Eine Stichwahl ist dem Wahlvolk am Tag nach dem Ende der ordentlichen Wahl bekannt zu geben.<\/li>\n<li>Abstimmungen und Stimmenausz\u00e4hlungen erfolgen nach den Phasen 7 und 8.<\/li>\n<\/ul>\n<p><br><strong>11. Benachrichtigen Sie Sangat \u00fcber die Ergebnisse der Stichwahl: 1. April 2020 (falls eine Stichwahl erforderlich ist)<\/strong><\/p>\n<ul>\n<li>Das Ergebnis der Stichwahl wird dem Sangat mitgeteilt.<\/li>\n<\/ul>\n<p><br><strong>12. Amtsantritt: (Erster Tag des Khalsa-Rates) 22. April 2020<\/strong><\/p>\n<ul>\n<li>Die Gewinner der Wahl treten ihr Amt an, sobald die Amtszeit der scheidenden Kuratoren abgelaufen ist. <\/li>\n<\/ul>\n<div class=\"is-divider divider clearfix\" style=\"max-width:100%;\"><\/div>\n\n<div class=\"row\"  id=\"row-1245151540\">\n\n\n\t<div id=\"col-1430321002\" class=\"col medium-6 small-12 large-6\"  >\n\t\t\t\t<div class=\"col-inner\"  >\n\t\t\t\n\t\t\t\n\n<h3>W\u00e4hlerschaft<\/h3>\n<p>Wenn Sie mehr dar\u00fcber erfahren m\u00f6chten, wer zu den W\u00e4hlern geh\u00f6rt oder sich bewerben m\u00f6chte, klicken Sie bitte auf die folgende Schaltfl\u00e4che:<\/p>\n\n<a class=\"button primary is-outline reveal-icon\"  >\n    <span>2020 W\u00c4HLERSCHAFT<\/span>\n  <i class=\"icon-angle-right\" ><\/i><\/a>\n\n\n\n\t\t<\/div>\n\t\t\t\t\t<\/div>\n\n\t\n\n\t<div id=\"col-1443592367\" class=\"col medium-6 small-12 large-6\"  >\n\t\t\t\t<div class=\"col-inner\"  >\n\t\t\t\n\t\t\t\n\n<h3>Nominierungen<\/h3>\n<p>Um jemanden als Treuh\u00e4nder zu nominieren, klicken Sie bitte auf die folgende Schaltfl\u00e4che:<\/p>\n\n<a class=\"button primary is-outline reveal-icon\"  >\n    <span>FORMULAR F\u00dcR DIE NOMINIERUNG EINES TREUH\u00c4NDERS<\/span>\n  <i class=\"icon-angle-right\" ><\/i><\/a>\n\n\n\n\t\t<\/div>\n\t\t\t\t\t<\/div>\n\n\t\n\n<\/div>\n\n\t\t<\/div>\n\t\t\t\t\t<\/div>\n\n\t\n\n<\/div>\n\n\t\t<\/div>\n\n\t\t\n<style>\n#section_734509774 {\n  padding-top: 30px;\n  padding-bottom: 30px;\n}\n#section_734509774 .ux-shape-divider--top svg {\n  height: 150px;\n  --divider-top-width: 100%;\n}\n#section_734509774 .ux-shape-divider--bottom svg {\n  height: 150px;\n  --divider-width: 100%;\n}\n<\/style>\n\t<\/section>\n\t\n\n  <div class=\"banner has-hover\" id=\"banner-1140733863\">\n          <div class=\"banner-inner fill\">\n        <div class=\"banner-bg fill\" >\n            <div class=\"bg fill bg-fill \"><\/div>\n                                    \n                    <\/div>\n\t\t\n        <div class=\"banner-layers container\">\n            <div class=\"fill banner-link\"><\/div>            \n\n   <div id=\"text-box-1687918006\" class=\"text-box banner-layer x50 md-x50 lg-x50 y50 md-y50 lg-y50 res-text\">\n                                <div class=\"text-box-content text dark\">\n              \n              <div class=\"text-inner text-center\">\n                  \n\n<p><span style=\"font-size: large;\">W\u00e4hlen Sie, wen Sie wollen, aber Sie m\u00fcssen w\u00e4hlen. Ich denke, jeder, der sich nicht als W\u00e4hler eingetragen hat, hat eine nationale Trag\u00f6die angerichtet. Was ist das f\u00fcr eine Demokratie, in der niemand w\u00e4hlen will? W\u00e4hlen Sie richtig oder falsch, aber Sie m\u00fcssen w\u00e4hlen, das ist Demokratie. Und was ist eine Demokratie, in der nur die H\u00e4lfte des Volkes abstimmt, was ist das f\u00fcr eine Demokratie?<\/span><br><span style=\"font-size: small;\">Yogi Bhajan 10\/13\/88<\/span><\/p>\n<a class=\"button white is-outline reveal-icon\"  >\n    <span>KANDIDATEN F\u00dcR 2020<\/span>\n  <i class=\"icon-angle-right\" ><\/i><\/a>\n\n\n\n              <\/div>\n           <\/div>\n                            \n<style>\n#text-box-1687918006 {\n  width: 97%;\n}\n#text-box-1687918006 .text-box-content {\n  font-size: 100%;\n}\n<\/style>\n    <\/div>\n \n\n        <\/div>\n      <\/div>\n\n            \n<style>\n#banner-1140733863 {\n  padding-top: 250px;\n  background-color: rgb(51, 61, 80);\n}\n#banner-1140733863 .ux-shape-divider--top svg {\n  height: 150px;\n  --divider-top-width: 100%;\n}\n#banner-1140733863 .ux-shape-divider--bottom svg {\n  height: 150px;\n  --divider-width: 100%;\n}\n<\/style>\n  <\/div>\n\n\n\n","protected":false},"excerpt":{"rendered":"","protected":false},"author":1,"featured_media":0,"parent":0,"menu_order":0,"comment_status":"closed","ping_status":"closed","template":"page-blank.php","meta":{"iawp_total_views":3,"footnotes":""},"class_list":["post-2405","page","type-page","status-publish","hentry"],"_links":{"self":[{"href":"https:\/\/ssscorp.org\/de\/wp-json\/wp\/v2\/pages\/2405","targetHints":{"allow":["GET"]}}],"collection":[{"href":"https:\/\/ssscorp.org\/de\/wp-json\/wp\/v2\/pages"}],"about":[{"href":"https:\/\/ssscorp.org\/de\/wp-json\/wp\/v2\/types\/page"}],"author":[{"embeddable":true,"href":"https:\/\/ssscorp.org\/de\/wp-json\/wp\/v2\/users\/1"}],"replies":[{"embeddable":true,"href":"https:\/\/ssscorp.org\/de\/wp-json\/wp\/v2\/comments?post=2405"}],"version-history":[{"count":5,"href":"https:\/\/ssscorp.org\/de\/wp-json\/wp\/v2\/pages\/2405\/revisions"}],"predecessor-version":[{"id":3201,"href":"https:\/\/ssscorp.org\/de\/wp-json\/wp\/v2\/pages\/2405\/revisions\/3201"}],"wp:attachment":[{"href":"https:\/\/ssscorp.org\/de\/wp-json\/wp\/v2\/media?parent=2405"}],"curies":[{"name":"wp","href":"https:\/\/api.w.org\/{rel}","templated":true}]}}