{"id":2386,"date":"2022-09-02T15:22:33","date_gmt":"2022-09-02T15:22:33","guid":{"rendered":"https:\/\/ssscorp.org\/sssc-wahl\/"},"modified":"2022-11-02T21:54:36","modified_gmt":"2022-11-02T21:54:36","slug":"sssc-wahl","status":"publish","type":"page","link":"https:\/\/ssscorp.org\/de\/sssc-wahl\/","title":{"rendered":"SSSC-Wahl"},"content":{"rendered":"\n\n  <div class=\"banner has-hover has-parallax\" id=\"banner-1628892839\">\n          <div class=\"banner-inner fill\">\n        <div class=\"banner-bg fill\" data-parallax=\"-3\" data-parallax-container=\".banner\" data-parallax-background>\n            <div class=\"bg fill bg-fill \"><\/div>\n                        <div class=\"overlay\"><\/div>            \n                    <\/div>\n\t\t\n        <div class=\"banner-layers container\">\n            <div class=\"fill banner-link\"><\/div>            \n\n   <div id=\"text-box-1481776297\" class=\"text-box banner-layer x50 md-x50 lg-x50 y50 md-y50 lg-y50 res-text\">\n                                <div class=\"text-box-content text dark\">\n              \n              <div class=\"text-inner text-center\">\n                  \n\n<h3 class=\"uppercase\"><strong>SSSC-Wahl der Treuh\u00e4nder <\/strong><\/h3>\n\n\n              <\/div>\n           <\/div>\n                            \n<style>\n#text-box-1481776297 {\n  width: 60%;\n}\n#text-box-1481776297 .text-box-content {\n  font-size: 100%;\n}\n<\/style>\n    <\/div>\n \n\n        <\/div>\n      <\/div>\n\n            \n<style>\n#banner-1628892839 {\n  padding-top: 300px;\n}\n#banner-1628892839 .bg.bg-loaded {\n  background-image: url(https:\/\/ssscorp.org\/wp-content\/uploads\/2022\/09\/Untitled-design-3-scaled-1.jpeg);\n}\n#banner-1628892839 .overlay {\n  background-color: rgba(17, 33, 82, 0.855);\n}\n#banner-1628892839 .ux-shape-divider--top svg {\n  height: 150px;\n  --divider-top-width: 100%;\n}\n#banner-1628892839 .ux-shape-divider--bottom svg {\n  height: 150px;\n  --divider-width: 100%;\n}\n<\/style>\n  <\/div>\n\n\n\t<section class=\"section\" id=\"section_178856879\">\n\t\t<div class=\"bg section-bg fill bg-fill  bg-loaded\" >\n\n\t\t\t\n\t\t\t\n\t\t\t\n\n\t\t<\/div>\n\n\t\t\n\n\t\t<div class=\"section-content relative\">\n\t\t\t\n\n<div class=\"row\"  id=\"row-1048154099\">\n\n\n\t<div id=\"col-1030686269\" class=\"col small-12 large-12\"  >\n\t\t\t\t<div class=\"col-inner\"  >\n\t\t\t\n\t\t\t\n\n<p>Die Siri Singh Sahib Corporation (SSSC) wird von einem siebzehnk\u00f6pfigen Kuratorium geleitet. Zwei dieser Mitglieder, die Bhai Sahiba und die Siri Sikdar Sahiba, sind aufgrund ihrer \u00c4mter (\u201evon Amts wegen\u201c) als Vorstandsmitglieder aufgenommen und werden daher nicht gew\u00e4hlt. <br>\u200b<br>Die Amtszeit und Wahl der Vorstandsmitglieder sind in der Satzung und der Wahlrichtlinie festgelegt. <br><br>Abschnitt 2.4 Amtszeit und Wahl. Die Amtszeit der gew\u00e4hlten Treuh\u00e4nder betr\u00e4gt etwa f\u00fcnf (5) Jahre. Die Wahlen erfolgen gestaffelt, wobei die H\u00e4lfte der Treuh\u00e4nder in Abst\u00e4nden von etwa 2,5 Jahren gew\u00e4hlt wird. Das Wahlverfahren wird in der SSSC-Vorstandswahlrichtlinie festgelegt, die von Zeit zu Zeit durch Beschluss des Kuratoriums angenommen wird. &#8230; Die Amtszeit des anf\u00e4nglichen SSSC-Vorstands richtet sich nach der SSSC-Vorstandswahlrichtlinie. (aus der Satzung)<\/p>\n<p>Die Amtszeit von sieben (7) der anf\u00e4nglichen Treuh\u00e4nder (&#8220;Gruppe A&#8221;) endet am ersten Tag der Fr\u00fchjahrssitzungen des Khalsa-Rates im Jahr 2015. Die Amtszeit der verbleibenden acht (8) gew\u00e4hlten urspr\u00fcnglichen Treuh\u00e4nder (\u201eGruppe B\u201c) l\u00e4uft am ersten Tag der Sitzungen des Herbst-Khalsa-Rates im Jahr 2017 ab. Gruppe A und Gruppe B werden auf freiwilliger Basis bestimmt. Wenn eine Gruppe weniger Freiwillige als n\u00f6tig erh\u00e4lt, werden die verbleibenden Treuh\u00e4nder f\u00fcr diese Gruppe nach dem Zufallsprinzip ausgew\u00e4hlt. (aus der Wahlordnung)<\/p>\n<p>Um die aktuelle Wahl sowie fr\u00fchere Wahlergebnisse zu sehen, scrollen Sie bitte nach unten und klicken Sie auf die entsprechenden Links.<\/p>\n<div class=\"container section-title-container\" ><h3 class=\"section-title section-title-normal\"><b><\/b><span class=\"section-title-main\" >Wahlkalender:<\/span><b><\/b><\/h3><\/div>\n\n<table>\n<thead>\n<tr style=\"background: #c2a43b;\">\n<th style=\"text-align: center;\">Jahr<\/th>\n<th style=\"text-align: center;\">Ergebnisse<\/th>\n<\/tr>\n<\/thead>\n<tbody>\n<tr>\n<td style=\"text-align: center;\">2012<\/td>\n<td style=\"text-align: center;\"><a href=\"https:\/\/ssscorp.org\/de\/2012-wahlen-zur-siri-singh-sahib-corporation\/\">Klicken Sie hier, um die Ergebnisse dieses Wahljahres zu sehen<\/a><\/td>\n<\/tr>\n<tr>\n<td style=\"text-align: center;\">2015<\/td>\n<td style=\"text-align: center;\"><a href=\"https:\/\/ssscorp.org\/de\/wahlen-zur-siri-singh-sahib-corporation-2015\/\">Klicken Sie hier, um die Ergebnisse dieses Wahljahres zu sehen<\/a><\/td>\n<\/tr>\n<tr>\n<td style=\"text-align: center;\">2017<\/td>\n<td style=\"text-align: center;\"><a href=\"https:\/\/ssscorp.org\/de\/wahlen-zur-siri-singh-sahib-corporation-2017\/\">Klicken Sie hier, um die Ergebnisse dieses Wahljahres zu sehen<\/a><\/td>\n<\/tr>\n<tr>\n<td style=\"text-align: center;\">2020<\/td>\n<td style=\"text-align: center;\"><a href=\"https:\/\/ssscorp.org\/de\/wahlen-zur-siri-singh-sahib-corporation-2020\/\">Klicken Sie hier, um die Ergebnisse dieses Wahljahres zu sehen<\/a><\/td>\n<\/tr>\n<tr>\n<td style=\"text-align: center;\">2022<\/td>\n<td style=\"text-align: center;\"><a href=\"https:\/\/ssscorp.org\/de\/wahlen-zur-siri-singh-sahib-corporation-2022\/\">Klicken Sie hier, um die Ergebnisse dieses Wahljahres zu sehen<\/a><\/td>\n<\/tr>\n<tr>\n<td style=\"text-align: center;\">2022<\/td>\n<td style=\"text-align: center;\">Geplant f\u00fcr Herbst 2022<\/td>\n<\/tr>\n<tr>\n<td style=\"text-align: center;\">2025<\/td>\n<td style=\"text-align: center;\">Geplant f\u00fcr Fr\u00fchjahr 2025<\/td>\n<\/tr>\n<tr>\n<td style=\"text-align: center;\">2027<\/td>\n<td style=\"text-align: center;\">Geplant f\u00fcr Herbst 2027<\/td>\n<\/tr>\n<tr>\n<td style=\"text-align: center;\">2030<\/td>\n<td style=\"text-align: center;\">Geplant f\u00fcr Fr\u00fchjahr 2030<\/td>\n<\/tr>\n<tr>\n<td style=\"text-align: center;\">2032<\/td>\n<td style=\"text-align: center;\">Geplant f\u00fcr Herbst 2032<\/td>\n<\/tr>\n<\/tbody>\n<\/table>\n\n\t\t<\/div>\n\t\t\t\t\t<\/div>\n\n\t\n\n<\/div>\n\n\t\t<\/div>\n\n\t\t\n<style>\n#section_178856879 {\n  padding-top: 30px;\n  padding-bottom: 30px;\n}\n#section_178856879 .ux-shape-divider--top svg {\n  height: 150px;\n  --divider-top-width: 100%;\n}\n#section_178856879 .ux-shape-divider--bottom svg {\n  height: 150px;\n  --divider-width: 100%;\n}\n<\/style>\n\t<\/section>\n\t\n\n","protected":false},"excerpt":{"rendered":"","protected":false},"author":1,"featured_media":0,"parent":0,"menu_order":0,"comment_status":"closed","ping_status":"closed","template":"page-blank.php","meta":{"iawp_total_views":2,"footnotes":""},"class_list":["post-2386","page","type-page","status-publish","hentry"],"_links":{"self":[{"href":"https:\/\/ssscorp.org\/de\/wp-json\/wp\/v2\/pages\/2386","targetHints":{"allow":["GET"]}}],"collection":[{"href":"https:\/\/ssscorp.org\/de\/wp-json\/wp\/v2\/pages"}],"about":[{"href":"https:\/\/ssscorp.org\/de\/wp-json\/wp\/v2\/types\/page"}],"author":[{"embeddable":true,"href":"https:\/\/ssscorp.org\/de\/wp-json\/wp\/v2\/users\/1"}],"replies":[{"embeddable":true,"href":"https:\/\/ssscorp.org\/de\/wp-json\/wp\/v2\/comments?post=2386"}],"version-history":[{"count":5,"href":"https:\/\/ssscorp.org\/de\/wp-json\/wp\/v2\/pages\/2386\/revisions"}],"predecessor-version":[{"id":3917,"href":"https:\/\/ssscorp.org\/de\/wp-json\/wp\/v2\/pages\/2386\/revisions\/3917"}],"wp:attachment":[{"href":"https:\/\/ssscorp.org\/de\/wp-json\/wp\/v2\/media?parent=2386"}],"curies":[{"name":"wp","href":"https:\/\/api.w.org\/{rel}","templated":true}]}}