{"id":2383,"date":"2022-09-02T15:23:56","date_gmt":"2022-09-02T15:23:56","guid":{"rendered":"https:\/\/ssscorp.org\/wahlen-zur-siri-singh-sahib-corporation-2015\/"},"modified":"2022-10-23T00:43:55","modified_gmt":"2022-10-23T00:43:55","slug":"wahlen-zur-siri-singh-sahib-corporation-2015","status":"publish","type":"page","link":"https:\/\/ssscorp.org\/de\/wahlen-zur-siri-singh-sahib-corporation-2015\/","title":{"rendered":"Wahlen zur Siri Singh Sahib Corporation 2015"},"content":{"rendered":"\n\n  <div class=\"banner has-hover has-parallax\" id=\"banner-653010024\">\n          <div class=\"banner-inner fill\">\n        <div class=\"banner-bg fill\" data-parallax=\"-3\" data-parallax-container=\".banner\" data-parallax-background>\n            <div class=\"bg fill bg-fill \"><\/div>\n                        <div class=\"overlay\"><\/div>            \n                    <\/div>\n\t\t\n        <div class=\"banner-layers container\">\n            <div class=\"fill banner-link\"><\/div>            \n\n   <div id=\"text-box-1389577927\" class=\"text-box banner-layer x50 md-x50 lg-x50 y50 md-y50 lg-y50 res-text\">\n                                <div class=\"text-box-content text dark\">\n              \n              <div class=\"text-inner text-center\">\n                  \n\n<h3 class=\"uppercase\"><strong>Wahlen zur Siri Singh Sahib Corporation 2015<\/strong><\/h3>\n\n\n              <\/div>\n           <\/div>\n                            \n<style>\n#text-box-1389577927 {\n  width: 80%;\n}\n#text-box-1389577927 .text-box-content {\n  font-size: 100%;\n}\n<\/style>\n    <\/div>\n \n\n        <\/div>\n      <\/div>\n\n            \n<style>\n#banner-653010024 {\n  padding-top: 300px;\n}\n#banner-653010024 .bg.bg-loaded {\n  background-image: url(https:\/\/ssscorp.org\/wp-content\/uploads\/2022\/09\/Untitled-design-3-scaled-1.jpeg);\n}\n#banner-653010024 .overlay {\n  background-color: rgba(17, 33, 82, 0.855);\n}\n#banner-653010024 .ux-shape-divider--top svg {\n  height: 150px;\n  --divider-top-width: 100%;\n}\n#banner-653010024 .ux-shape-divider--bottom svg {\n  height: 150px;\n  --divider-width: 100%;\n}\n<\/style>\n  <\/div>\n\n\n\t<section class=\"section\" id=\"section_149383636\">\n\t\t<div class=\"bg section-bg fill bg-fill  bg-loaded\" >\n\n\t\t\t\n\t\t\t\n\t\t\t\n\n\t\t<\/div>\n\n\t\t\n\n\t\t<div class=\"section-content relative\">\n\t\t\t\n\n<div class=\"row\"  id=\"row-51339580\">\n\n\n\t<div id=\"col-1991663943\" class=\"col small-12 large-12\"  >\n\t\t\t\t<div class=\"col-inner\"  >\n\t\t\t\n\t\t\t\n\n<p>Die Siri Singh Sahib Corporation (SSSC) wird von einem siebzehnk\u00f6pfigen Kuratorium geleitet. Zwei dieser Mitglieder, die Bhai Sahiba und die Siri Sikdar Sahiba, sind kraft ihrer \u00c4mter aufgenommen und daher nicht gew\u00e4hlt. Die \u00fcbrigen f\u00fcnfzehn Mitglieder werden gem\u00e4\u00df den Statuten des SSSC gew\u00e4hlt.<br>\u200b<br>Die derzeitigen Mitglieder des Vorstands, die im Mai 2012 von der Sangat als erster Vorstand gew\u00e4hlt wurden, traten ihr Amt am 26. November 2012 an, wie in der allgemeinen Vergleichsvereinbarung mit dem ehemaligen Vorstand von Unto Infinity (UI) festgelegt. <br><br><strong><span style=\"color: #8d7824;\">Acht (8) der Mitglieder wurden bei der letzten Wahl gew\u00e4hlt. Sie werden bis zum Rat von Khalsa im Herbst 2022 dienen:<\/span><\/strong><\/p>\n<ul>\n<li>SS Guru Amrit Singh Khalsa- Herndon, VA <\/li>\n<li>SS Avtar Hari Singh Khalsa &#8211; NM<\/li>\n<li>MSS Guru Singh Khalsa &#8211; Los Angeles, CA<\/li>\n<li>SS Dr. Harjot Kaur Singh \u2013 Calgary, Kanada<\/li>\n<li>SS Jai Singh Khalsa &#8211; Boston, MA<\/li>\n<li>MSS Krishna Kaur Khalsa &#8211; Los Angeles, CA<\/li>\n<li>SS Siri Pritam Kaur Khalsa &#8211; Yuba City, CA<\/li>\n<li>SS Siri Vishnu Singh Khalsa &#8211; Espa\u00f1ola, NM<\/li>\n<\/ul>\n<p><strong><span style=\"color: #a88d2e;\">Die sieben (7) Mitglieder des SSSC-Vorstands, deren Amtszeit im Fr\u00fchjahr 2020 ausl\u00e4uft, sind:<\/span><\/strong><\/p>\n<ul>\n<li>SS Gurujodha Singh Khalsa &#8211; Bakersfield, CA <\/li>\n<li>SS Viriam Singh Khalsa &#8211; Eugene, OR<\/li>\n<li>SS Amrit Singh Khalsa &#8211; Espa\u00f1ola, NM<\/li>\n<li>SS Dharm Singh Khalsa &#8211; Espa\u00f1ola, NM<\/li>\n<li>SS Gurujot Kaur Khalsa &#8211; Eugene, OR<\/li>\n<li>SS Guru Raj Kaur Khalsa &#8211; Vancouver, Kanada<\/li>\n<li>SS Harinam Singh Khalsa &#8211; New York City, NY<\/li>\n<\/ul>\n<p><em>*Basierend auf seiner Position als zweith\u00f6chster (16. Platz) W\u00e4hler bei den ersten Wahlen wurde MJ Amrit Singh Khalsa f\u00fcr den Rest der Amtszeit von SS Shanti Kaur Khalsa nach ihrem R\u00fccktritt aus dem Vorstand ernannt. <\/em><\/p>\n<h3><span style=\"color: #a88d2e;\">Kandidatenberechtigung<\/span><\/h3>\n<p>Wie in der Wahlrichtlinie angegeben, werden Kandidaten f\u00fcr den Vorstand von Mitgliedern des Sangat (dh der \u00d6ffentlichkeit) nominiert. Das Nominierungsverfahren ist im Abschnitt Wahlkalender beschrieben.<br><br>Alle Kandidaten m\u00fcssen die folgenden Anforderungen der Satzung erf\u00fcllen:<br><br><em><strong>Abschnitt 2.6 Qualifikationen f\u00fcr die Vorstandsmitgliedschaft<\/strong><\/em><br><em>Um als gew\u00e4hlter Treuh\u00e4nder fungieren zu k\u00f6nnen, muss eine Person:<br><br>(a) ein Minister von Sikh Dharma International sein, der derzeit einen guten Ruf hat und seit mindestens zwei (2) vollen Jahren unmittelbar vor seiner oder ihrer Ernennung t\u00e4tig ist<br><br>(b) ein regelm\u00e4\u00dfiger Spender f\u00fcr eine oder mehrere der gemeinn\u00fctzigen konstituierenden K\u00f6rperschaften (wie in Abschnitt 1.4 definiert) sein und mindestens zwei (2) Kalenderjahre unmittelbar vor seiner oder ihrer Nominierung gewesen sein<br><br>(c) einen guten Charakter haben; nie wegen eines Verbrechens oder eines Vergehens, das moralische Verwerfungen beinhaltet, verurteilt oder zugelassen worden sind; stellen keine Bedrohung f\u00fcr die Sicherheit der Vereinigten Staaten dar und haben keine ausl\u00e4ndischen Interessen oder Status, die im Widerspruch zu den Interessen der Vereinigten Staaten oder zu irgendeinem Element der Sikh Dharma\/3HO Gemeinschaft und Unternehmen stehen; zustimmen, Informationen f\u00fcr eine vertrauliche \u00dcberpr\u00fcfung des Hintergrunds bereitzustellen; und<br><br>(d) nicht gleichzeitig als stimmberechtigtes Mitglied des Board of Directors einer gemeinn\u00fctzigen konstituierenden Gesellschaft fungieren, die in Anlage A zu dieser Satzung aufgef\u00fchrt ist. Um dem nachzukommen<\/em><\/p>\n<ul>\n<li><em>(i) Ein Treuh\u00e4nder muss unmittelbar nach seinem Amtsantritt als Treuh\u00e4nder entweder zur\u00fccktreten oder als nicht stimmberechtigtes Mitglied des Verwaltungsrats einer gemeinn\u00fctzigen konstituierenden Gesellschaft verbleiben.<\/em><\/li>\n<li><em>(ii) Ein Treuh\u00e4nder kann ohne Stimmrecht in h\u00f6chstens zwei (2) Vorst\u00e4nden einer gemeinn\u00fctzigen konstituierenden Gesellschaft t\u00e4tig sein.<\/em><\/li>\n<li><em>(iii) Gegebenenfalls kann ein Treuh\u00e4nder, der einer gemeinn\u00fctzigen konstituierenden Gesellschaft ohne Stimmrecht dient, von SSSC-Abstimmungen zu Angelegenheiten ausgeschlossen werden, die diesen betreffenden Bestandteil betreffen<\/em><\/li>\n<\/ul>\n<p><em>(e) nicht mit einem anderen Treuh\u00e4nder verwandt oder verschw\u00e4gert (einschlie\u00dflich Stiefbeziehungen) oder in einer Lebenspartnerschaft mit einem anderen Treuh\u00e4nder stehen.<\/em><\/p>\n<h3><span style=\"color: #8d7824;\">2015 W\u00e4hlerschaft<\/span><\/h3>\n<p>Die W\u00e4hlerschaft f\u00fcr den SSSC-Vorstand wird durch einen Antrag des Vorstandes wie folgt vorgeschrieben:<br><em>F\u00fcr die Wahl 2015 sind die wahlberechtigten W\u00e4hler:<\/em><\/p>\n<ul>\n<li><em>Minister des Sikh Dharma in gutem Ansehen vierzehn (14) Tage vor Beginn der Abstimmung, und<\/em><\/li>\n<li><em>W\u00e4hler, die bei der ersten Vorstandswahl gew\u00e4hlt haben.<\/em><\/li>\n<\/ul>\n<p><em>F\u00fcr alle nachfolgenden Wahlen sind die w\u00e4hlbaren W\u00e4hler nur Minister des Sikh Dharma, die im Guten sind<br>Stand neunzig (90) Tage vor Beginn der Abstimmung.<\/em><\/p>\n<h3><span style=\"color: #8d7824; font-size: 100%;\">Wahlergebnisse 2015<\/span><\/h3>\n<p>Um die offiziellen Ergebnisse herunterzuladen und anzusehen, klicken Sie bitte <a href=\"https:\/\/ssscorp.org\/wp-content\/uploads\/2022\/10\/2015_sssc_final_election_results_certification_board_member_election_20152.pdf\" target=\"_blank\" rel=\"noopener\" data-cke-saved-href=\"http:\/\/weebly-file\/1\/0\/7\/2\/107246343\/2015_sssc_final_election_results_certification_board_member_election_2015&#091;2&#093;.pdf\">hier<\/a> . <\/p>\n\t<div class=\"img has-hover x md-x lg-x y md-y lg-y\" id=\"image_2096701632\">\n\t\t\t\t\t\t\t\t<div class=\"img-inner dark\" >\n\t\t\t<img fetchpriority=\"high\" decoding=\"async\" width=\"702\" height=\"800\" src=\"https:\/\/ssscorp.org\/wp-content\/uploads\/2022\/10\/screen-shot-2019-04-27-at-11-36-36-am_orig.png\" class=\"attachment-large size-large\" alt=\"\" srcset=\"https:\/\/ssscorp.org\/wp-content\/uploads\/2022\/10\/screen-shot-2019-04-27-at-11-36-36-am_orig.png 702w, https:\/\/ssscorp.org\/wp-content\/uploads\/2022\/10\/screen-shot-2019-04-27-at-11-36-36-am_orig-263x300.png 263w\" sizes=\"(max-width: 702px) 100vw, 702px\" \/>\t\t\t\t\t\t\n\t\t\t\t\t<\/div>\n\t\t\t\t\t\t\t\t\n<style>\n#image_2096701632 {\n  width: 100%;\n}\n<\/style>\n\t<\/div>\n\t\n\n\n\t\t<\/div>\n\t\t\t\t\t<\/div>\n\n\t\n\n<\/div>\n\n\t\t<\/div>\n\n\t\t\n<style>\n#section_149383636 {\n  padding-top: 30px;\n  padding-bottom: 30px;\n}\n#section_149383636 .ux-shape-divider--top svg {\n  height: 150px;\n  --divider-top-width: 100%;\n}\n#section_149383636 .ux-shape-divider--bottom svg {\n  height: 150px;\n  --divider-width: 100%;\n}\n<\/style>\n\t<\/section>\n\t\n\n","protected":false},"excerpt":{"rendered":"","protected":false},"author":1,"featured_media":0,"parent":0,"menu_order":0,"comment_status":"closed","ping_status":"closed","template":"page-blank.php","meta":{"iawp_total_views":3,"footnotes":""},"class_list":["post-2383","page","type-page","status-publish","hentry"],"_links":{"self":[{"href":"https:\/\/ssscorp.org\/de\/wp-json\/wp\/v2\/pages\/2383","targetHints":{"allow":["GET"]}}],"collection":[{"href":"https:\/\/ssscorp.org\/de\/wp-json\/wp\/v2\/pages"}],"about":[{"href":"https:\/\/ssscorp.org\/de\/wp-json\/wp\/v2\/types\/page"}],"author":[{"embeddable":true,"href":"https:\/\/ssscorp.org\/de\/wp-json\/wp\/v2\/users\/1"}],"replies":[{"embeddable":true,"href":"https:\/\/ssscorp.org\/de\/wp-json\/wp\/v2\/comments?post=2383"}],"version-history":[{"count":3,"href":"https:\/\/ssscorp.org\/de\/wp-json\/wp\/v2\/pages\/2383\/revisions"}],"predecessor-version":[{"id":3121,"href":"https:\/\/ssscorp.org\/de\/wp-json\/wp\/v2\/pages\/2383\/revisions\/3121"}],"wp:attachment":[{"href":"https:\/\/ssscorp.org\/de\/wp-json\/wp\/v2\/media?parent=2383"}],"curies":[{"name":"wp","href":"https:\/\/api.w.org\/{rel}","templated":true}]}}