{"id":2325,"date":"2022-09-02T15:22:31","date_gmt":"2022-09-02T15:22:31","guid":{"rendered":"https:\/\/ssscorp.org\/vorstand-von-sikh-dharma-international-sdi\/"},"modified":"2025-12-16T17:35:56","modified_gmt":"2025-12-16T17:35:56","slug":"vorstand-von-sikh-dharma-international-sdi","status":"publish","type":"page","link":"https:\/\/ssscorp.org\/de\/wem-wir-dienen\/dienen-sie-in-einem-untergeordneten-vorstand\/vorstand-von-sikh-dharma-international-sdi\/","title":{"rendered":"Vorstand von Sikh Dharma International (SDI)."},"content":{"rendered":"\n\n  <div class=\"banner has-hover has-parallax\" id=\"banner-947369757\">\n          <div class=\"banner-inner fill\">\n        <div class=\"banner-bg fill\" data-parallax=\"-3\" data-parallax-container=\".banner\" data-parallax-background>\n            <div class=\"bg fill bg-fill \"><\/div>\n                        <div class=\"overlay\"><\/div>            \n                    <\/div>\n\t\t\n        <div class=\"banner-layers container\">\n            <div class=\"fill banner-link\"><\/div>            \n\n   <div id=\"text-box-196982072\" class=\"text-box banner-layer x50 md-x50 lg-x50 y50 md-y50 lg-y50 res-text\">\n                                <div class=\"text-box-content text dark\">\n              \n              <div class=\"text-inner text-center\">\n                  \n\n<h3 class=\"uppercase\"><strong>Vorstand von Sikh Dharma International (SDI).<\/strong><\/h3>\n<p>SDI sucht neue Vorstandsmitglieder, um seine Mission zu erf\u00fcllen. Die Mission von Sikh Dharma International ist es, den Standard und die Anmut des Siri Guru Granth Sahib aufrechtzuerhalten und dazu beizutragen, die Menschheit durch die heilige Technologie von Shabad Guru zu erheben. Unsere Vision ist es, den Geist der Menschlichkeit zu wecken. Unsere Ziele sind es, unseren globalen Gemeinschaften durch Bildung, Unterst\u00fctzung der Gemeinschaft, F\u00fchrung, Kommunikation und Inspiration zu dienen. Wir glauben an die Universalit\u00e4t Gottes in allen. Wir bei SDI unterst\u00fctzen die Gleichheit, W\u00fcrde, G\u00f6ttlichkeit und Anmut aller Menschen. Mit gr\u00f6\u00dfter Dankbarkeit gegen\u00fcber Gott und dem Guru haben die Mitarbeiter, die leitenden Angestellten und der Vorstand das Privileg, der Mission des Sikh Dharma im Dienste der zuk\u00fcnftigen Generationen zu dienen.<\/p>\n\n              <\/div>\n           <\/div>\n                            \n<style>\n#text-box-196982072 {\n  width: 100%;\n}\n#text-box-196982072 .text-box-content {\n  font-size: 100%;\n}\n<\/style>\n    <\/div>\n \n\n        <\/div>\n      <\/div>\n\n            \n<style>\n#banner-947369757 {\n  padding-top: 400px;\n}\n#banner-947369757 .bg.bg-loaded {\n  background-image: url(https:\/\/ssscorp.org\/wp-content\/uploads\/2022\/09\/Untitled-design-3-scaled-1.jpeg);\n}\n#banner-947369757 .overlay {\n  background-color: rgba(17, 33, 82, 0.855);\n}\n#banner-947369757 .ux-shape-divider--top svg {\n  height: 150px;\n  --divider-top-width: 100%;\n}\n#banner-947369757 .ux-shape-divider--bottom svg {\n  height: 150px;\n  --divider-width: 100%;\n}\n<\/style>\n  <\/div>\n\n\n\t<section class=\"section\" id=\"section_893150569\">\n\t\t<div class=\"bg section-bg fill bg-fill  bg-loaded\" >\n\n\t\t\t\n\t\t\t\n\t\t\t\n\n\t\t<\/div>\n\n\t\t\n\n\t\t<div class=\"section-content relative\">\n\t\t\t\n\n<div class=\"row\"  id=\"row-1703047028\">\n\n\n\t<div id=\"col-1858732731\" class=\"col small-12 large-12\"  >\n\t\t\t\t<div class=\"col-inner\"  >\n\t\t\t\n\t\t\t\n\n<div class=\"row\"  id=\"row-1221105382\">\n\n\n\t<div id=\"col-2122056381\" class=\"col small-12 large-12\"  >\n\t\t\t\t<div class=\"col-inner text-center\"  >\n\t\t\t\n\t\t\t\n\n\t<div class=\"img has-hover x md-x lg-x y md-y lg-y\" id=\"image_494712592\">\n\t\t\t\t\t\t\t\t<div class=\"img-inner dark\" >\n\t\t\t<img fetchpriority=\"high\" decoding=\"async\" width=\"1020\" height=\"510\" src=\"https:\/\/ssscorp.org\/wp-content\/uploads\/2022\/10\/sikh-dharma-1024x512.jpg\" class=\"attachment-large size-large\" alt=\"\" srcset=\"https:\/\/ssscorp.org\/wp-content\/uploads\/2022\/10\/sikh-dharma-1024x512.jpg 1024w, https:\/\/ssscorp.org\/wp-content\/uploads\/2022\/10\/sikh-dharma-300x150.jpg 300w, https:\/\/ssscorp.org\/wp-content\/uploads\/2022\/10\/sikh-dharma-768x384.jpg 768w, https:\/\/ssscorp.org\/wp-content\/uploads\/2022\/10\/sikh-dharma.jpg 1100w\" sizes=\"(max-width: 1020px) 100vw, 1020px\" \/>\t\t\t\t\t\t\n\t\t\t\t\t<\/div>\n\t\t\t\t\t\t\t\t\n<style>\n#image_494712592 {\n  width: 48%;\n}\n<\/style>\n\t<\/div>\n\t\n\n\n\t\t<\/div>\n\t\t\t\t\t<\/div>\n\n\t\n\n\t<div id=\"col-1351811855\" class=\"col small-12 large-12\"  >\n\t\t\t\t<div class=\"col-inner\"  >\n\t\t\t\n\t\t\t\n\n<p><strong>Um Mitglied des Verwaltungsrats zu werden, m\u00fcssen Sie die folgenden Voraussetzungen erf\u00fcllen<\/strong><\/p>\n<ul>\n<li>Unterst\u00fctzen Sie die Werte und Mission des Unternehmens<\/li>\n<li>Seien Sie ein regelm\u00e4\u00dfiger Dasvandh-Spender oder werden Sie ein Dasvandh-Spender oder stehen Sie mindestens zwei Jahre unmittelbar vor Ihrer Nominierung in einer nachweisbaren Beziehung (z<\/li>\n<li>Seien Sie ein Minister von Sikh Dharma International oder werden Sie ein Minister von Sikh Dharma International, wenn Sie Mitglied des Vorstands werden<\/li>\n<li>Einen guten Charakter mit hohen ethischen Standards haben<\/li>\n<li>Sie d\u00fcrfen nicht durch Blutsverwandtschaft oder Heirat (einschlie\u00dflich Stiefbeziehungen) mit einem anderen Verwaltungsratsmitglied verwandt sein oder in einer h\u00e4uslichen Partnerschaft mit ihm stehen; und<\/li>\n<li>Kein Mitarbeiter des Unternehmens sein\u200b\u200b\u200b<\/li>\n<\/ul>\n\n\t\t<\/div>\n\t\t\t\t\t<\/div>\n\n\t\n\n\t<div id=\"col-1710826172\" class=\"col small-12 large-12\"  >\n\t\t\t\t<div class=\"col-inner\"  >\n\t\t\t\n\t\t\t\n\n<h2 id=\"657329065555764734\" class=\"element wsite-content-title editable-text cke_editable cke_editable_inline cke_contents_ltr cke_focus cke_show_borders\" tabindex=\"0\" role=\"textbox\" contenteditable=\"true\" spellcheck=\"true\" aria-label=\"false\">Zeitplan f\u00fcr das Berufungsverfahren:<\/h2>\n<p><strong>1. <b>1. Dezember &#8211; 21. Dezember 2025 <\/b> <\/strong><strong>Bewerbungsfenster<\/strong><br>Bewerber k\u00f6nnen ihre Online-Bewerbungen einreichen, um f\u00fcr einen Sitz im Vorstand in Betracht gezogen zu werden.<\/p>\n<p><strong>2. <b>22. Dezember 2025 &#8211; 15. Januar 2026<\/b> Interviewprozess<\/strong><br>Die Interviews werden von einem Interviewteam durchgef\u00fchrt.  <\/p>\n<p>3. <b>16. Januar &#8211; 31. Januar 2025 \u00dcberpr\u00fcfungs- und Empfehlungsprozess <\/b>Interview-Kommission und Governance-Kommission \u00fcberpr\u00fcfen die Kandidaten und geben eine Empfehlung an den Vorstand des SSSC ab<\/p>\n<p><strong>3. <b>1. Februar &#8211; 15. Februar 2026: Endg\u00fcltige Genehmigung durch den SSSC-Vorstand<\/b><\/strong><br>Empfohlene Kandidaten werden dem SSSC zur endg\u00fcltigen Pr\u00fcfung und Genehmigung vorgelegt.<\/p>\n<p><strong>4. <b>15. Februar 2026: Benachrichtigung &amp; Onboarding-Prozess beginnt<\/b><\/strong><br>Die Vorst\u00e4nde und Bewerber werden \u00fcber die neuen Vorstandsmitglieder benachrichtigt.  <\/p>\n<p> <\/p>\n<p><em>*Daten k\u00f6nnen sich aufgrund unvorhergesehener Umst\u00e4nde \u00e4ndern<\/em><\/p>\n\n\t\t<\/div>\n\t\t\t\t\t<\/div>\n\n\t\n\n<\/div>\n<div class=\"row align-middle align-center\"  id=\"row-469429241\">\n\n\n\t<div id=\"col-449576869\" class=\"col medium-6 small-12 large-6\"  >\n\t\t\t\t<div class=\"col-inner text-center\"  >\n\t\t\t\n\t\t\t\n\n\t<div class=\"img has-hover x md-x lg-x y md-y lg-y\" id=\"image_1769792453\">\n\t\t\t\t\t\t\t\t<div class=\"img-inner dark\" >\n\t\t\t<img decoding=\"async\" width=\"1020\" height=\"1020\" src=\"https:\/\/ssscorp.org\/wp-content\/uploads\/2022\/10\/4_orig-1024x1024.png\" class=\"attachment-large size-large\" alt=\"\" srcset=\"https:\/\/ssscorp.org\/wp-content\/uploads\/2022\/10\/4_orig-1024x1024.png 1024w, https:\/\/ssscorp.org\/wp-content\/uploads\/2022\/10\/4_orig-300x300.png 300w, https:\/\/ssscorp.org\/wp-content\/uploads\/2022\/10\/4_orig-150x150.png 150w, https:\/\/ssscorp.org\/wp-content\/uploads\/2022\/10\/4_orig-768x768.png 768w, https:\/\/ssscorp.org\/wp-content\/uploads\/2022\/10\/4_orig.png 1080w\" sizes=\"(max-width: 1020px) 100vw, 1020px\" \/>\t\t\t\t\t\t\n\t\t\t\t\t<\/div>\n\t\t\t\t\t\t\t\t\n<style>\n#image_1769792453 {\n  width: 30%;\n}\n<\/style>\n\t<\/div>\n\t\n\n<a href=\"https:\/\/ssscorp.org\/wp-content\/uploads\/2025\/12\/SDI-Board-Member-Job-Description-rev.-12.16.25.pdf\" target=\"_self\" class=\"button primary is-outline reveal-icon\"  >\n    <span>VOLLST\u00c4NDIGE STELLENBESCHREIBUNG HIER LESEN<\/span>\n  <i class=\"icon-angle-right\" ><\/i><\/a>\n\n\n\n\t\t<\/div>\n\t\t\t\t\t<\/div>\n\n\t\n\n\t<div id=\"col-832641989\" class=\"col medium-6 small-12 large-6\"  >\n\t\t\t\t<div class=\"col-inner text-center\"  >\n\t\t\t\n\t\t\t\n\n\t<div class=\"img has-hover x md-x lg-x y md-y lg-y\" id=\"image_435801706\">\n\t\t\t\t\t\t\t\t<div class=\"img-inner dark\" >\n\t\t\t<img decoding=\"async\" width=\"1020\" height=\"1020\" src=\"https:\/\/ssscorp.org\/wp-content\/uploads\/2022\/10\/5_orig-1024x1024.png\" class=\"attachment-large size-large\" alt=\"\" srcset=\"https:\/\/ssscorp.org\/wp-content\/uploads\/2022\/10\/5_orig-1024x1024.png 1024w, https:\/\/ssscorp.org\/wp-content\/uploads\/2022\/10\/5_orig-300x300.png 300w, https:\/\/ssscorp.org\/wp-content\/uploads\/2022\/10\/5_orig-150x150.png 150w, https:\/\/ssscorp.org\/wp-content\/uploads\/2022\/10\/5_orig-768x768.png 768w, https:\/\/ssscorp.org\/wp-content\/uploads\/2022\/10\/5_orig.png 1080w\" sizes=\"(max-width: 1020px) 100vw, 1020px\" \/>\t\t\t\t\t\t\n\t\t\t\t\t<\/div>\n\t\t\t\t\t\t\t\t\n<style>\n#image_435801706 {\n  width: 30%;\n}\n<\/style>\n\t<\/div>\n\t\n\n<a rel=\"noopener noreferrer\" href=\"https:\/\/www.surveymonkey.com\/r\/72MT8RC\" target=\"_blank\" class=\"button primary is-outline reveal-icon\"  >\n    <span>HIER BEWERBEN<\/span>\n  <i class=\"icon-angle-right\" ><\/i><\/a>\n\n\n\n\t\t<\/div>\n\t\t\t\t\t<\/div>\n\n\t\n\n<\/div>\n<p style=\"text-align: center;\"><strong><em>Bitte lesen Sie die Stellenbeschreibung des SDI-Vorstandsmitglieds vollst\u00e4ndig durch, bevor Sie die Bewerbung ausf\u00fcllen.<\/em><\/strong><\/p>\n\n\t\t<\/div>\n\t\t\t\t\t<\/div>\n\n\t\n\n<\/div>\n\n\t\t<\/div>\n\n\t\t\n<style>\n#section_893150569 {\n  padding-top: 30px;\n  padding-bottom: 30px;\n}\n#section_893150569 .ux-shape-divider--top svg {\n  height: 150px;\n  --divider-top-width: 100%;\n}\n#section_893150569 .ux-shape-divider--bottom svg {\n  height: 150px;\n  --divider-width: 100%;\n}\n<\/style>\n\t<\/section>\n\t\n\n","protected":false},"excerpt":{"rendered":"","protected":false},"author":1,"featured_media":0,"parent":2355,"menu_order":0,"comment_status":"closed","ping_status":"closed","template":"page-blank.php","meta":{"iawp_total_views":0,"footnotes":""},"class_list":["post-2325","page","type-page","status-publish","hentry"],"_links":{"self":[{"href":"https:\/\/ssscorp.org\/de\/wp-json\/wp\/v2\/pages\/2325","targetHints":{"allow":["GET"]}}],"collection":[{"href":"https:\/\/ssscorp.org\/de\/wp-json\/wp\/v2\/pages"}],"about":[{"href":"https:\/\/ssscorp.org\/de\/wp-json\/wp\/v2\/types\/page"}],"author":[{"embeddable":true,"href":"https:\/\/ssscorp.org\/de\/wp-json\/wp\/v2\/users\/1"}],"replies":[{"embeddable":true,"href":"https:\/\/ssscorp.org\/de\/wp-json\/wp\/v2\/comments?post=2325"}],"version-history":[{"count":12,"href":"https:\/\/ssscorp.org\/de\/wp-json\/wp\/v2\/pages\/2325\/revisions"}],"predecessor-version":[{"id":16619,"href":"https:\/\/ssscorp.org\/de\/wp-json\/wp\/v2\/pages\/2325\/revisions\/16619"}],"up":[{"embeddable":true,"href":"https:\/\/ssscorp.org\/de\/wp-json\/wp\/v2\/pages\/2355"}],"wp:attachment":[{"href":"https:\/\/ssscorp.org\/de\/wp-json\/wp\/v2\/media?parent=2325"}],"curies":[{"name":"wp","href":"https:\/\/api.w.org\/{rel}","templated":true}]}}