{"id":2210,"date":"2022-09-02T15:20:11","date_gmt":"2022-09-02T15:20:11","guid":{"rendered":"https:\/\/ssscorp.org\/2018-regelmaessige-und-sondersitzungen\/"},"modified":"2022-10-20T15:20:46","modified_gmt":"2022-10-20T15:20:46","slug":"2018-regelmaessige-und-sondersitzungen","status":"publish","type":"page","link":"https:\/\/ssscorp.org\/de\/2018-regelmaessige-und-sondersitzungen\/","title":{"rendered":"2018 Regelm\u00e4\u00dfige und Sondersitzungen"},"content":{"rendered":"\n\n  <div class=\"banner has-hover has-parallax\" id=\"banner-1283449901\">\n          <div class=\"banner-inner fill\">\n        <div class=\"banner-bg fill\" data-parallax=\"-3\" data-parallax-container=\".banner\" data-parallax-background>\n            <div class=\"bg fill bg-fill \"><\/div>\n                        <div class=\"overlay\"><\/div>            \n                    <\/div>\n\t\t\n        <div class=\"banner-layers container\">\n            <div class=\"fill banner-link\"><\/div>            \n\n   <div id=\"text-box-1262215434\" class=\"text-box banner-layer x50 md-x50 lg-x50 y50 md-y50 lg-y50 res-text\">\n                                <div class=\"text-box-content text dark\">\n              \n              <div class=\"text-inner text-center\">\n                  \n\n<h3 class=\"uppercase\"><strong>Ordentliche und au\u00dferordentliche Sitzungen 2018<\/strong><\/h3>\n<p>Klicken Sie auf das jeweilige Datum der regul\u00e4ren Sitzung, um die Tagesordnung f\u00fcr diese Sitzung anzuzeigen.&nbsp;<\/p>\n\n\n              <\/div>\n           <\/div>\n                            \n<style>\n#text-box-1262215434 {\n  width: 98%;\n}\n#text-box-1262215434 .text-box-content {\n  font-size: 100%;\n}\n<\/style>\n    <\/div>\n \n\n        <\/div>\n      <\/div>\n\n            \n<style>\n#banner-1283449901 {\n  padding-top: 300px;\n}\n#banner-1283449901 .bg.bg-loaded {\n  background-image: url(https:\/\/ssscorp.org\/wp-content\/uploads\/2022\/09\/Untitled-design-3-scaled-1.jpeg);\n}\n#banner-1283449901 .overlay {\n  background-color: rgba(17, 33, 82, 0.855);\n}\n#banner-1283449901 .ux-shape-divider--top svg {\n  height: 150px;\n  --divider-top-width: 100%;\n}\n#banner-1283449901 .ux-shape-divider--bottom svg {\n  height: 150px;\n  --divider-width: 100%;\n}\n<\/style>\n  <\/div>\n\n\n\t<section class=\"section\" id=\"section_948225548\">\n\t\t<div class=\"bg section-bg fill bg-fill  bg-loaded\" >\n\n\t\t\t\n\t\t\t\n\t\t\t\n\n\t\t<\/div>\n\n\t\t\n\n\t\t<div class=\"section-content relative\">\n\t\t\t\n\n<div class=\"row\"  id=\"row-1896107978\">\n\n\n\t<div id=\"col-1433512612\" class=\"col medium-6 small-12 large-6\"  >\n\t\t\t\t<div class=\"col-inner\"  >\n\t\t\t\n\t\t\t\n\n<div class=\"container section-title-container\" ><h3 class=\"section-title section-title-normal\"><b><\/b><span class=\"section-title-main\" >2018 Regul\u00e4re Meetings Tagesordnungen<\/span><b><\/b><\/h3><\/div>\n\n<ul>\n<li>\u200b\u200b03.01.2018 Ordentliches Treffen<\/li>\n<li>13. Januar &#8211; Regelm\u00e4\u00dfiges F2F-Treffen<\/li>\n<li>6. Februar 2018 &#8211; Regelm\u00e4\u00dfiges Treffen<\/li>\n<li>6. M\u00e4rz 2018 &#8211; Regelm\u00e4\u00dfiges Treffen<\/li>\n<li>21. M\u00e4rz 2018 &#8211; Regelm\u00e4\u00dfiges Treffen<\/li>\n<li>27. M\u00e4rz 2018 &#8211; Regelm\u00e4\u00dfiges Treffen<\/li>\n<li>4. April 2018 &#8211; Regelm\u00e4\u00dfiges Treffen<\/li>\n<li>29. April 2018 &#8211; Regelm\u00e4\u00dfiges Treffen<\/li>\n<li>30. April 2018 &#8211; Regelm\u00e4\u00dfiges Treffen<\/li>\n<li>10. Juli 2018 &#8211; Regelm\u00e4\u00dfiges Treffen<\/li>\n<li>29. August 2018 &#8211; Regelm\u00e4\u00dfiges Treffen<\/li>\n<li>30. September 2018 &#8211; Regul\u00e4res Treffen<\/li>\n<li>1. Oktober 2018 &#8211; Regelm\u00e4\u00dfiges Treffen<\/li>\n<li>14. November 2018 \u2013 Tagesordnung der regul\u00e4ren Sitzung des SSSC<\/li>\n<li>20. November 2018 \u2013 Tagesordnung der regul\u00e4ren Sitzung des SSSC<\/li>\n<li>28. November 2018 \u2013 Tagesordnung der regul\u00e4ren Sitzung des SSSC<\/li>\n<li>5. Dezember 2018 \u2013 Tagesordnung der regul\u00e4ren Sitzung des SSSC<\/li>\n<\/ul>\n\n\t\t<\/div>\n\t\t\t\t\t<\/div>\n\n\t\n\n\t<div id=\"col-168260154\" class=\"col medium-6 small-12 large-6\"  >\n\t\t\t\t<div class=\"col-inner\"  >\n\t\t\t\n\t\t\t\n\n<div class=\"container section-title-container\" ><h3 class=\"section-title section-title-normal\"><b><\/b><span class=\"section-title-main\" >Sondersitzungen 2018<\/span><b><\/b><\/h3><\/div>\n\n<ul>\n<li>10. Januar 2018 &#8211; Sondersitzung<\/li>\n<li>13. Januar 2018 \u2013 F2F-Sondertreffen<\/li>\n<li>14. Januar 2018 \u2013 F2F-Sondertreffen<\/li>\n<li>15. Januar 2018 \u2013 F2F-Sondertreffen<\/li>\n<li>21. Februar 2018 &#8211; Sondersitzung<\/li>\n<li>28. Februar 2018 &#8211; Sondersitzung<\/li>\n<li>29. April 2018 &#8211; Sondersitzung<\/li>\n<li>30. April 2018 &#8211; Sondersitzung<\/li>\n<li>23. Mai 2018 &#8211; Sondersitzung<\/li>\n<li>29. Mai 2018 &#8211; Sondersitzung<\/li>\n<li>6. Juni 2018 &#8211; Sondersitzung<\/li>\n<li>25. Juli 2018 &#8211; Sondersitzung<\/li>\n<li>1. August 2018 &#8211; Sondersitzung<\/li>\n<li>2. August 2018 &#8211; Sondersitzung<\/li>\n<li>29. August 2018 &#8211; Sondersitzung<\/li>\n<li>19. September 2018 &#8211; Sondersitzung<\/li>\n<li>10. Oktober 2018 &#8211; Sondersitzung<\/li>\n<li>24. Oktober 2018 &#8211; Sondersitzung<\/li>\n<li>7. November 2018<\/li>\n<li>12. Dezember 2018 &#8211; Sondersitzung<\/li>\n<\/ul>\n\n\t\t<\/div>\n\t\t\t\t\t<\/div>\n\n\t\n\n<\/div>\n\n\t\t<\/div>\n\n\t\t\n<style>\n#section_948225548 {\n  padding-top: 30px;\n  padding-bottom: 30px;\n}\n#section_948225548 .ux-shape-divider--top svg {\n  height: 150px;\n  --divider-top-width: 100%;\n}\n#section_948225548 .ux-shape-divider--bottom svg {\n  height: 150px;\n  --divider-width: 100%;\n}\n<\/style>\n\t<\/section>\n\t\n\n","protected":false},"excerpt":{"rendered":"","protected":false},"author":1,"featured_media":0,"parent":0,"menu_order":0,"comment_status":"closed","ping_status":"closed","template":"page-blank.php","meta":{"iawp_total_views":1,"footnotes":""},"class_list":["post-2210","page","type-page","status-publish","hentry"],"_links":{"self":[{"href":"https:\/\/ssscorp.org\/de\/wp-json\/wp\/v2\/pages\/2210","targetHints":{"allow":["GET"]}}],"collection":[{"href":"https:\/\/ssscorp.org\/de\/wp-json\/wp\/v2\/pages"}],"about":[{"href":"https:\/\/ssscorp.org\/de\/wp-json\/wp\/v2\/types\/page"}],"author":[{"embeddable":true,"href":"https:\/\/ssscorp.org\/de\/wp-json\/wp\/v2\/users\/1"}],"replies":[{"embeddable":true,"href":"https:\/\/ssscorp.org\/de\/wp-json\/wp\/v2\/comments?post=2210"}],"version-history":[{"count":1,"href":"https:\/\/ssscorp.org\/de\/wp-json\/wp\/v2\/pages\/2210\/revisions"}],"predecessor-version":[{"id":2224,"href":"https:\/\/ssscorp.org\/de\/wp-json\/wp\/v2\/pages\/2210\/revisions\/2224"}],"wp:attachment":[{"href":"https:\/\/ssscorp.org\/de\/wp-json\/wp\/v2\/media?parent=2210"}],"curies":[{"name":"wp","href":"https:\/\/api.w.org\/{rel}","templated":true}]}}