{"id":2205,"date":"2022-09-02T15:20:08","date_gmt":"2022-09-02T15:20:08","guid":{"rendered":"https:\/\/ssscorp.org\/2017-regelmaessige-und-sondersitzungen\/"},"modified":"2022-10-20T15:20:45","modified_gmt":"2022-10-20T15:20:45","slug":"2017-regelmaessige-und-sondersitzungen","status":"publish","type":"page","link":"https:\/\/ssscorp.org\/de\/2017-regelmaessige-und-sondersitzungen\/","title":{"rendered":"2017 Regelm\u00e4\u00dfige und Sondersitzungen"},"content":{"rendered":"\n\n  <div class=\"banner has-hover has-parallax\" id=\"banner-1001888206\">\n          <div class=\"banner-inner fill\">\n        <div class=\"banner-bg fill\" data-parallax=\"-3\" data-parallax-container=\".banner\" data-parallax-background>\n            <div class=\"bg fill bg-fill \"><\/div>\n                        <div class=\"overlay\"><\/div>            \n                    <\/div>\n\t\t\n        <div class=\"banner-layers container\">\n            <div class=\"fill banner-link\"><\/div>            \n\n   <div id=\"text-box-161905072\" class=\"text-box banner-layer x50 md-x50 lg-x50 y50 md-y50 lg-y50 res-text\">\n                                <div class=\"text-box-content text dark\">\n              \n              <div class=\"text-inner text-center\">\n                  \n\n<h3 class=\"uppercase\"><strong>Regelm\u00e4\u00dfige und besondere Sitzungen 2017<\/strong><\/h3>\n<p>Klicken Sie auf das Datum jedes regul\u00e4ren Treffens, um die Tagesordnung f\u00fcr dieses Treffen anzuzeigen.\u200b<\/p>\n\n              <\/div>\n           <\/div>\n                            \n<style>\n#text-box-161905072 {\n  width: 98%;\n}\n#text-box-161905072 .text-box-content {\n  font-size: 100%;\n}\n<\/style>\n    <\/div>\n \n\n        <\/div>\n      <\/div>\n\n            \n<style>\n#banner-1001888206 {\n  padding-top: 300px;\n}\n#banner-1001888206 .bg.bg-loaded {\n  background-image: url(https:\/\/ssscorp.org\/wp-content\/uploads\/2022\/09\/Untitled-design-3-scaled-1.jpeg);\n}\n#banner-1001888206 .overlay {\n  background-color: rgba(17, 33, 82, 0.855);\n}\n#banner-1001888206 .ux-shape-divider--top svg {\n  height: 150px;\n  --divider-top-width: 100%;\n}\n#banner-1001888206 .ux-shape-divider--bottom svg {\n  height: 150px;\n  --divider-width: 100%;\n}\n<\/style>\n  <\/div>\n\n\n\t<section class=\"section\" id=\"section_906767401\">\n\t\t<div class=\"bg section-bg fill bg-fill  bg-loaded\" >\n\n\t\t\t\n\t\t\t\n\t\t\t\n\n\t\t<\/div>\n\n\t\t\n\n\t\t<div class=\"section-content relative\">\n\t\t\t\n\n<div class=\"row\"  id=\"row-288105435\">\n\n\n\t<div id=\"col-1964760751\" class=\"col medium-6 small-12 large-6\"  >\n\t\t\t\t<div class=\"col-inner\"  >\n\t\t\t\n\t\t\t\n\n<div class=\"container section-title-container\" ><h3 class=\"section-title section-title-normal\"><b><\/b><span class=\"section-title-main\" >2017 Regul\u00e4re Meetings Tagesordnungen<\/span><b><\/b><\/h3><\/div>\n\n<ul>\n<li>1. M\u00e4rz 2017 Tagesordnung der regul\u00e4ren SSSC-Sitzung<\/li>\n<li>8. M\u00e4rz 2017 Tagesordnung der regul\u00e4ren SSSC-Sitzung<\/li>\n<li>22. M\u00e4rz 2017 Tagesordnung der regul\u00e4ren SSSC-Sitzung<\/li>\n<li>12. April 2017 Tagesordnung der regul\u00e4ren SSSC-Sitzung<\/li>\n<li>10. Mai 2017 Tagesordnung der regul\u00e4ren SSSC-Sitzung<\/li>\n<li>23. Mai 2017 Tagesordnung der regul\u00e4ren SSSC-Sitzung<\/li>\n<li>7. Juni 2017 Tagesordnung der regul\u00e4ren SSSC-Sitzung<\/li>\n<li>5. Juli 2017 Tagesordnung der regul\u00e4ren SSSC-Sitzung<\/li>\n<li>20. Juli 2017 Ordentliches Treffen<\/li>\n<li>6. September 2017 Ordentliches Treffen<\/li>\n<li>24. September 2017 Regelm\u00e4\u00dfiges Meeting (Pr\u00e4senz September)<\/li>\n<li>25. September 2017 Regelm\u00e4\u00dfiges Meeting (Pr\u00e4senz September)<\/li>\n<li>11. Oktober 2017 Tagesordnung der regul\u00e4ren SSSC-Sitzung<\/li>\n<li>28. November 2017 Tagesordnung der regul\u00e4ren SSSC-Sitzung<\/li>\n<\/ul>\n\n\t\t<\/div>\n\t\t\t\t\t<\/div>\n\n\t\n\n\t<div id=\"col-761196161\" class=\"col medium-6 small-12 large-6\"  >\n\t\t\t\t<div class=\"col-inner\"  >\n\t\t\t\n\t\t\t\n\n<div class=\"container section-title-container\" ><h3 class=\"section-title section-title-normal\"><b><\/b><span class=\"section-title-main\" >Sondersitzungen 2017<\/span><b><\/b><\/h3><\/div>\n\n<ul>\n<li>18. Januar 2017 Sondersitzung des SSSC<\/li>\n<li>25. Januar 2017 Sondersitzung des SSSC<\/li>\n<li>1. Februar 2017 Sondersitzung des SSSC<\/li>\n<li>18. Februar 2017 SSSC-Sondersitzung<\/li>\n<li>19. Februar 2017 SSSC-Sondersitzung<\/li>\n<li>1. M\u00e4rz 2017 SSSC-Sondersitzung<\/li>\n<li>15. M\u00e4rz 2017 SSSC-Sondersitzung<\/li>\n<li>5. April 2017 SSSC-Sondersitzung<\/li>\n<li>23. April 2017 SSSC-Sondersitzung<\/li>\n<li>7. Juni 2017 SSSC-Sondersitzung<\/li>\n<li>9. August 2017 SSSC-Sondersitzung<\/li>\n<li>22. August 2017 SSSC-Sondersitzung<\/li>\n<li>6. September 2017 SSSC-Sondersitzung<\/li>\n<li>12. September 2017 SSSC-Sondersitzung<\/li>\n<li>24. September 2017 SSSC-Sondersitzung<\/li>\n<li>25. September 2017 SSSC-Sondersitzung<\/li>\n<li>24. Oktober 2017 SSSC-Sondersitzung<\/li>\n<li>8. November 2017 SSSC-Sondersitzung<\/li>\n<li>28. November 2017 SSSC-Sondersitzung<\/li>\n<li>13. Dezember 2017 SSSC-Sondersitzung<\/li>\n<\/ul>\n\n\t\t<\/div>\n\t\t\t\t\t<\/div>\n\n\t\n\n<\/div>\n\n\t\t<\/div>\n\n\t\t\n<style>\n#section_906767401 {\n  padding-top: 30px;\n  padding-bottom: 30px;\n}\n#section_906767401 .ux-shape-divider--top svg {\n  height: 150px;\n  --divider-top-width: 100%;\n}\n#section_906767401 .ux-shape-divider--bottom svg {\n  height: 150px;\n  --divider-width: 100%;\n}\n<\/style>\n\t<\/section>\n\t\n\n","protected":false},"excerpt":{"rendered":"","protected":false},"author":1,"featured_media":0,"parent":0,"menu_order":0,"comment_status":"closed","ping_status":"closed","template":"page-blank.php","meta":{"iawp_total_views":1,"footnotes":""},"class_list":["post-2205","page","type-page","status-publish","hentry"],"_links":{"self":[{"href":"https:\/\/ssscorp.org\/de\/wp-json\/wp\/v2\/pages\/2205","targetHints":{"allow":["GET"]}}],"collection":[{"href":"https:\/\/ssscorp.org\/de\/wp-json\/wp\/v2\/pages"}],"about":[{"href":"https:\/\/ssscorp.org\/de\/wp-json\/wp\/v2\/types\/page"}],"author":[{"embeddable":true,"href":"https:\/\/ssscorp.org\/de\/wp-json\/wp\/v2\/users\/1"}],"replies":[{"embeddable":true,"href":"https:\/\/ssscorp.org\/de\/wp-json\/wp\/v2\/comments?post=2205"}],"version-history":[{"count":1,"href":"https:\/\/ssscorp.org\/de\/wp-json\/wp\/v2\/pages\/2205\/revisions"}],"predecessor-version":[{"id":2220,"href":"https:\/\/ssscorp.org\/de\/wp-json\/wp\/v2\/pages\/2205\/revisions\/2220"}],"wp:attachment":[{"href":"https:\/\/ssscorp.org\/de\/wp-json\/wp\/v2\/media?parent=2205"}],"curies":[{"name":"wp","href":"https:\/\/api.w.org\/{rel}","templated":true}]}}