{"id":2174,"date":"2022-09-02T15:17:04","date_gmt":"2022-09-02T15:17:04","guid":{"rendered":"https:\/\/ssscorp.org\/tag-des-friedensgebets\/"},"modified":"2022-10-22T21:02:15","modified_gmt":"2022-10-22T21:02:15","slug":"tag-des-friedensgebets","status":"publish","type":"page","link":"https:\/\/ssscorp.org\/de\/tag-des-friedensgebets\/","title":{"rendered":"Tag des Friedensgebets"},"content":{"rendered":"\n\n  <div class=\"banner has-hover\" id=\"banner-2047148401\">\n          <div class=\"banner-inner fill\">\n        <div class=\"banner-bg fill\" >\n            <div class=\"bg fill bg-fill \"><\/div>\n                                    \n                    <\/div>\n\t\t\n        <div class=\"banner-layers container\">\n            <div class=\"fill banner-link\"><\/div>            \n\n\n        <\/div>\n      <\/div>\n\n            \n<style>\n#banner-2047148401 {\n  padding-top: 625px;\n}\n#banner-2047148401 .bg.bg-loaded {\n  background-image: url(https:\/\/ssscorp.org\/wp-content\/uploads\/2022\/10\/52450587.png);\n}\n#banner-2047148401 .ux-shape-divider--top svg {\n  height: 150px;\n  --divider-top-width: 100%;\n}\n#banner-2047148401 .ux-shape-divider--bottom svg {\n  height: 150px;\n  --divider-width: 100%;\n}\n<\/style>\n  <\/div>\n\n\n\t<section class=\"section\" id=\"section_1557536700\">\n\t\t<div class=\"bg section-bg fill bg-fill  bg-loaded\" >\n\n\t\t\t\n\t\t\t\n\t\t\t\n\n\t\t<\/div>\n\n\t\t\n\n\t\t<div class=\"section-content relative\">\n\t\t\t\n\n<div class=\"row\"  id=\"row-1937675805\">\n\n\n\t<div id=\"col-1533680291\" class=\"col small-12 large-12\"  >\n\t\t\t\t<div class=\"col-inner\"  >\n\t\t\t\n\t\t\t\n\n<h1 style=\"text-align: center;\">Sommersonnenwende und Friedensgebetstag<\/h1>\n<p>Ein Tag der Musik, des Tanzes und des Gebets \u2013 Der Internationale Gebetstag f\u00fcr den Frieden ist eine Versammlung im heiligen Land von Guru Ram Das Puri, wo wir unsere Dankbarkeit und Hoffnung f\u00fcr die Zukunft durch Yoga, Meditation, Gesang und den heiligen Heilungsweg zum Ausdruck bringen k\u00f6nnen. Dies ist eine starke Zeit, um Ihre Gebete f\u00fcr den Frieden, die Heilung und die Einheit der gesamten Menschheit darzubringen, um dieses heilige Land zu segnen und zu ehren, und \u2013 f\u00fcr diejenigen, die am Sommersonnenwende-Sadhana teilnehmen \u2013 sich auf die transformative Sonnenwende-Reise zu begeben . Alle sind herzlich eingeladen, an dieser kostenlosen Veranstaltung teilzunehmen.<\/p>\n<h1 style=\"text-align: center;\">Siri Singh Sahib Corporation Award f\u00fcr soziale Gerechtigkeit<\/h1>\n<p>Zu Ehren unseres spirituellen Lehrers Yogi Bhajan hat die Siri Singh Sahib Corporation in Zusammenarbeit mit der 3HO Foundation International, Sikh Dharma International und der East West Tea Company eine Tradition der Ehrung von Personen begonnen, deren Leben und Werk der Entwicklung gewidmet waren von Frieden, Gleichheit und Gerechtigkeit. Wir beginnen diese Ehrung mit der Verleihung des Siri Singh Sahib Corporation Award for Social Justice.<br>Der Preis der Siri Singh Sahib Corporation f\u00fcr soziale Gerechtigkeit wird an diejenigen verliehen, die sich selbstlos f\u00fcr Frieden und die Verwirklichung von Gleichheit eingesetzt haben. Der Geist dieser Auszeichnung wird durch den Zweck des Peace Prayer Day eingefangen, einem Tag, an dem wir zusammenkommen, um den Frieden zu feiern. Wo alle Menschen aus allen Gesellschaftsschichten willkommen sind. Es ist ein Tag, an dem wir uns \u00fcber den tiefen Geist freuen, der in jedem von uns lebt, und es ist eine Zeit, in der wir nach au\u00dfen hin ein Bewusstsein von Verst\u00e4ndnis, Mitgef\u00fchl, Freude und Erbauung teilen. <\/p>\n<h1 style=\"text-align: center;\"><span style=\"color: #000000;\">Die Sommersonnenwende 2020 und 2021 wurden aufgrund von Covid ausgesetzt<\/span><\/h1>\n\n\t\t<\/div>\n\t\t\t\t\t<\/div>\n\n\t\n\n\t<div id=\"col-652856772\" class=\"col small-12 large-12\"  >\n\t\t\t\t<div class=\"col-inner\"  >\n\t\t\t\n\t\t\t\n\n<h1 style=\"text-align: center;\">Ehemalige Redner<\/h1>\n<div class=\"is-divider divider clearfix\" style=\"max-width:100%;height:2px;\"><\/div>\n\n<div class=\"row align-middle\"  id=\"row-1757697838\">\n\n\n\t<div id=\"col-259135081\" class=\"col medium-5 small-12 large-5\"  >\n\t\t\t\t<div class=\"col-inner\"  >\n\t\t\t\n\t\t\t\n\n\t<div class=\"img has-hover x md-x lg-x y md-y lg-y\" id=\"image_1807885799\">\n\t\t\t\t\t\t\t\t<div class=\"img-inner dark\" >\n\t\t\t<img fetchpriority=\"high\" decoding=\"async\" width=\"417\" height=\"334\" src=\"https:\/\/ssscorp.org\/wp-content\/uploads\/2022\/10\/54aef3972fba1-image.jpg\" class=\"attachment-large size-large\" alt=\"\" srcset=\"https:\/\/ssscorp.org\/wp-content\/uploads\/2022\/10\/54aef3972fba1-image.jpg 417w, https:\/\/ssscorp.org\/wp-content\/uploads\/2022\/10\/54aef3972fba1-image-300x240.jpg 300w\" sizes=\"(max-width: 417px) 100vw, 417px\" \/>\t\t\t\t\t\t\n\t\t\t\t\t<\/div>\n\t\t\t\t\t\t\t\t\n<style>\n#image_1807885799 {\n  width: 100%;\n}\n<\/style>\n\t<\/div>\n\t\n\n\n\t\t<\/div>\n\t\t\t\t\t<\/div>\n\n\t\n\n\t<div id=\"col-1568480793\" class=\"col medium-7 small-12 large-7\"  >\n\t\t\t\t<div class=\"col-inner\"  >\n\t\t\t\n\t\t\t\n\n<div class=\"container section-title-container\" ><h3 class=\"section-title section-title-normal\"><b><\/b><span class=\"section-title-main\" >Fania Davis<\/span><b><\/b><a href=\"#\" target=\"\">2019<i class=\"icon-angle-right\" ><\/i><\/a><\/h3><\/div>\n\n<p>Fania Davis ist eine f\u00fchrende nationale Stimme f\u00fcr Restorative Justice, ein sich schnell entwickelndes Feld, das zu einem grundlegenden Wandel in der Art und Weise einl\u00e4dt, wie wir \u00fcber Gerechtigkeit denken und sie anwenden. Restorative Justice basiert auf einer gew\u00fcnschten Reihe von Prinzipien und Praktiken, um Konflikte zu schlichten, die Gemeinschaft zu st\u00e4rken und Sch\u00e4den zu beheben. Sie ist eine langj\u00e4hrige Aktivistin f\u00fcr soziale Gerechtigkeit, Prozessanw\u00e4ltin f\u00fcr B\u00fcrgerrechte, Praktikerin f\u00fcr restaurative Gerechtigkeit, Autorin und Wissenschaftlerin mit einem Doktortitel in indigenem Wissen.<br>Als sie w\u00e4hrend der sozialen G\u00e4rung der B\u00fcrgerrechts\u00e4ra in Birmingham, Alabama, erwachsen wurde, kristallisierte sich in Fania ein leidenschaftliches Engagement f\u00fcr soziale Transformation heraus. In den n\u00e4chsten Jahrzehnten war sie in den Bewegungen f\u00fcr B\u00fcrgerrechte, Schwarze Befreiung, Frauen, Gefangene, Frieden, antirassistische Gewalt und Anti-Apartheid aktiv. Nachdem sie 1979 ihren Abschluss in Rechtswissenschaften an der University of California, Berkeley, gemacht hatte, praktizierte Fania etwa 27 Jahre lang als Prozessanw\u00e4ltin f\u00fcr B\u00fcrgerrechte.<\/p>\n\n\t\t<\/div>\n\t\t\t\t\t<\/div>\n\n\t\n\n\t<div id=\"col-1542259714\" class=\"col small-12 large-12\"  >\n\t\t\t\t<div class=\"col-inner\"  >\n\t\t\t\n\t\t\t\n\n<p>W\u00e4hrend der Mitte der 1990er Jahre trat sie in einen Ph.D. Programm in indigenen Studien am California Institute of Integral Studies und lernte bei traditionellen Heilern auf der ganzen Welt, insbesondere in Afrika. Seit Erhalt ihres Ph.D. 2003 hat sich Fania auf die Suche nach heilenden Alternativen zur kontroversen Justiz gemacht. Sie hat Restorative Justice an der New College Law School in San Francisco und Indigene Friedensstiftung am Center for Justice and Peacebuilding der Eastern Mennonite University gelehrt. Sie schreibt und spricht zu diesen Themen.<br>\u200b<br>Die Suche nach einer heilenden Gerechtigkeit f\u00fchrte Fania auch dazu, wiederherstellende Gerechtigkeit nach Oakland zu bringen. Als Gr\u00fcnderin und derzeitige Direktorin der Restorative Justice of Oakland Youth (RJOY) diente Fania als Beraterin des International Council of Thirteen Indigenous Grandmothers. Zu den zahlreichen Ehrungen geh\u00f6ren der Ubuntu-Preis f\u00fcr Dienste an der Menschheit, der Dennis-Maloney-Preis f\u00fcr herausragende Leistungen in Youth Restorative Justice und der Healing Justice Award des World Trust. Die Los Angeles Times ernannte sie k\u00fcrzlich zu einer neuen B\u00fcrgerrechtsf\u00fchrerin des 21. Jahrhunderts. Zu den Forschungsinteressen von Fania geh\u00f6ren Rasse und restorative Gerechtigkeit, soziale Gerechtigkeit und restorative Gerechtigkeit sowie die Erforschung der indigenen Wurzeln, insbesondere der indigenen afrikanischen Wurzeln, der restorativen Gerechtigkeit.<\/p>\n<a rel=\"noopener noreferrer\" href=\"http:\/\/rjoyoakland.org\" target=\"_blank\" class=\"button primary reveal-icon\"  >\n    <span>F\u00dcR WEITERE INFORMATIONEN<\/span>\n  <i class=\"icon-angle-right\" ><\/i><\/a>\n\n\n\n\t\t<\/div>\n\t\t\t\t\t<\/div>\n\n\t\n\n<\/div>\n<div class=\"row align-middle\"  id=\"row-1761791569\">\n\n\n\t<div id=\"col-374680925\" class=\"col medium-5 small-12 large-5\"  >\n\t\t\t\t<div class=\"col-inner\"  >\n\t\t\t\n\t\t\t\n\n\t<div class=\"img has-hover x md-x lg-x y md-y lg-y\" id=\"image_2055877761\">\n\t\t\t\t\t\t\t\t<div class=\"img-inner dark\" >\n\t\t\t<img decoding=\"async\" width=\"585\" height=\"390\" src=\"https:\/\/ssscorp.org\/wp-content\/uploads\/2022\/10\/20170116-img-8057.jpg\" class=\"attachment-large size-large\" alt=\"\" srcset=\"https:\/\/ssscorp.org\/wp-content\/uploads\/2022\/10\/20170116-img-8057.jpg 585w, https:\/\/ssscorp.org\/wp-content\/uploads\/2022\/10\/20170116-img-8057-300x200.jpg 300w\" sizes=\"(max-width: 585px) 100vw, 585px\" \/>\t\t\t\t\t\t\n\t\t\t\t\t<\/div>\n\t\t\t\t\t\t\t\t\n<style>\n#image_2055877761 {\n  width: 100%;\n}\n<\/style>\n\t<\/div>\n\t\n\n\n\t\t<\/div>\n\t\t\t\t\t<\/div>\n\n\t\n\n\t<div id=\"col-1549692582\" class=\"col medium-7 small-12 large-7\"  >\n\t\t\t\t<div class=\"col-inner\"  >\n\t\t\t\n\t\t\t\n\n<div class=\"container section-title-container\" ><h3 class=\"section-title section-title-normal\"><b><\/b><span class=\"section-title-main\" >Christian Picciolini<\/span><b><\/b><a href=\"#\" target=\"\">2018<i class=\"icon-angle-right\" ><\/i><\/a><\/h3><\/div>\n\n<p><span style=\"color: #3f3f3f;\">Nachdem er die wei\u00df-supremistische Skinhead-Bewegung verlassen hatte, die er in den<\/span><span style=\"color: #3f3f3f;\">in den 1980er und 90er Jahren in Amerika mit aufgebaut <\/span><span style=\"color: #3f3f3f;\">und 90er Jahren in Amerika mitgeholfen hatte, erwarb Christian Picciolini einen Abschluss in internationaler<\/span><span style=\"color: #3f3f3f;\">von der DePaul University. Er  <\/span><span style=\"color: #3f3f3f;\">Goldmill Group, ein weltweit t\u00e4tiges Unternehmen f\u00fcr digitale Medien und Counter-<\/span><span style=\"color: #3f3f3f;\">Beratungsunternehmen f\u00fcr Extremismus. Im Jahr 2016 hat er  <\/span><span style=\"color: #3f3f3f;\">gewann einen Emmy Award f\u00fcr seine Rolle bei der Produktion einer Anti-Hass-Werbung<\/span><span style=\"color: #3f3f3f;\">Werbekampagne zur Unterst\u00fctzung <\/span> <span style=\"color: #3f3f3f;\">Menschen, die sich von extremistischen Gruppen l\u00f6sen. Sein Leben seit dem Verlassen von t<\/span><span style=\"color: #3f3f3f;\">ie wei\u00df-suprematistische Bewegung vor \u00fcber <\/span><span style=\"color: #3f3f3f;\">vor zwei Jahrzehnten hat es sich zur Aufgabe gemacht, anderen zu helfen, Rassismus und<\/span><span style=\"color: #3f3f3f;\">und gewaltt\u00e4tigem Extremismus durch<\/span><span style=\"color: #3f3f3f;\">Gr\u00fcndung der Organisation Life After Hate. Christian f\u00fchrt nun die F<\/span><span style=\"color: #3f3f3f;\">ree Radicals Project, das weltweit gr\u00f6\u00dfte  <\/span><span style=\"color: #3f3f3f;\">erste globale Plattform zur Bek\u00e4mpfung des Extremismus. Christian hat  <\/span><span style=\"color: #3f3f3f;\">sprach auf der TEDx-B\u00fchne und vor <\/span><span style=\"color: #3f3f3f;\">Publikum auf der ganzen Welt, teilt sein einzigartiges und umfassendes Wissen<\/span><span style=\"color: #3f3f3f;\">Wissen und lehrt alle, die bereit sind <\/span><span style=\"color: #3f3f3f;\">\u00fcber den Aufbau von mehr Frieden und Akzeptanz durch Empathie und<\/span><span style=\"color: #3f3f3f;\">d Mitgef\u00fchl. Er hat  <\/span><span style=\"color: #3f3f3f;\">\u00fcber 100 Menschen geholfen, sich von Hassgruppen zu l\u00f6sen. Christlich  <\/span><span style=\"color: #3f3f3f;\">Beteiligung an der fr\u00fchen amerikanischen <\/span><span style=\"color: #3f3f3f;\">Skinhead-Bewegung wird in seinen Memoiren geschildert <\/span><span style=\"color: #3f3f3f;\">WHITE AMERICAN YOUTH: Mein Abstieg in <\/span><span style=\"color: #3f3f3f;\">Amerika<\/span><span style=\"color: #3f3f3f;\">&#8216;<\/span><span style=\"color: #3f3f3f;\">s Most Violent Hate Movement<\/span><span style=\"color: #3f3f3f;\">&#8212;<\/span><span style=\"color: #3f3f3f;\">und wie ich da rauskam <\/span> <span style=\"color: #3f3f3f;\">(Hachette, 2018). Christian ist mit<\/span><span style=\"color: #3f3f3f;\">Er entwickelt eine Fernsehdokumentationsserie, die auf seiner Arbeit basiert, Menschen dabei zu helfen, sich von gewaltt\u00e4tigen Ideologien zu l\u00f6sen.<\/span><\/p>\n<a rel=\"noopener noreferrer\" href=\"http:\/\/www.christianpicciolini.com\" target=\"_blank\" class=\"button primary reveal-icon\"  >\n    <span>F\u00dcR WEITERE INFORMATIONEN<\/span>\n  <i class=\"icon-angle-right\" ><\/i><\/a>\n\n\n\n\t\t<\/div>\n\t\t\t\t\t<\/div>\n\n\t\n\n<\/div>\n<div class=\"row\"  id=\"row-2099132047\">\n\n\n\t<div id=\"col-29463311\" class=\"col medium-5 small-12 large-5\"  >\n\t\t\t\t<div class=\"col-inner\"  >\n\t\t\t\n\t\t\t\n\n\t<div class=\"img has-hover x md-x lg-x y md-y lg-y\" id=\"image_1591015441\">\n\t\t\t\t\t\t\t\t<div class=\"img-inner dark\" >\n\t\t\t<img decoding=\"async\" width=\"307\" height=\"307\" src=\"https:\/\/ssscorp.org\/wp-content\/uploads\/2022\/10\/interfaith-amigos.jpg\" class=\"attachment-large size-large\" alt=\"\" srcset=\"https:\/\/ssscorp.org\/wp-content\/uploads\/2022\/10\/interfaith-amigos.jpg 307w, https:\/\/ssscorp.org\/wp-content\/uploads\/2022\/10\/interfaith-amigos-300x300.jpg 300w, https:\/\/ssscorp.org\/wp-content\/uploads\/2022\/10\/interfaith-amigos-150x150.jpg 150w\" sizes=\"(max-width: 307px) 100vw, 307px\" \/>\t\t\t\t\t\t\n\t\t\t\t\t<\/div>\n\t\t\t\t\t\t\t\t\n<style>\n#image_1591015441 {\n  width: 100%;\n}\n<\/style>\n\t<\/div>\n\t\n\n\n\t\t<\/div>\n\t\t\t\t\t<\/div>\n\n\t\n\n\t<div id=\"col-729836632\" class=\"col medium-7 small-12 large-7\"  >\n\t\t\t\t<div class=\"col-inner\"  >\n\t\t\t\n\t\t\t\n\n<div class=\"container section-title-container\" ><h3 class=\"section-title section-title-normal\"><b><\/b><span class=\"section-title-main\" >Interreligi\u00f6se Amigos<\/span><b><\/b><a href=\"#\" target=\"\">2017<i class=\"icon-angle-right\" ><\/i><\/a><\/h3><\/div>\n\n<p>\u200b<br>Imam Jamal Rahman, Pastor Don Mackenzie und Rabbi Ted Falcon \u2013 die Interreligi\u00f6sen Amigos \u2013 begannen nach dem 11. September zusammenzuarbeiten. Seitdem haben sie ihre einzigartige Mischung aus spiritueller Weisheit und Humor einem Publikum in den gesamten USA sowie Kanada, Israel-Pal\u00e4stina und Japan pr\u00e4sentiert.<br><br>Die Interfaith Amigos pr\u00e4sentieren eine entscheidende Botschaft in ihrem einzigartigen humorvollen Stil und helfen den Teilnehmern, das Versprechen und die Probleme der interreligi\u00f6sen Erfahrung zu sch\u00e4tzen.<\/p>\n<a rel=\"noopener noreferrer\" href=\"http:\/\/www.interfaithamigos.com\/Home.html\" target=\"_blank\" class=\"button primary reveal-icon\"  >\n    <span>F\u00dcR WEITERE INFORMATIONEN<\/span>\n  <i class=\"icon-angle-right\" ><\/i><\/a>\n\n\n\n\t\t<\/div>\n\t\t\t\t\t<\/div>\n\n\t\n\n<\/div>\n<div class=\"row\"  id=\"row-371138474\">\n\n\n\t<div id=\"col-1151696802\" class=\"col medium-5 small-12 large-5\"  >\n\t\t\t\t<div class=\"col-inner\"  >\n\t\t\t\n\t\t\t\n\n\t<div class=\"img has-hover x md-x lg-x y md-y lg-y\" id=\"image_668209631\">\n\t\t\t\t\t\t\t\t<div class=\"img-inner dark\" >\n\t\t\t<img loading=\"lazy\" decoding=\"async\" width=\"507\" height=\"338\" src=\"https:\/\/ssscorp.org\/wp-content\/uploads\/2022\/10\/valerie-kaur_orig.png\" class=\"attachment-large size-large\" alt=\"\" srcset=\"https:\/\/ssscorp.org\/wp-content\/uploads\/2022\/10\/valerie-kaur_orig.png 507w, https:\/\/ssscorp.org\/wp-content\/uploads\/2022\/10\/valerie-kaur_orig-300x200.png 300w\" sizes=\"(max-width: 507px) 100vw, 507px\" \/>\t\t\t\t\t\t\n\t\t\t\t\t<\/div>\n\t\t\t\t\t\t\t\t\n<style>\n#image_668209631 {\n  width: 100%;\n}\n<\/style>\n\t<\/div>\n\t\n\n\n\t\t<\/div>\n\t\t\t\t\t<\/div>\n\n\t\n\n\t<div id=\"col-1338050221\" class=\"col medium-7 small-12 large-7\"  >\n\t\t\t\t<div class=\"col-inner\"  >\n\t\t\t\n\t\t\t\n\n<div class=\"container section-title-container\" ><h3 class=\"section-title section-title-normal\"><b><\/b><span class=\"section-title-main\" >Valarie Kaur<\/span><b><\/b><a href=\"#\" target=\"\">2016<i class=\"icon-angle-right\" ><\/i><\/a><\/h3><\/div>\n\n<p>\u200b<br>Imam Jamal Rahman, Pastor Don Mackenzie und Rabbi Ted Falcon \u2013 die Interreligi\u00f6sen Amigos \u2013 begannen nach dem 11. September zusammenzuarbeiten. Seitdem haben sie ihre einzigartige Mischung aus spiritueller Weisheit und Humor einem Publikum in den gesamten USA sowie Kanada, Israel-Pal\u00e4stina und Japan pr\u00e4sentiert.<br><br>Die Interfaith Amigos pr\u00e4sentieren eine entscheidende Botschaft in ihrem einzigartigen humorvollen Stil und helfen den Teilnehmern, das Versprechen und die Probleme der interreligi\u00f6sen Erfahrung zu sch\u00e4tzen.<\/p>\n<a rel=\"noopener noreferrer\" href=\"http:\/\/valariekaur.com\/\" target=\"_blank\" class=\"button primary reveal-icon\"  >\n    <span>F\u00dcR WEITERE INFORMATIONEN<\/span>\n  <i class=\"icon-angle-right\" ><\/i><\/a>\n\n\n\n\t\t<\/div>\n\t\t\t\t\t<\/div>\n\n\t\n\n<\/div>\n<div class=\"row\"  id=\"row-44395844\">\n\n\n\t<div id=\"col-308221354\" class=\"col medium-5 small-12 large-5\"  >\n\t\t\t\t<div class=\"col-inner\"  >\n\t\t\t\n\t\t\t\n\n\t<div class=\"img has-hover x md-x lg-x y md-y lg-y\" id=\"image_1318584604\">\n\t\t\t\t\t\t\t\t<div class=\"img-inner dark\" >\n\t\t\t<img loading=\"lazy\" decoding=\"async\" width=\"251\" height=\"298\" src=\"https:\/\/ssscorp.org\/wp-content\/uploads\/2022\/10\/dr-vivian.png\" class=\"attachment-large size-large\" alt=\"\" \/>\t\t\t\t\t\t\n\t\t\t\t\t<\/div>\n\t\t\t\t\t\t\t\t\n<style>\n#image_1318584604 {\n  width: 100%;\n}\n<\/style>\n\t<\/div>\n\t\n\n\n\t\t<\/div>\n\t\t\t\t\t<\/div>\n\n\t\n\n\t<div id=\"col-221288141\" class=\"col medium-7 small-12 large-7\"  >\n\t\t\t\t<div class=\"col-inner\"  >\n\t\t\t\n\t\t\t\n\n<div class=\"container section-title-container\" ><h3 class=\"section-title section-title-normal\"><b><\/b><span class=\"section-title-main\" >Hochw\u00fcrden Dr. CT Vivian<\/span><b><\/b><a href=\"#\" target=\"\">2015<i class=\"icon-angle-right\" ><\/i><\/a><\/h3><\/div>\n\n<p>Dr. Vivian ist bekannt f\u00fcr seine Arbeit mit Dr. Martin Luther King Jr. w\u00e4hrend der B\u00fcrgerrechtsbewegung in den 1960er Jahren. Er war ein Freedom Rider und organisierte Sit-Ins und andere gewaltfreie Proteste gegen die Rassentrennung im S\u00fcden. Als Mitglied des F\u00fchrungsstabs des SCLC (Southern Christian Leadership Council) marschierte er mit Dr. King in Selma, Montgomery, Chicago, Birmingham und Washington, DC. Er arbeitete als Organisator f\u00fcr die W\u00e4hlerregistrierungskampagne in Selma, einer Bewegung das war der Ausl\u00f6ser f\u00fcr das Stimmrechtsgesetz von 1965. K\u00fcrzlich \u00fcberreichte Pr\u00e4sident Obama Reverend Dr. CT Vivian die Presidential Medal of Freedom, Amerikas h\u00f6chste zivile Auszeichnung.<\/p>\n<a rel=\"noopener noreferrer\" href=\"http:\/\/www.ctvli.org\/ctvivian.php\" target=\"_blank\" class=\"button primary reveal-icon\"  >\n    <span>F\u00dcR WEITERE INFORMATIONEN<\/span>\n  <i class=\"icon-angle-right\" ><\/i><\/a>\n\n\n\n\t\t<\/div>\n\t\t\t\t\t<\/div>\n\n\t\n\n<\/div>\n\n\t\t<\/div>\n\t\t\t\t\t<\/div>\n\n\t\n\n<\/div>\n\n\t\t<\/div>\n\n\t\t\n<style>\n#section_1557536700 {\n  padding-top: 30px;\n  padding-bottom: 30px;\n}\n#section_1557536700 .ux-shape-divider--top svg {\n  height: 150px;\n  --divider-top-width: 100%;\n}\n#section_1557536700 .ux-shape-divider--bottom svg {\n  height: 150px;\n  --divider-width: 100%;\n}\n<\/style>\n\t<\/section>\n\t\n\n","protected":false},"excerpt":{"rendered":"","protected":false},"author":1,"featured_media":0,"parent":0,"menu_order":0,"comment_status":"closed","ping_status":"closed","template":"page-blank.php","meta":{"iawp_total_views":4,"footnotes":""},"class_list":["post-2174","page","type-page","status-publish","hentry"],"_links":{"self":[{"href":"https:\/\/ssscorp.org\/de\/wp-json\/wp\/v2\/pages\/2174","targetHints":{"allow":["GET"]}}],"collection":[{"href":"https:\/\/ssscorp.org\/de\/wp-json\/wp\/v2\/pages"}],"about":[{"href":"https:\/\/ssscorp.org\/de\/wp-json\/wp\/v2\/types\/page"}],"author":[{"embeddable":true,"href":"https:\/\/ssscorp.org\/de\/wp-json\/wp\/v2\/users\/1"}],"replies":[{"embeddable":true,"href":"https:\/\/ssscorp.org\/de\/wp-json\/wp\/v2\/comments?post=2174"}],"version-history":[{"count":4,"href":"https:\/\/ssscorp.org\/de\/wp-json\/wp\/v2\/pages\/2174\/revisions"}],"predecessor-version":[{"id":3034,"href":"https:\/\/ssscorp.org\/de\/wp-json\/wp\/v2\/pages\/2174\/revisions\/3034"}],"wp:attachment":[{"href":"https:\/\/ssscorp.org\/de\/wp-json\/wp\/v2\/media?parent=2174"}],"curies":[{"name":"wp","href":"https:\/\/api.w.org\/{rel}","templated":true}]}}