{"id":2116,"date":"2022-09-02T15:16:56","date_gmt":"2022-09-02T15:16:56","guid":{"rendered":"https:\/\/ssscorp.org\/geschichte-gemeinnuetzigkeitsstatus\/"},"modified":"2022-10-20T15:20:24","modified_gmt":"2022-10-20T15:20:24","slug":"geschichte-gemeinnuetzigkeitsstatus","status":"publish","type":"page","link":"https:\/\/ssscorp.org\/de\/geschichte-gemeinnuetzigkeitsstatus\/","title":{"rendered":"Geschichte &amp; Gemeinn\u00fctzigkeitsstatus"},"content":{"rendered":"\n\n  <div class=\"banner has-hover has-parallax\" id=\"banner-1345453716\">\n          <div class=\"banner-inner fill\">\n        <div class=\"banner-bg fill\" data-parallax=\"-3\" data-parallax-container=\".banner\" data-parallax-background>\n            <div class=\"bg fill bg-fill \"><\/div>\n                        <div class=\"overlay\"><\/div>            \n                    <\/div>\n\t\t\n        <div class=\"banner-layers container\">\n            <div class=\"fill banner-link\"><\/div>            \n\n   <div id=\"text-box-1118199724\" class=\"text-box banner-layer x50 md-x50 lg-x50 y50 md-y50 lg-y50 res-text\">\n                                <div class=\"text-box-content text dark\">\n              \n              <div class=\"text-inner text-center\">\n                  \n\n<h3 class=\"uppercase\"><strong>Rechts- und Institutionsgeschichte der Siri Singh Sahib Corporation<\/strong><\/h3>\n<p>Vorbereitet von Hari Nam Singh, ehemaliger Assistent des Kanzlers im Kanzleramt<\/p>\n\n              <\/div>\n           <\/div>\n                            \n<style>\n#text-box-1118199724 {\n  width: 68%;\n}\n#text-box-1118199724 .text-box-content {\n  font-size: 100%;\n}\n<\/style>\n    <\/div>\n \n\n        <\/div>\n      <\/div>\n\n            \n<style>\n#banner-1345453716 {\n  padding-top: 300px;\n}\n#banner-1345453716 .bg.bg-loaded {\n  background-image: url(https:\/\/ssscorp.org\/wp-content\/uploads\/2022\/09\/Untitled-design-3-scaled-1.jpeg);\n}\n#banner-1345453716 .overlay {\n  background-color: rgba(17, 33, 82, 0.855);\n}\n#banner-1345453716 .ux-shape-divider--top svg {\n  height: 150px;\n  --divider-top-width: 100%;\n}\n#banner-1345453716 .ux-shape-divider--bottom svg {\n  height: 150px;\n  --divider-width: 100%;\n}\n<\/style>\n  <\/div>\n\n\n\t<section class=\"section\" id=\"section_780550301\">\n\t\t<div class=\"bg section-bg fill bg-fill  bg-loaded\" >\n\n\t\t\t\n\t\t\t\n\t\t\t\n\n\t\t<\/div>\n\n\t\t\n\n\t\t<div class=\"section-content relative\">\n\t\t\t\n\n<div class=\"row\"  id=\"row-1699297291\">\n\n\n\t<div id=\"col-185667465\" class=\"col small-12 large-12\"  >\n\t\t\t\t<div class=\"col-inner\"  >\n\t\t\t\n\t\t\t\n\n<p>Am 27. September 1997 reichte die Siri Sikdar Sahib Corporation (jetzt bekannt als Siri Singh Sahib Corporation) ihre Gr\u00fcndungsurkunde als gemeinn\u00fctzige Gesellschaft in Oregon ein. Von Bedeutung sind die folgenden Bestimmungen in dieser urspr\u00fcnglichen Satzung:<\/p>\n\n\t\t<\/div>\n\t\t\t\t\t<\/div>\n\n\t\n\n<\/div>\n<div class=\"row align-center\"  id=\"row-1296652139\">\n\n\n\t<div id=\"col-1555920982\" class=\"col medium-10 small-12 large-10\"  >\n\t\t\t\t<div class=\"col-inner\"  >\n\t\t\t\n\t<div class=\"is-border\"\n\t\tstyle=\"border-width:0px 0px 0px 3px;\">\n\t<\/div>\n\t\t\t\n\n<p><em>\u201eDas Unternehmen darf ausschlie\u00dflich f\u00fcr wohlt\u00e4tige, religi\u00f6se, erzieherische und wissenschaftliche Zwecke im Sinne von Abschnitt 501(c)(3) des Internal Revenue Code oder des entsprechenden Abschnitts\/der entsprechenden Abschnitte eines zuk\u00fcnftigen Steuergesetzbuchs t\u00e4tig sein.\u201c<\/em><br><br><em>\u201eDas Unternehmen ist so organisiert, dass es nach dem Tod oder der Unf\u00e4higkeit von Siri Singh Sahib Khalsa Yogiji als einziges Mitglied von Sikh Dharma handelt und in dieser Eigenschaft religi\u00f6se, wohlt\u00e4tige und erzieherische Aktivit\u00e4ten durchf\u00fchrt und\/oder erleichtert.\u201c<\/em><br><br><em>\u201eNach dem Tod oder der Arbeitsunf\u00e4higkeit von Siri Singh Sahib Harbhajan Singh Khalsa Yogiji sind die Direktoren die von Siri Singh Sahib Harbhajan Singh Khalsa Yogiji schriftlich benannten Personen. Die schriftliche Ernennung und alle \u00c4nderungen oder Erg\u00e4nzungen dazu werden mit dem Datum der Unterzeichnung versehen und dem in der Satzung der Gesellschaft bezeichneten Anwalt f\u00fcr die K\u00f6rperschaft und Sikh Dharma \u00fcbergeben und von ihm vertraulich behandelt.\u201c<\/em><\/p>\n\n\t\t<\/div>\n\t\t\t\t\n<style>\n#col-1555920982 > .col-inner {\n  padding: 0px 0px 0px 10px;\n}\n<\/style>\n\t<\/div>\n\n\t\n\n<\/div>\n<div class=\"row\"  id=\"row-1836456024\">\n\n\n\t<div id=\"col-1088563666\" class=\"col small-12 large-12\"  >\n\t\t\t\t<div class=\"col-inner\"  >\n\t\t\t\n\t\t\t\n\n<p>Am <span style=\"color: #a88d2e;\">3. Dezember 2001<\/span> wurde eine \u00c4nderungssatzung zur urspr\u00fcnglichen Satzung beim Staat Oregon eingereicht, woraufhin die Siri Sikdar Sahib Corporation in Siri Singh Sahib Corporation umbenannt wurde.<br>\u200b<br>Am <span style=\"color: #a88d2e;\">1. Oktober 2004<\/span> wurde vom damals amtierenden Vorstand eine Neuformulierung der Siri Singh Sahib Corporation beschlossen, die am 15. November 2004 beim Staat Oregon eingereicht wurde. Die oben in der urspr\u00fcnglichen Satzung zitierten zweiten und dritten Bestimmungen wurden wie folgt sprachlich etwas modifiziert:<\/p>\n\n\n\t\t<\/div>\n\t\t\t\t\t<\/div>\n\n\t\n\n<\/div>\n<div class=\"row align-center\"  id=\"row-1456422716\">\n\n\n\t<div id=\"col-377736216\" class=\"col medium-10 small-12 large-10\"  >\n\t\t\t\t<div class=\"col-inner\"  >\n\t\t\t\n\t<div class=\"is-border\"\n\t\tstyle=\"border-width:0px 0px 0px 3px;\">\n\t<\/div>\n\t\t\t\n\n<p><em>\u201eDas Unternehmen ist so organisiert, dass es nach dem Tod oder der Unf\u00e4higkeit von Siri Singh Sahib Harbhajan Singh Khalsa Yogiji als Rechtsnachfolger des Siri Singh Sahib von Sikh Dharma, einem alleinigen kalifornischen Unternehmen, fungiert und in dieser Eigenschaft leitet und\/oder unterst\u00fctzt religi\u00f6se, wohlt\u00e4tige und erzieherische Aktivit\u00e4ten.\u201c<\/em><br><br><em>\u201eNach dem Tod oder der Arbeitsunf\u00e4higkeit von Siri Singh Sahib Harbhajan Singh Khalsa Yogiji sind die Direktoren die von Siri Singh Sahib Harbhajan Singh Khalsa Yogiji schriftlich benannten Personen. Die schriftliche Ernennung und alle \u00c4nderungen oder Erg\u00e4nzungen dazu werden mit dem Datum der Unterzeichnung versehen und dem Anwalt der Gesellschaft und dem Siri Singh Sahib von Sikh Dharma, der in der Satzung der Gesellschaft benannt ist, \u00fcbergeben und vertraulich behandelt.\u201c<\/em><\/p>\n\n\t\t<\/div>\n\t\t\t\t\n<style>\n#col-377736216 > .col-inner {\n  padding: 0px 0px 0px 10px;\n}\n<\/style>\n\t<\/div>\n\n\t\n\n<\/div>\n<div class=\"row\"  id=\"row-740300788\">\n\n\n\t<div id=\"col-310892979\" class=\"col small-12 large-12\"  >\n\t\t\t\t<div class=\"col-inner\"  >\n\t\t\t\n\t\t\t\n\n<p>Es ist allgemein anerkannt, dass der Siri Singh Sahib eine Liste mit den Namen von 13 qualifizierten Personen erstellt hat, darunter der Siri Sikdar Sahib\/a und der Bhai Sahib\/a als Mitglieder von Amts wegen, um im ersten Vorstand der Siri Singh Sahib Corporation zu sitzen seinen Tod, und dass er Roy Lambert, dem damaligen Anwalt der Siri Singh Sahib Corporation und Unto Infinity, diese Liste treuh\u00e4nderisch \u00fcbergeben hat.<\/p>\n<p>Am <span style=\"color: #a88d2e;\">3. Oktober 2004<\/span> wurde vom damals amtierenden Vorstand eine Neuformulierung der Siri Singh Sahib Corporation beschlossen, die am <span style=\"color: #a88d2e;\">11. Januar 2005<\/span> beim Staat Oregon eingereicht wurde. In diesem Dokument erhielten die Vorstandsmitglieder von Unto Infinity, dem damals bestehenden Vorstand der Organisation, weitreichende Befugnisse in der Organisation, die ihnen im Wesentlichen die vollst\u00e4ndige Kontrolle nicht nur \u00fcber Unto Infinity, sondern auch \u00fcber die Siri Singh Sahib Corporation selbst verliehen.<\/p>\n<p>Wie wir wissen, verlie\u00df Siri Singh Sahib am <span style=\"color: #a88d2e;\">6. Oktober 2004<\/span> seinen K\u00f6rper. Kurz gesagt, die Mitglieder des Unto Infinity-Vorstands konnten ihren Plan, die vollst\u00e4ndige Kontrolle \u00fcber die Organisation zu \u00fcbernehmen, durchsetzen, indem sie ihren Anwalt Roy Lambert dazu brachten, die Liste mit den Namen der 15 Personen zur\u00fcckzuhalten, die der Siri Singh Sahib zum Dienst ernannt hatte im ersten Board of Directors der Siri Singh Sahib Corporation nach seinem Tod, dem er Herrn Lambert anvertraut hatte. Im Wesentlichen f\u00fcllten die Vorstandsmitglieder von Unto Infinity diese L\u00fccke in der Autorit\u00e4t, die sie selbst geschaffen hatten.<\/p>\n<p>Diese h\u00f6chst fragw\u00fcrdigen Taktiken kamen bald der gr\u00f6\u00dferen dharmischen Gemeinschaft, einschlie\u00dflich des Khalsa-Rates, ans Licht, was schlie\u00dflich zu einem langwierigen und umstrittenen Gerichtsverfahren f\u00fchrte, in dem die Kl\u00e4ger, die das Ministerium vertraten, versuchten, die Kontrolle \u00fcber die Organisation von denen zur\u00fcckzugewinnen, die es waren wahrgenommen, ihre Vertrauensstellung zu nutzen, um ihre eigenen Interessen zu f\u00f6rdern. Die Kl\u00e4ger setzten sich schlie\u00dflich im Dezember 2011 in der Sache durch und zwangen die Angeklagten schlie\u00dflich zu einer endg\u00fcltigen Einigung im Mai 2012, was dazu f\u00fchrte, dass sie ihre Autorit\u00e4tspositionen in der Organisation aufgaben und es dem Ministerium erm\u00f6glichten, die Kontrolle \u00fcber das Verm\u00f6gen zur\u00fcckzugewinnen und Richtung der Organisation.<\/p>\n<p>Die erste Tagesordnung bestand darin, die noch vakanten Sitze im Vorstand zu besetzen, und es wurde von denen entschieden, die haupts\u00e4chlich an der Erhebung der Klage beteiligt waren, dass der urspr\u00fcngliche SSSC-Vorstand von ordinierten Ministern mit gutem Ansehen nominiert und gew\u00e4hlt w\u00fcrde von denen, die zum Erfolg der Klage beigetragen hatten. Es wurde auch festgelegt, dass der SSSC-Vorstand aus 15 gew\u00e4hlten und 2 Mitgliedern von Amts wegen bestehen w\u00fcrde.<br>Der urspr\u00fcngliche Vorstand bestand aus folgenden Personen:<\/p>\n<h4>Nach Wahl:<\/h4>\n<ul>\n<li>SS Avtar Hari Singh Khalsa<\/li>\n<li>SS Dharm Singh Khalsa<\/li>\n<li>SS-Guru Amrit Singh Khalsa<\/li>\n<li>SS Gurujot Kaur Khalsa<\/li>\n<li>MSS Gururaj Kaur Khalsa<\/li>\n<li>MSS Guru Singh Khalsa<\/li>\n<li>SS Gurujodha Singh Khalsa<\/li>\n<li>SS Hari Nam Singh Khalsa<\/li>\n<li>SS Harjot Kaur Khalsa<\/li>\n<li>SS Jai Singh Khalsa<\/li>\n<li>MSS Krishna Kaur Khalsa<\/li>\n<li>SS Shanti Kaur Khalsa<\/li>\n<li>SS Siri Pritam Kaur Khalsa<\/li>\n<li>SS Siri Vishnu Singh Khalsa<\/li>\n<li>SS Viriam Singh Khalsa.<\/li>\n<\/ul>\n<h4><br>Ernennung von Amts wegen:<\/h4>\n<ul>\n<li>SSSa-Guru Amrit Kaur Khalsa<\/li>\n<li>Bhai Sahiba Bibiji Inderjit Kaur.<\/li>\n<\/ul>\n<p>Gem\u00e4\u00df der Beilegung des Rechtsstreits wurden dem urspr\u00fcnglichen Vorstand folgende Personen hinzugef\u00fcgt: Amrit Singh Khalsa, SS Deva Singh Khalsa, MSS Sada Sat Singh Khalsa.<br>Die erste Sitzung des ersten Verwaltungsrats fand am 18. Juni 2012 in Espa\u00f1ola, New Mexico, statt. SS Gurujodha Singh Khalsa k\u00fcmmerte sich nicht nur um Angelegenheiten, um \u201eden Ball ins Rollen zu bringen\u201c, sondern wurde auch zum Pr\u00e4sidenten gew\u00e4hlt. Auf der ersten Fortsetzungssitzung des Vorstands, die am 26. Januar 2013 in Los Angeles, Kalifornien, stattfand, beschloss der Vorstand, dass der folgende Text das Leitbild des SSSC-Verwaltungsrats sein soll:<\/p>\n\n\t\t<\/div>\n\t\t\t\t\t<\/div>\n\n\t\n\n<\/div>\n<div class=\"row align-center\"  id=\"row-1988015054\">\n\n\n\t<div id=\"col-277754553\" class=\"col medium-10 small-12 large-10\"  >\n\t\t\t\t<div class=\"col-inner\"  >\n\t\t\t\n\t<div class=\"is-border\"\n\t\tstyle=\"border-width:0px 0px 0px 3px;\">\n\t<\/div>\n\t\t\t\n\n<p><em>  &#8220;Mit der F\u00fchrung Gottes und der Gnade des Gurus ist es die Aufgabe des SSSC, den Wohlstand der konstituierenden Gemeinschaft und ihrer Verm\u00f6genswerte zu sch\u00fctzen, zu bewahren und zu kultivieren; der konstituierenden Gemeinschaft zuzuh\u00f6ren, ihr zu dienen und sie zu erheben; die gemeinn\u00fctzigen und gewinnorientierten Einrichtungen und die Familie der konstituierenden Gemeinschaften zu unterst\u00fctzen; und die Werte der Lehren des Siri Guru Granth Sahib und des Siri Singh Sahib Bhai Sahib Harbhajan Singh Khalsa Yogiji zu leben und zu halten: Selbstloser Dienst, Mitgef\u00fchl, Freundlichkeit, Ehrlichkeit, Integrit\u00e4t, Vertrauensw\u00fcrdigkeit und vom Guru inspiriertes Bewusstsein.&#8221;<\/em><\/p>\n\n\t\t<\/div>\n\t\t\t\t\n<style>\n#col-277754553 > .col-inner {\n  padding: 0px 0px 0px 10px;\n}\n<\/style>\n\t<\/div>\n\n\t\n\n<\/div>\n<div class=\"row\"  id=\"row-1630455774\">\n\n\n\t<div id=\"col-1975861378\" class=\"col small-12 large-12\"  >\n\t\t\t\t<div class=\"col-inner\"  >\n\t\t\t\n\t\t\t\n\n<p>Der urspr\u00fcngliche Vorstand entschied, dass die Amtszeit der Vorstandsmitglieder f\u00fcnf Jahre betragen w\u00fcrde, wobei sich die H\u00e4lfte des Vorstands alle zweieinhalb Jahre zur Wiederwahl stellen m\u00fcsste (oder sich daf\u00fcr entscheiden w\u00fcrde, nicht mehr zu kandidieren). Der Vorstand legte auch Zulassungsstandards sowohl f\u00fcr Kandidaten als auch f\u00fcr die W\u00e4hler fest. Die neuste angepasste Satzung der Siri Singh Sahib Corporation wurde am <span style=\"color: #a88d2e;\">7. M\u00e4rz 2013<\/span> eingereicht. Sie bleibt eine Oregon Nonprofit Religious Corporation, da sie als \u201eKirche\u201c betrachtet wird. Seine \u201eZwecke\u201c, wie in diesem Dokument angegeben, lauten wie folgt:<\/p>\n<div class=\"row align-center\"  id=\"row-1159644676\">\n\n\n\t<div id=\"col-1008202873\" class=\"col medium-10 small-12 large-10\"  >\n\t\t\t\t<div class=\"col-inner\"  >\n\t\t\t\n\t<div class=\"is-border\"\n\t\tstyle=\"border-width:0px 0px 0px 3px;\">\n\t<\/div>\n\t\t\t\n\n<p><em>\u201eAusschlie\u00dflich f\u00fcr religi\u00f6se, wohlt\u00e4tige und Bildungszwecke im Sinne von Abschnitt 501(c)(3) des Internal Revenue Code von 1986 in der ge\u00e4nderten Fassung oder einer Nachfolgebestimmung zu operieren, einschlie\u00dflich, aber nicht beschr\u00e4nkt auf die Unterst\u00fctzung und F\u00f6rderung der Praxis der Sikh-Religion, wie sie von Siri Singh Sahib Bhai Sahib Harbhajan Khalsa Yogiji (\u201eYogi Bhajan\u201c) gelehrt wurde, und seine Anh\u00e4nger zusammenzubringen und als rechtliche Nachfolgeorganisation des Siri Singh Sahib von Sikh Dharma, einer kalifornischen Gesellschaft, zu fungieren dient als W\u00e4chter und Verwalter des Verm\u00f6gens, das Yogi Bhajan der Unterst\u00fctzung der Sikh Dharma\/3HO Co. gewidmet hat<\/em><\/p>\n\n\t\t<\/div>\n\t\t\t\t\n<style>\n#col-1008202873 > .col-inner {\n  padding: 0px 0px 0px 10px;\n}\n<\/style>\n\t<\/div>\n\n\t\n\n<\/div>\n\n\t\t<\/div>\n\t\t\t\t\t<\/div>\n\n\t\n\n<\/div>\n\n\t\t<\/div>\n\n\t\t\n<style>\n#section_780550301 {\n  padding-top: 30px;\n  padding-bottom: 30px;\n}\n#section_780550301 .ux-shape-divider--top svg {\n  height: 150px;\n  --divider-top-width: 100%;\n}\n#section_780550301 .ux-shape-divider--bottom svg {\n  height: 150px;\n  --divider-width: 100%;\n}\n<\/style>\n\t<\/section>\n\t\n\n","protected":false},"excerpt":{"rendered":"","protected":false},"author":1,"featured_media":0,"parent":0,"menu_order":0,"comment_status":"closed","ping_status":"closed","template":"page-blank.php","meta":{"iawp_total_views":3,"footnotes":""},"class_list":["post-2116","page","type-page","status-publish","hentry"],"_links":{"self":[{"href":"https:\/\/ssscorp.org\/de\/wp-json\/wp\/v2\/pages\/2116","targetHints":{"allow":["GET"]}}],"collection":[{"href":"https:\/\/ssscorp.org\/de\/wp-json\/wp\/v2\/pages"}],"about":[{"href":"https:\/\/ssscorp.org\/de\/wp-json\/wp\/v2\/types\/page"}],"author":[{"embeddable":true,"href":"https:\/\/ssscorp.org\/de\/wp-json\/wp\/v2\/users\/1"}],"replies":[{"embeddable":true,"href":"https:\/\/ssscorp.org\/de\/wp-json\/wp\/v2\/comments?post=2116"}],"version-history":[{"count":1,"href":"https:\/\/ssscorp.org\/de\/wp-json\/wp\/v2\/pages\/2116\/revisions"}],"predecessor-version":[{"id":2120,"href":"https:\/\/ssscorp.org\/de\/wp-json\/wp\/v2\/pages\/2116\/revisions\/2120"}],"wp:attachment":[{"href":"https:\/\/ssscorp.org\/de\/wp-json\/wp\/v2\/media?parent=2116"}],"curies":[{"name":"wp","href":"https:\/\/api.w.org\/{rel}","templated":true}]}}