{"id":2053,"date":"2022-09-02T15:12:23","date_gmt":"2022-09-02T15:12:23","guid":{"rendered":"https:\/\/ssscorp.org\/sssc-sitzungsprotokolle\/"},"modified":"2022-10-20T15:20:01","modified_gmt":"2022-10-20T15:20:01","slug":"sssc-sitzungsprotokolle","status":"publish","type":"page","link":"https:\/\/ssscorp.org\/de\/sssc-sitzungsprotokolle\/","title":{"rendered":"SSSC-Sitzungsprotokolle"},"content":{"rendered":"\n\n  <div class=\"banner has-hover has-parallax\" id=\"banner-61746164\">\n          <div class=\"banner-inner fill\">\n        <div class=\"banner-bg fill\" data-parallax=\"-3\" data-parallax-container=\".banner\" data-parallax-background>\n            <div class=\"bg fill bg-fill \"><\/div>\n                        <div class=\"overlay\"><\/div>            \n                    <\/div>\n\t\t\n        <div class=\"banner-layers container\">\n            <div class=\"fill banner-link\"><\/div>            \n\n   <div id=\"text-box-890758175\" class=\"text-box banner-layer x50 md-x50 lg-x50 y50 md-y50 lg-y50 res-text\">\n                                <div class=\"text-box-content text dark\">\n              \n              <div class=\"text-inner text-center\">\n                  \n\n<h3 class=\"uppercase\"><strong>Arten von SSSC-Sitzungen<\/strong><\/h3>\n\n\n              <\/div>\n           <\/div>\n                            \n<style>\n#text-box-890758175 {\n  width: 98%;\n}\n#text-box-890758175 .text-box-content {\n  font-size: 100%;\n}\n<\/style>\n    <\/div>\n \n\n        <\/div>\n      <\/div>\n\n            \n<style>\n#banner-61746164 {\n  padding-top: 300px;\n}\n#banner-61746164 .bg.bg-loaded {\n  background-image: url(https:\/\/ssscorp.org\/wp-content\/uploads\/2022\/09\/Untitled-design-3-scaled-1.jpeg);\n}\n#banner-61746164 .overlay {\n  background-color: rgba(17, 33, 82, 0.855);\n}\n#banner-61746164 .ux-shape-divider--top svg {\n  height: 150px;\n  --divider-top-width: 100%;\n}\n#banner-61746164 .ux-shape-divider--bottom svg {\n  height: 150px;\n  --divider-width: 100%;\n}\n<\/style>\n  <\/div>\n\n\n\t<section class=\"section\" id=\"section_396538948\">\n\t\t<div class=\"bg section-bg fill bg-fill  bg-loaded\" >\n\n\t\t\t\n\t\t\t\n\t\t\t\n\n\t\t<\/div>\n\n\t\t\n\n\t\t<div class=\"section-content relative\">\n\t\t\t\n\n<div class=\"row\"  id=\"row-204377308\">\n\n\n\t<div id=\"col-503372184\" class=\"col small-12 large-12\"  >\n\t\t\t\t<div class=\"col-inner\"  >\n\t\t\t\n\t\t\t\n\n<p>Der SSSC-Vorstand erf\u00fcllt seine Aufgaben durch w\u00f6chentliche Online-Meetings. Wir haben zwei Arten von Vorstandssitzungen, regelm\u00e4\u00dfig und speziell. Laut Satzung:<\/p>\n<ol>\n<li>Regelm\u00e4\u00dfige Sitzungen des Kuratoriums finden mindestens einmal pro Kalenderquartal statt, und zwar an einem Datum, zu einer Zeit und an einem Ort, den das Kuratorium mit einer Frist von mindestens achtundvierzig (48) Stunden oder mit einer anderen, vom Kuratorium beschlossenen Frist festlegt.<\/li>\n<li>Sondersitzungen des Kuratoriums k\u00f6nnen jederzeit vom Pr\u00e4sidenten der Gesellschaft oder von drei (3) Kuratoren mit einer Frist von mindestens achtundvierzig (48) Stunden oder mit einer anderen, vom Kuratorium beschlossenen Frist einberufen werden.<\/li>\n<\/ol>\n<p>Die Tagesordnung wird dem Vorstand vor der Sitzung zur Pr\u00fcfung zugesandt. Wir empfehlen Ihnen, die Tagesordnung und alle beigef\u00fcgten Dokumente durchzulesen, da dies Ihnen hilft, f\u00fcr das Treffen informiert zu sein, und Ihnen die M\u00f6glichkeit gibt, vollst\u00e4ndig teilzunehmen.<\/p>\n\n\t\t<\/div>\n\t\t\t\t\t<\/div>\n\n\t\n\n\t<div id=\"col-394524409\" class=\"col small-12 large-12\"  >\n\t\t\t\t<div class=\"col-inner\"  >\n\t\t\t\n\t\t\t\n\n<h2>Besprechungsaufzeichnungen<\/h2>\n<p>In jedem Jahr finden Sie alle Sitzungen, die vom SSSC-Kuratorium abgehalten wurden. Alle Tagesordnungen der regul\u00e4ren Sitzungen werden dort ver\u00f6ffentlicht. Ab dem 25. August 2021 finden Sie hier auch alle Antr\u00e4ge und Abstimmungsprotokolle der ordentlichen Sitzungen.<\/p>\n<p>Klicken Sie auf das Jahr, um die Sitzungsunterlagen f\u00fcr diesen Zeitraum anzuzeigen.<\/p>\n\n\t\t<\/div>\n\t\t\t\t\t<\/div>\n\n\t\n\n\t<div id=\"col-1783632894\" class=\"col small-12 large-12\"  >\n\t\t\t\t<div class=\"col-inner\"  >\n\t\t\t\n\t\t\t\n\n<a href=\"https:\/\/ssscorp.org\/2016-regular-and-special-meetings\/\" target=\"_self\" class=\"button primary reveal-icon\"  >\n    <span>Treffen 2016<\/span>\n  <i class=\"icon-angle-right\" ><\/i><\/a>\n\n\n<a href=\"https:\/\/ssscorp.org\/2017-regular-and-special-meetings\/\" target=\"_self\" class=\"button primary reveal-icon\"  >\n    <span>2017 Treffen<\/span>\n  <i class=\"icon-angle-right\" ><\/i><\/a>\n\n\n<a href=\"https:\/\/ssscorp.org\/2018-regular-and-special-meetings\/\" target=\"_self\" class=\"button primary reveal-icon\"  >\n    <span>Treffen 2018<\/span>\n  <i class=\"icon-angle-right\" ><\/i><\/a>\n\n\n<a href=\"https:\/\/ssscorp.org\/2019-regular-and-special-meetings\/\" target=\"_self\" class=\"button primary reveal-icon\"  >\n    <span>Treffen 2019<\/span>\n  <i class=\"icon-angle-right\" ><\/i><\/a>\n\n\n<a href=\"https:\/\/ssscorp.org\/2020-regular-and-special-meetings\/\" target=\"_self\" class=\"button primary reveal-icon\"  >\n    <span>2020 Treffen<\/span>\n  <i class=\"icon-angle-right\" ><\/i><\/a>\n\n\n<a href=\"https:\/\/ssscorp.org\/2021-regular-and-special-meetings\/\" target=\"_self\" class=\"button primary reveal-icon\"  >\n    <span>2021 Sitzungen<\/span>\n  <i class=\"icon-angle-right\" ><\/i><\/a>\n\n\n<a href=\"https:\/\/ssscorp.org\/2022-regular-and-special-meetings\/\" target=\"_self\" class=\"button primary reveal-icon\"  >\n    <span>2022 Sitzungen<\/span>\n  <i class=\"icon-angle-right\" ><\/i><\/a>\n\n\n\n\t\t<\/div>\n\t\t\t\t\t<\/div>\n\n\t\n\n<\/div>\n\n\t\t<\/div>\n\n\t\t\n<style>\n#section_396538948 {\n  padding-top: 30px;\n  padding-bottom: 30px;\n}\n#section_396538948 .ux-shape-divider--top svg {\n  height: 150px;\n  --divider-top-width: 100%;\n}\n#section_396538948 .ux-shape-divider--bottom svg {\n  height: 150px;\n  --divider-width: 100%;\n}\n<\/style>\n\t<\/section>\n\t\n\n","protected":false},"excerpt":{"rendered":"","protected":false},"author":1,"featured_media":0,"parent":0,"menu_order":0,"comment_status":"closed","ping_status":"closed","template":"page-blank.php","meta":{"iawp_total_views":7,"footnotes":""},"class_list":["post-2053","page","type-page","status-publish","hentry"],"_links":{"self":[{"href":"https:\/\/ssscorp.org\/de\/wp-json\/wp\/v2\/pages\/2053","targetHints":{"allow":["GET"]}}],"collection":[{"href":"https:\/\/ssscorp.org\/de\/wp-json\/wp\/v2\/pages"}],"about":[{"href":"https:\/\/ssscorp.org\/de\/wp-json\/wp\/v2\/types\/page"}],"author":[{"embeddable":true,"href":"https:\/\/ssscorp.org\/de\/wp-json\/wp\/v2\/users\/1"}],"replies":[{"embeddable":true,"href":"https:\/\/ssscorp.org\/de\/wp-json\/wp\/v2\/comments?post=2053"}],"version-history":[{"count":1,"href":"https:\/\/ssscorp.org\/de\/wp-json\/wp\/v2\/pages\/2053\/revisions"}],"predecessor-version":[{"id":2065,"href":"https:\/\/ssscorp.org\/de\/wp-json\/wp\/v2\/pages\/2053\/revisions\/2065"}],"wp:attachment":[{"href":"https:\/\/ssscorp.org\/de\/wp-json\/wp\/v2\/media?parent=2053"}],"curies":[{"name":"wp","href":"https:\/\/api.w.org\/{rel}","templated":true}]}}