{"id":18698,"date":"2026-05-14T15:18:40","date_gmt":"2026-05-14T15:18:40","guid":{"rendered":"https:\/\/ssscorp.org\/die-welt-ernaehren-ein-langar-nach-dem-anderen-2\/"},"modified":"2026-05-14T16:32:26","modified_gmt":"2026-05-14T16:32:26","slug":"die-welt-ernaehren-ein-langar-nach-dem-anderen-2","status":"publish","type":"page","link":"https:\/\/ssscorp.org\/de\/die-welt-ernaehren-ein-langar-nach-dem-anderen-2\/","title":{"rendered":"Punjab Flutkatastrophe"},"content":{"rendered":"\n\n\n<style>\n\n\n.seva-logo-section .row {\n  margin: 0 !important;\n}\n\n.row-large > .col {\n  padding: 0px;\n}\n\n.seva-map-section {\n  width: 100vw;\n  left: 50%;\n  transform: translateX(-50.00001%);\n}\n\n\n.row {\nmax-width: 840px;\n}\n\n.flood-relief-msg-box {\nwidth: 25em;\nmargin: 0 auto;\nborder-radius: 15px;\npadding: 15px;\nmargin-top: 30px;\n}\n\n@media (max-width: 500px) {\n.flood-relief-msg-box {\nwidth: 100%;\nmargin-top: 50px;\n}\n}\n\n.flood-relief-msg-box .message-box-bg-overlay {\nborder-radius: 15px;\n}\n\n.flood-relief-msg-box .col-inner {\npadding: 8px 8px !important;\n}\n\n.flood-relief-msg-box p {\nmargin: 10px 0;\n}\n\nh4.section-title b {\nopacity: 0;\n}\n\n\n.flood-relief-numbers-row .col-inner {\n  display: flex;\n  justify-content: center;\n  flex-direction: column;\n  align-items: center;\n}\n.flood-relief-numbers-row .col-inner p {\n margin: 10px 0;\n}\n\n.flood-relief-pull-quote {\npadding: 1em 3em;\n}\n\n@media (max-width: 500px) {\n.flood-relief-pull-quote {\npadding: 1em;\n}\n\n}\n\n@media (max-width: 549px) {\n.seva-map-section .col-inner {\n padding-top: 10px !important;\n padding-bottom: 10px !important;\n}\n.seva-map-section-last {\n margin-top: -1em;\n  margin-bottom: 1em;\n}\n}\n<\/style>\n\n\t<section class=\"section\" id=\"section_343403247\">\n\t\t<div class=\"bg section-bg fill bg-fill  bg-loaded\" >\n\n\t\t\t\n\t\t\t\n\t\t\t\n\n\t\t<\/div>\n\n\t\t\n\n\t\t<div class=\"section-content relative\">\n\t\t\t\n\n<div class=\"row align-middle align-center\"  id=\"row-184894501\">\n\n\n\t<div id=\"col-1354386561\" class=\"col small-12 large-12\"  >\n\t\t\t\t<div class=\"col-inner text-center\"  >\n\t\t\t\n\t\t\t\n\n<div class=\"container section-title-container\" ><h4 class=\"section-title section-title-center\"><b><\/b><span class=\"section-title-main\" style=\"font-size:91%;\">Seva in Aktion - Humanit\u00e4re Hilfe<\/span><b><\/b><\/h4><\/div>\n\n<div class=\"container section-title-container\" ><h1 class=\"section-title section-title-center\"><b><\/b><span class=\"section-title-main\" style=\"font-size:105%;\">Punjab Flutkatastrophe<\/span><b><\/b><\/h1><\/div>\n\n<p style=\"text-align: left;\">Als die verheerenden \u00dcberschwemmungen Hunderte von Familien im indischen Punjab vertrieben, reagierte die Sangat mit Schnelligkeit, F\u00fcrsorge und anhaltendem Engagement &#8211; und zeigte damit, wie Seva aussieht, wenn Gemeinschaften gemeinsam handeln.<\/p>\n<p>Eine gemeinsame Initiative von <strong>SSSC &#8211; Miri Piri Academy &#8211; Raj Khalsa Gurdwara<\/strong><\/p>\n\n\t\t<\/div>\n\t\t\t\t\t<\/div>\n\n\t\n\n<\/div>\n\n\t\t<\/div>\n\n\t\t\n<style>\n#section_343403247 {\n  padding-top: 0px;\n  padding-bottom: 0px;\n}\n#section_343403247 .ux-shape-divider--top svg {\n  height: 150px;\n  --divider-top-width: 100%;\n}\n#section_343403247 .ux-shape-divider--bottom svg {\n  height: 150px;\n  --divider-width: 100%;\n}\n<\/style>\n\t<\/section>\n\t\n\t<section class=\"section seva-map-section\" id=\"section_95240344\">\n\t\t<div class=\"bg section-bg fill bg-fill  bg-loaded\" >\n\n\t\t\t\n\t\t\t\n\t\t\t\n\n\t\t<\/div>\n\n\t\t\n\n\t\t<div class=\"section-content relative\">\n\t\t\t\n\n<div class=\"row row-collapse align-middle align-center\"  id=\"row-789898502\">\n\n\n\t<div id=\"col-2109209248\" class=\"col medium-4 small-12 large-4\"  >\n\t\t\t\t<div class=\"col-inner text-center\"  >\n\t\t\t\n\t\t\t\n\n\n\n<div style=\"color: white; font-size: 2rem; font-weight: bold; text-align: center\" id=\"sssc-map-first-column\">\n100\n<\/div>\n<div style=\"color: white; font-size: 1; text-align: center\">Familien mit Soforthilfe erreicht<\/div>\n<div style=\"color: white; font-size: 1rem; text-align: center; margin-top: 5px;\">&nbsp;<\/div>\n\n<style>\n@media (max-width: 549px) {\n  #sssc-map-first-column {\n    margin-top: 10px;\n  }\n}\n<\/style>\n\n\n\t\t<\/div>\n\t\t\t\t\n<style>\n#col-2109209248 > .col-inner {\n  padding: 0 0px 0px 0px;\n  margin: 0 0px 0px 0px;\n}\n<\/style>\n\t<\/div>\n\n\t\n\n\t<div id=\"col-1451565397\" class=\"col medium-4 small-12 large-4\"  >\n\t\t\t\t<div class=\"col-inner text-center\"  >\n\t\t\t\n\t\t\t\n\n\n\n<div style=\"color: white; font-size: 2rem; font-weight: bold; text-align: center\">808<\/div>\n<div style=\"color: white; font-size: 1; text-align: center\">Bettsets und Decken geliefert<\/div>\n<div style=\"color: white; font-size: 1rem; text-align: center; margin-top: 5px;\">&nbsp;<\/div>\n\n\n\t\t<\/div>\n\t\t\t\t\n<style>\n#col-1451565397 > .col-inner {\n  padding: 0 0px 0px 0px;\n  margin: 0 0px 0px 0px;\n}\n<\/style>\n\t<\/div>\n\n\t\n\n\t<div id=\"col-1236666070\" class=\"col medium-4 small-12 large-4\"  >\n\t\t\t\t<div class=\"col-inner text-center\"  >\n\t\t\t\n\t\t\t\n\n\n\n<div class=\"seva-map-section-last\"><div style=\"color: white; font-size: 2rem; font-weight: bold; text-align: center\">1<\/div>\n<div style=\"color: white; font-size: 1rem; text-align: center\">Hausumbau im Gange<\/div>\n<div style=\"background: white; color: rgb(33, 0, 112); font-size: 1rem; text-align: center; margin: 5px auto; width: 5.5rem\">ONGOING<\/div><\/div>\n\n\n\t\t<\/div>\n\t\t\t\t\n<style>\n#col-1236666070 > .col-inner {\n  padding: 0 0px 0px 0px;\n  margin: 0 0px 0px 0px;\n}\n<\/style>\n\t<\/div>\n\n\t\n\n\n<style>\n#row-789898502 > .col > .col-inner {\n  padding: 30px 0px 30px 0px;\n}\n<\/style>\n<\/div>\n\n\t\t<\/div>\n\n\t\t\n<style>\n#section_95240344 {\n  padding-top: 8px;\n  padding-bottom: 8px;\n  background-color: rgb(33, 0, 112);\n}\n#section_95240344 .ux-shape-divider--top svg {\n  height: 150px;\n  --divider-top-width: 100%;\n}\n#section_95240344 .ux-shape-divider--bottom svg {\n  height: 150px;\n  --divider-width: 100%;\n}\n<\/style>\n\t<\/section>\n\t\n\t<div id=\"gap-1752593155\" class=\"gap-element clearfix\" style=\"display:block; height:auto;\">\n\t\t\n<style>\n#gap-1752593155 {\n  padding-top: 50px;\n}\n<\/style>\n\t<\/div>\n\t\n\n\t<section class=\"section\" id=\"section_471915082\">\n\t\t<div class=\"bg section-bg fill bg-fill  bg-loaded\" >\n\n\t\t\t\n\t\t\t\n\t\t\t\n\n\t\t<\/div>\n\n\t\t\n\n\t\t<div class=\"section-content relative\">\n\t\t\t\n\n<div class=\"row\"  id=\"row-874250370\">\n\n\n\t<div id=\"col-1853064501\" class=\"col small-12 large-12\"  >\n\t\t\t\t<div class=\"col-inner\"  >\n\t\t\t\n\t\t\t\n\n\t<div id=\"text-129104817\" class=\"text seva-text-section\">\n\t\t\n\n<h3 style=\"text-align: center; margin-bottom: 1.5em;\">Die Antwort<\/h3>\n<p class=\"gmail-font-claude-response-body gmail-break-words gmail-whitespace-normal gmail-leading-&#091;1.7&#093;\" style=\"text-align: left;\">Als der Punjab von schweren \u00dcberschwemmungen heimgesucht wurde, waren Hunderte von Familien ohne Obdach, Bettzeug oder Grundbed\u00fcrfnisse. Das SSSC hat in Zusammenarbeit mit der Miri Piri Academy und der Raj Khalsa Gurdwara schnell Ressourcen mobilisiert, wobei die Familien in den am st\u00e4rksten betroffenen Gebieten Vorrang hatten und sichergestellt wurde, dass die Hilfe diejenigen erreichte, die die wenigsten M\u00f6glichkeiten zur Erholung hatten. <\/p>\n<p class=\"gmail-font-claude-response-body gmail-break-words gmail-whitespace-normal gmail-leading-&#091;1.7&#093;\" style=\"text-align: left;\">Es wurden Gelder gesammelt und f\u00fcr die Soforthilfe eingesetzt, wobei der Schwerpunkt auf der W\u00fcrde lag: Es wurden komplette Bettw\u00e4schesets zusammengestellt und als zusammenh\u00e4ngendes Paket an die Familien geliefert.<\/p>\n\n\t\t\n<style>\n#text-129104817 {\n  text-align: center;\n}\n<\/style>\n\t<\/div>\n\t\n\n\t\t<\/div>\n\t\t\t\t\t<\/div>\n\n\t\n\n<\/div>\n\n\t\t<\/div>\n\n\t\t\n<style>\n#section_471915082 {\n  padding-top: 0px;\n  padding-bottom: 0px;\n}\n#section_471915082 .ux-shape-divider--top svg {\n  height: 150px;\n  --divider-top-width: 100%;\n}\n#section_471915082 .ux-shape-divider--bottom svg {\n  height: 150px;\n  --divider-width: 100%;\n}\n<\/style>\n\t<\/section>\n\t\n\t<section class=\"section\" id=\"section_1643109390\">\n\t\t<div class=\"bg section-bg fill bg-fill  bg-loaded\" >\n\n\t\t\t\n\t\t\t\n\t\t\t\n\n\t\t<\/div>\n\n\t\t\n\n\t\t<div class=\"section-content relative\">\n\t\t\t\n\n<h3 style=\"text-align: center; margin-bottom: 1.5em;\">Auswirkungen in Zahlen<\/h3>\n\n<div class=\"row align-equal flood-relief-numbers-row\"  id=\"row-933274101\">\n\n\n\t<div id=\"col-902287996\" class=\"col medium-6 small-12 large-6\"  >\n\t\t\t\t<div class=\"col-inner\" style=\"background-color:rgb(239, 239, 239);\" >\n\t\t\t\n\t\t\t\n\n<p style=\"text-align: center;\"><strong>100 Familien<\/strong><\/p>\n<p style=\"text-align: center;\">mit sofortiger Fluthilfe unterst\u00fctzt<\/p>\n\n\t\t<\/div>\n\t\t\t\t\n<style>\n#col-902287996 > .col-inner {\n  padding: 15px 15px 15px 15px;\n  border-radius: 20px;\n}\n<\/style>\n\t<\/div>\n\n\t\n\n\t<div id=\"col-89599407\" class=\"col medium-6 small-12 large-6\"  >\n\t\t\t\t<div class=\"col-inner\" style=\"background-color:rgb(239, 239, 239);\" >\n\t\t\t\n\t\t\t\n\n<p style=\"text-align: center;\"><strong>300 Bettwaren-Sets<\/strong><\/p>\n<p style=\"text-align: center;\">komplette Kits an vertriebene Familien geliefert<\/p>\n\n\t\t<\/div>\n\t\t\t\t\n<style>\n#col-89599407 > .col-inner {\n  padding: 15px 15px 15px 15px;\n  border-radius: 20px;\n}\n<\/style>\n\t<\/div>\n\n\t\n\n<\/div>\n<div class=\"row align-equal align-center flood-relief-numbers-row\"  id=\"row-685551197\">\n\n\n\t<div id=\"col-1453897193\" class=\"col medium-6 small-12 large-6\"  >\n\t\t\t\t<div class=\"col-inner\" style=\"background-color:rgb(239, 239, 239);\" >\n\t\t\t\n\t\t\t\n\n<p style=\"text-align: center;\"><strong>508 Decken<\/strong><\/p>\n<p style=\"text-align: center;\">zus\u00e4tzliche Decken f\u00fcr Familien in den am st\u00e4rksten betroffenen Gebieten<\/p>\n\n\t\t<\/div>\n\t\t\t\t\n<style>\n#col-1453897193 > .col-inner {\n  padding: 15px 15px 15px 15px;\n  border-radius: 20px;\n}\n<\/style>\n\t<\/div>\n\n\t\n\n\t<div id=\"col-1323882541\" class=\"col medium-6 small-12 large-6\"  >\n\t\t\t\t<div class=\"col-inner\" style=\"background-color:rgb(239, 239, 239);\" >\n\t\t\t\n\t\t\t\n\n<p style=\"text-align: center;\"><strong>1 Haus wiederaufgebaut In Arbeit f\u00fcr eine Witwe, die ihr Haus verloren hat<\/strong><\/p>\n<p style=\"text-align: center;\">eine Verpflichtung zur langfristigen Erholung, nicht nur zur sofortigen Linderung<\/p>\n\n\t\t<\/div>\n\t\t\t\t\n<style>\n#col-1323882541 > .col-inner {\n  padding: 15px 15px 15px 15px;\n  border-radius: 20px;\n}\n<\/style>\n\t<\/div>\n\n\t\n\n<\/div>\n<div class=\"row\"  id=\"row-2021330644\">\n\n\n\t<div id=\"col-1064055766\" class=\"col small-12 large-12\"  >\n\t\t\t\t<div class=\"col-inner\"  >\n\t\t\t\n\t\t\t\n\n<p style=\"text-align: center;\"><em>Alle Hilfsma\u00dfnahmen werden in Zusammenarbeit mit der Miri Piri Academy und der Raj Khalsa Gurdwara durchgef\u00fchrt.<\/em><\/p>\n\n\t\t<\/div>\n\t\t\t\t\t<\/div>\n\n\t\n\n<\/div>\n\n\t\t<\/div>\n\n\t\t\n<style>\n#section_1643109390 {\n  padding-top: 0px;\n  padding-bottom: 0px;\n}\n#section_1643109390 .ux-shape-divider--top svg {\n  height: 150px;\n  --divider-top-width: 100%;\n}\n#section_1643109390 .ux-shape-divider--bottom svg {\n  height: 150px;\n  --divider-width: 100%;\n}\n<\/style>\n\t<\/section>\n\t\n\t<section class=\"section\" id=\"section_1637115726\">\n\t\t<div class=\"bg section-bg fill bg-fill  bg-loaded\" >\n\n\t\t\t\n\t\t\t\n\t\t\t\n\n\t\t<\/div>\n\n\t\t\n\n\t\t<div class=\"section-content relative\">\n\t\t\t\n\n<div class=\"row\"  id=\"row-1736793066\">\n\n\n\t<div id=\"col-621598832\" class=\"col small-12 large-12\"  >\n\t\t\t\t<div class=\"col-inner\"  >\n\t\t\t\n\t\t\t\n\n<h3 style=\"text-align: center;\">Eine Geschichte von Seva<\/h3>\n<p class=\"flood-relief-pull-quote\"><strong><em>Unter den Menschen, die wir erreichten, war auch eine Witwe, die ihr Haus durch die \u00dcberschwemmungen vollst\u00e4ndig verloren hatte. Der Wiederaufbau, der jetzt im Gange ist, erinnert uns daran, dass es beim Seva nicht nur um sofortige Hilfe geht &#8211; es geht darum, f\u00fcr diejenigen da zu sein, die uns am meisten brauchen. <\/em><\/strong><\/p>\n<p>Diese Initiative spiegelt wider, was m\u00f6glich ist, wenn der Sangat als Einheit handelt. Die Partnerschaft zwischen SSSC, MPA und Raj Khalsa Gurdwara hat gezeigt, wie institutionelle Ressourcen und Gemeinschaftsbeziehungen &#8211; die bereits vorhanden sind &#8211; schnell und sorgf\u00e4ltig in den Dienst gestellt werden k\u00f6nnen. <\/p>\n\n\n\t\t<\/div>\n\t\t\t\t\t<\/div>\n\n\t\n\n<\/div>\n\n\t\t<\/div>\n\n\t\t\n<style>\n#section_1637115726 {\n  padding-top: 0px;\n  padding-bottom: 0px;\n}\n#section_1637115726 .ux-shape-divider--top svg {\n  height: 150px;\n  --divider-top-width: 100%;\n}\n#section_1637115726 .ux-shape-divider--bottom svg {\n  height: 150px;\n  --divider-width: 100%;\n}\n<\/style>\n\t<\/section>\n\t\n\t<section class=\"section\" id=\"section_464544192\">\n\t\t<div class=\"bg section-bg fill bg-fill  bg-loaded\" >\n\n\t\t\t\n\t\t\t\n\t\t\t\n\n\t\t<\/div>\n\n\t\t\n\n\t\t<div class=\"section-content relative\">\n\t\t\t\n\n<div class=\"row\"  id=\"row-2027168999\">\n\n\n\t<div id=\"col-1557445285\" class=\"col small-12 large-12\"  >\n\t\t\t\t<div class=\"col-inner\"  >\n\t\t\t\n\t\t\t\n\n<h3 style=\"text-align: center; margin-bottom: 1.5em;\"><strong>Teil eines wachsenden Engagements<\/strong><\/h3>\n<p>Die Fluthilfe im Punjab ist Teil der umfassenderen Seva-Arbeit von SSSC, die sich auf Umweltaktionen, Nahrungsmitteldienste und humanit\u00e4re Hilfe in der ganzen Welt erstreckt. In den n\u00e4chsten vier Jahren arbeitet das SSSC an der Einrichtung von Seva-Hubs in 30 L\u00e4ndern, um die Infrastruktur f\u00fcr diese Art von schneller, lokaler Hilfe aufzubauen, wo immer die Gemeinschaft lebt. <\/p>\n\n<div class=\"message-box relative flood-relief-msg-box dark\" style=\"padding-top:12px;padding-bottom:12px;\"><div class=\"message-box-bg-image bg-fill fill\" ><\/div><div class=\"message-box-bg-overlay bg-fill fill\" style=\"background-color:rgb(33, 0, 112);\"><\/div><div class=\"container relative\"><div class=\"inner last-reset\">\n\n<div class=\"row align-middle align-center\"  id=\"row-140331337\">\n\n\n\t<div id=\"col-1079044374\" class=\"col small-12 large-12\"  >\n\t\t\t\t<div class=\"col-inner\"  >\n\t\t\t\n\t\t\t\n\n\t<div id=\"text-3132407495\" class=\"text\">\n\t\t\n\n<p style=\"font-weight: bold;\">AKTUELLE SEVA-HUBS:<\/p>\n<p><strong>Indien (Miri Piri Academy) &#8211; Vereinigte Staaten  <\/strong><\/p>\n<p style=\"font-size: 0.88em\">mit dem Ziel, bis 2029 30 Hubs in 30 L\u00e4ndern zu errichten<\/p>\n\n\t\t\n<style>\n#text-3132407495 {\n  text-align: center;\n}\n<\/style>\n\t<\/div>\n\t\n\n\t\t<\/div>\n\t\t\t\t\n<style>\n#col-1079044374 > .col-inner {\n  padding: 0 0px 0px 0px;\n  margin: 0 0px 0px 0px;\n}\n<\/style>\n\t<\/div>\n\n\t\n\n\n<style>\n#row-140331337 > .col > .col-inner {\n  padding: 30px 30px 30px 30px;\n}\n<\/style>\n<\/div>\n\n<\/div><\/div><\/div>\n\n\t\t<\/div>\n\t\t\t\t\t<\/div>\n\n\t\n\n<\/div>\n\n\t\t<\/div>\n\n\t\t\n<style>\n#section_464544192 {\n  padding-top: 0px;\n  padding-bottom: 0px;\n}\n#section_464544192 .ux-shape-divider--top svg {\n  height: 150px;\n  --divider-top-width: 100%;\n}\n#section_464544192 .ux-shape-divider--bottom svg {\n  height: 150px;\n  --divider-width: 100%;\n}\n<\/style>\n\t<\/section>\n\t\n\n","protected":false},"excerpt":{"rendered":"","protected":false},"author":1,"featured_media":0,"parent":0,"menu_order":0,"comment_status":"closed","ping_status":"closed","template":"","meta":{"iawp_total_views":0,"footnotes":""},"class_list":["post-18698","page","type-page","status-publish","hentry"],"_links":{"self":[{"href":"https:\/\/ssscorp.org\/de\/wp-json\/wp\/v2\/pages\/18698","targetHints":{"allow":["GET"]}}],"collection":[{"href":"https:\/\/ssscorp.org\/de\/wp-json\/wp\/v2\/pages"}],"about":[{"href":"https:\/\/ssscorp.org\/de\/wp-json\/wp\/v2\/types\/page"}],"author":[{"embeddable":true,"href":"https:\/\/ssscorp.org\/de\/wp-json\/wp\/v2\/users\/1"}],"replies":[{"embeddable":true,"href":"https:\/\/ssscorp.org\/de\/wp-json\/wp\/v2\/comments?post=18698"}],"version-history":[{"count":48,"href":"https:\/\/ssscorp.org\/de\/wp-json\/wp\/v2\/pages\/18698\/revisions"}],"predecessor-version":[{"id":19075,"href":"https:\/\/ssscorp.org\/de\/wp-json\/wp\/v2\/pages\/18698\/revisions\/19075"}],"wp:attachment":[{"href":"https:\/\/ssscorp.org\/de\/wp-json\/wp\/v2\/media?parent=18698"}],"curies":[{"name":"wp","href":"https:\/\/api.w.org\/{rel}","templated":true}]}}