{"id":17250,"date":"2026-02-08T11:53:25","date_gmt":"2026-02-08T11:53:25","guid":{"rendered":"https:\/\/ssscorp.org\/2026-ordentliche-und-ausserordentliche-versammlungen\/"},"modified":"2026-04-29T19:41:58","modified_gmt":"2026-04-29T19:41:58","slug":"2026-ordentliche-und-ausserordentliche-versammlungen","status":"publish","type":"page","link":"https:\/\/ssscorp.org\/de\/2026-ordentliche-und-ausserordentliche-versammlungen\/","title":{"rendered":"2026 Ordentliche und au\u00dferordentliche Versammlungen"},"content":{"rendered":"\n\n  <div class=\"banner has-hover has-parallax\" id=\"banner-2046194335\">\n          <div class=\"banner-inner fill\">\n        <div class=\"banner-bg fill\" data-parallax=\"-3\" data-parallax-container=\".banner\" data-parallax-background>\n            <div class=\"bg fill bg-fill \"><\/div>\n                        <div class=\"overlay\"><\/div>            \n                    <\/div>\n\t\t\n        <div class=\"banner-layers container\">\n            <div class=\"fill banner-link\"><\/div>            \n\n   <div id=\"text-box-265570926\" class=\"text-box banner-layer x50 md-x50 lg-x50 y50 md-y50 lg-y50 res-text\">\n                                <div class=\"text-box-content text dark\">\n              \n              <div class=\"text-inner text-center\">\n                  \n\n<h3 class=\"uppercase\"><strong>2026 Ordentliche und au\u00dferordentliche Versammlungen<\/strong><\/h3>\n<p>Klicken Sie auf das jeweilige Datum der regul\u00e4ren Sitzung, um die Tagesordnung f\u00fcr diese Sitzung anzuzeigen.&nbsp;<\/p>\n\n              <\/div>\n           <\/div>\n                            \n<style>\n#text-box-265570926 {\n  width: 98%;\n}\n#text-box-265570926 .text-box-content {\n  font-size: 100%;\n}\n<\/style>\n    <\/div>\n \n\n        <\/div>\n      <\/div>\n\n            \n<style>\n#banner-2046194335 {\n  padding-top: 300px;\n}\n#banner-2046194335 .bg.bg-loaded {\n  background-image: url(https:\/\/ssscorp.org\/wp-content\/uploads\/2022\/09\/Untitled-design-3-scaled-1.jpeg);\n}\n#banner-2046194335 .overlay {\n  background-color: rgba(17, 33, 82, 0.855);\n}\n#banner-2046194335 .ux-shape-divider--top svg {\n  height: 150px;\n  --divider-top-width: 100%;\n}\n#banner-2046194335 .ux-shape-divider--bottom svg {\n  height: 150px;\n  --divider-width: 100%;\n}\n<\/style>\n  <\/div>\n\n\n\t<section class=\"section\" id=\"section_918356821\">\n\t\t<div class=\"bg section-bg fill bg-fill  bg-loaded\" >\n\n\t\t\t\n\t\t\t\n\t\t\t\n\n\t\t<\/div>\n\n\t\t\n\n\t\t<div class=\"section-content relative\">\n\t\t\t\n\n<div class=\"row\"  id=\"row-1605588291\">\n\n\n\t<div id=\"col-2100989509\" class=\"col medium-6 small-12 large-6\"  >\n\t\t\t\t<div class=\"col-inner\"  >\n\t\t\t\n\t\t\t\n\n<div class=\"container section-title-container\" ><h3 class=\"section-title section-title-normal\"><b><\/b><span class=\"section-title-main\" >2026 Tagesordnungen f\u00fcr regelm\u00e4\u00dfige Treffen<\/span><b><\/b><\/h3><\/div>\n\n<p><a href=\"https:\/\/ssscorp.org\/wp-content\/uploads\/2026\/02\/Screen-Shot-2026-02-07-at-12.05.53-PM.png\">Januar 8, 2026<\/a><\/p>\n<p><a href=\"https:\/\/ssscorp.org\/wp-content\/uploads\/2026\/02\/Screen-Shot-2026-02-07-at-12.06.18-PM.png\">Januar 14, 2026<\/a><\/p>\n<p><a href=\"https:\/\/ssscorp.org\/wp-content\/uploads\/2026\/02\/Screen-Shot-2026-02-07-at-12.06.51-PM.png\">Januar 28, 2026<\/a><\/p>\n<p><a href=\"https:\/\/ssscorp.org\/wp-content\/uploads\/2026\/03\/AGENDA-Wednesday-February-25-2026-Regular.docx.pdf\">Februar 25, 2026<\/a><\/p>\n<p><a href=\"https:\/\/ssscorp.org\/wp-content\/uploads\/2026\/03\/AGENDA-Thursday-February-26-2026-Regular.docx.pdf\">Februar 26, 2026<\/a><\/p>\n<p><a href=\"https:\/\/ssscorp.org\/wp-content\/uploads\/2026\/04\/AGENDA-Wednesday-March-4-2026-Regular.docx-1.pdf\">M\u00e4rz 4, 2026<\/a><\/p>\n<p><a href=\"https:\/\/ssscorp.org\/wp-content\/uploads\/2026\/04\/AGENDA-Wednesday-March-11-2026-Regular.docx.pdf\">M\u00e4rz 11, 2026<\/a><\/p>\n<p><a href=\"https:\/\/ssscorp.org\/wp-content\/uploads\/2026\/04\/AGENDA-Thursday-April-2-2026-Regular.docx.pdf\">April 2, 2026<\/a><\/p>\n<p><a href=\"https:\/\/ssscorp.org\/wp-content\/uploads\/2026\/04\/AGENDA-Wednesday-April-15-2026-Morning-Meeting-Regular.docx.pdf\">April 15, 2026<\/a><\/p>\n<p><a href=\"https:\/\/ssscorp.org\/wp-content\/uploads\/2026\/04\/AGENDA-Wednesday-April-22-2026-Regular.docx.pdf\">April 22, 2026<\/a><\/p>\n<p> <\/p>\n<p> <\/p>\n\n\t\t<\/div>\n\t\t\t\t\t<\/div>\n\n\t\n\n\t<div id=\"col-590595626\" class=\"col medium-6 small-12 large-6\"  >\n\t\t\t\t<div class=\"col-inner\"  >\n\t\t\t\n\t\t\t\n\n<div class=\"container section-title-container\" ><h3 class=\"section-title section-title-normal\"><b><\/b><span class=\"section-title-main\" >2026 Sondersitzungen<\/span><b><\/b><\/h3><\/div>\n\n<p>Januar 14, 2026<\/p>\n<p>Februar 5, 2026<\/p>\n<p>Februar 11, 2026<\/p>\n<p>Februar 25, 2026<\/p>\n<p>M\u00e4rz 4, 2026<\/p>\n<p>M\u00e4rz 11, 2026<\/p>\n<p>M\u00e4rz 12, 2026<\/p>\n<p>M\u00e4rz 18, 2026<\/p>\n<p>M\u00e4rz 25, 2026<\/p>\n<p>April 1, 2026<\/p>\n<p>April 15, 2026<\/p>\n\n\t\t<\/div>\n\t\t\t\t\t<\/div>\n\n\t\n\n<\/div>\n<div class=\"row\"  id=\"row-2025955288\">\n\n\n\t<div id=\"col-1371895414\" class=\"col small-12 large-12\"  >\n\t\t\t\t<div class=\"col-inner\"  >\n\t\t\t\n\t\t\t\n\n<div class=\"row\"  id=\"row-1035575562\">\n\n\n\t<div id=\"col-2008864239\" class=\"col small-12 large-12\"  >\n\t\t\t\t<div class=\"col-inner\"  >\n\t\t\t\n\t\t\t\n\n<h3\/>\n<p>&nbsp;<\/p>\n\n\t\t<\/div>\n\t\t\t\t\t<\/div>\n\n\t\n\n\t<div id=\"col-978828495\" class=\"col small-12 large-12\"  >\n\t\t\t\t<div class=\"col-inner\"  >\n\t\t\t\n\t\t\t\n\n<h3>MOTIONEN<\/h3>\n<p>4. M\u00e4rz 2026- Ordentliche Sitzung<\/p>\n<p><b>ANTRAG 1<\/b><\/p>\n<p>Der SSSC ernennt Amarjap Kaur mit sofortiger Wirkung f\u00fcr eine zweij\u00e4hrige Amtszeit zum Vorstandsmitglied von 3HO Europe. Dar\u00fcber hinaus unterst\u00fctzt er Deva Fateh, Varan Devpreet und Avtar Kaur Thielefeldt als Berater f\u00fcr den Vorstand. <\/p>\n<p><b>PASSIERT  <\/b><\/p>\n<p><a href=\"https:\/\/ssscorp.org\/wp-content\/uploads\/2026\/04\/Screen-Shot-2026-04-29-at-3.22.51-PM.png\">W\u00c4HLERPROTOKOLL<\/a><\/p>\n<p> <\/p>\n<p>2. April 2026- Ordentliche Sitzung<\/p>\n<p><b>MOTION 1  <\/b><\/p>\n<p><span style=\"font-weight: 400;\">   <\/span><i><span style=\"font-weight: 400;\">  Der Governance-Ausschuss hat die Bewerber f\u00fcr die Wiederernennung in den KRI-Vorstand gr\u00fcndlich gepr\u00fcft und die Bewertung der Vorstandsmitglieder (Peer Review), die KRI-Kompetenzmatrix und den Beitrag der KRI-Vorstandsbeauftragten Gurumeet Kaur Khalsa gepr\u00fcft,<\/span><\/i><\/p>\n<p><i><span style=\"font-weight: 400;\">  in der Erw\u00e4gung, dass der SSSC-Governance-Ausschuss die Zustimmung zur Wiederernennung von Aman Jiwan Kaur \/Ellen Lenny-Pessagno in den KRI-Vorstand f\u00fcr eine zweij\u00e4hrige Amtszeit ab dem 1. M\u00e4rz 2026 empfiehlt:<\/span><\/i><\/p>\n<p><i><span style=\"font-weight: 400;\">  Es ist daher<\/span><\/i><\/p>\n<p><i><span style=\"font-weight: 400;\">beschlie\u00dft, dass der SSSC Aman Jiwan Kaur \/Ellen Lenny-Pessagno f\u00fcr eine zweij\u00e4hrige Amtszeit vom 1. M\u00e4rz 2026 bis zum 1. M\u00e4rz 2028 wiederbestellt.<\/span><\/i><\/p>\n<p><strong><i>PASSIERT  <\/i><\/strong><\/p>\n<p><a href=\"https:\/\/ssscorp.org\/wp-content\/uploads\/2026\/04\/Screen-Shot-2026-04-29-at-3.29.13-PM.png\">W\u00c4HLERPROTOKOLL<\/a><\/p>\n<p> <\/p>\n<p><b>MOTION 2<\/b><\/p>\n<p><i><span style=\"font-weight: 400;\">Der Governance-Ausschuss hat die Bewerber f\u00fcr die Wiederernennung in den KRI-Vorstand gr\u00fcndlich gepr\u00fcft und die Bewertung der Vorstandsmitglieder (Peer Review), die KRI-Kompetenzmatrix und den Beitrag der KRI-Vorstandsbeauftragten Gurumeet Kaur Khalsa gepr\u00fcft,<\/span><\/i><\/p>\n<p><i><span style=\"font-weight: 400;\">  in der Erw\u00e4gung, dass der Governance-Ausschuss des SSSC empfiehlt, die Wiederernennung von Dharam Dev Kaur Khalsa in den KRI-Vorstand f\u00fcr eine zweij\u00e4hrige Amtszeit ab dem 1. M\u00e4rz 2026 zu genehmigen:<\/span><\/i><\/p>\n<p><i><span style=\"font-weight: 400;\">  Es ist daher<\/span><\/i><\/p>\n<p><i><span style=\"font-weight: 400;\">beschlie\u00dft, dass der SSSC Dharam Dev Kaur Khalsa f\u00fcr eine zweij\u00e4hrige Amtszeit vom 1. M\u00e4rz 2026 bis zum 1. M\u00e4rz 2028 wiederbestellt.<\/span><\/i><\/p>\n<p><b><i>PASSIERT  <\/i><\/b><\/p>\n<p><a href=\"https:\/\/ssscorp.org\/wp-content\/uploads\/2026\/04\/Screen-Shot-2026-04-29-at-3.30.41-PM.png\">W\u00c4HLERPROTOKOLL<\/a><br style=\"font-weight: 400;\"><br style=\"font-weight: 400;\"><\/p>\n<p><b>MOTION 3<\/b><\/p>\n<p><b><i> <\/i><\/b><i><span style=\"font-weight: 400;\">  Der Governance-Ausschuss hat die Bewerber f\u00fcr die Wiederernennung in den KRI-Vorstand gr\u00fcndlich gepr\u00fcft und die Bewertung der Vorstandsmitglieder (Peer Review), die KRI-Kompetenzmatrix und den Beitrag der KRI-Vorstandsbeauftragten Gurumeet Kaur Khalsa gepr\u00fcft,<\/span><\/i><\/p>\n<p><i><span style=\"font-weight: 400;\">  in der Erw\u00e4gung, dass der Governance-Ausschuss des SSSC empfiehlt, die Wiederernennung von Harimandir Kaur Khalsa in den KRI-Vorstand f\u00fcr eine zweij\u00e4hrige Amtszeit ab dem 1. M\u00e4rz 2026 zu genehmigen:<\/span><\/i><\/p>\n<p><i><span style=\"font-weight: 400;\">  Es ist daher<\/span><\/i><\/p>\n<p><i><span style=\"font-weight: 400;\">beschlie\u00dft, dass der SSSC Harimandir Kaur Khalsa f\u00fcr eine zweij\u00e4hrige Amtszeit vom 1. M\u00e4rz 2026 bis zum 1. M\u00e4rz 2028 wiederbestellt.<\/span><\/i><\/p>\n<p><b>PASSIERT  <\/b><\/p>\n<p><a href=\"https:\/\/ssscorp.org\/wp-content\/uploads\/2026\/04\/Screen-Shot-2026-04-29-at-3.32.20-PM.png\">W\u00c4HLERPROTOKOLL<\/a><br style=\"font-weight: 400;\"><br style=\"font-weight: 400;\"><\/p>\n<p><b>MOTION 4<\/b><\/p>\n<p><i><span style=\"font-weight: 400;\">Der Governance-Ausschuss hat die Bewerber f\u00fcr die Wiederernennung in den KRI-Vorstand gr\u00fcndlich gepr\u00fcft und die Bewertung der Vorstandsmitglieder (Peer Review), die KRI-Kompetenzmatrix und den Beitrag der KRI-Vorstandsbeauftragten Gurumeet Kaur Khalsa gepr\u00fcft,<\/span><\/i><\/p>\n<p><i><span style=\"font-weight: 400;\">  in der Erw\u00e4gung, dass der Governance-Ausschuss des SSSC empfiehlt, die Wiederernennung von Harimandir Kaur Khalsa in den KRI-Vorstand f\u00fcr eine zweij\u00e4hrige Amtszeit ab dem 1. M\u00e4rz 2026 zu genehmigen:<\/span><\/i><\/p>\n<p><i><span style=\"font-weight: 400;\">  Es ist daher<\/span><\/i><\/p>\n<p><i><span style=\"font-weight: 400;\">beschlie\u00dft, dass der SSSC Harimandir Kaur Khalsa f\u00fcr eine zweij\u00e4hrige Amtszeit vom 1. M\u00e4rz 2026 bis zum 1. M\u00e4rz 2028 wiederbestellt.<\/span><\/i><\/p>\n<p><b><i>PASSIERT<\/i><\/b><\/p>\n<p><a href=\"https:\/\/ssscorp.org\/wp-content\/uploads\/2026\/04\/Screen-Shot-2026-04-29-at-3.34.55-PM.png\">W\u00c4HLERPROTOKOLL<\/a><br style=\"font-weight: 400;\"><br style=\"font-weight: 400;\"><br style=\"font-weight: 400;\"><\/p>\n<p> <\/p>\n<p> <\/p>\n<p><br style=\"font-weight: 400;\"><br style=\"font-weight: 400;\"><\/p>\n\n\t\t<\/div>\n\t\t\t\t\t<\/div>\n\n\t\n\n<\/div>\n\n\t\t<\/div>\n\t\t\t\t\t<\/div>\n\n\t\n\n<\/div>\n\n\t\t<\/div>\n\n\t\t\n<style>\n#section_918356821 {\n  padding-top: 30px;\n  padding-bottom: 30px;\n}\n#section_918356821 .ux-shape-divider--top svg {\n  height: 150px;\n  --divider-top-width: 100%;\n}\n#section_918356821 .ux-shape-divider--bottom svg {\n  height: 150px;\n  --divider-width: 100%;\n}\n<\/style>\n\t<\/section>\n\t\n\n","protected":false},"excerpt":{"rendered":"","protected":false},"author":1,"featured_media":0,"parent":0,"menu_order":0,"comment_status":"closed","ping_status":"closed","template":"page-blank.php","meta":{"iawp_total_views":0,"footnotes":""},"class_list":["post-17250","page","type-page","status-publish","hentry"],"_links":{"self":[{"href":"https:\/\/ssscorp.org\/de\/wp-json\/wp\/v2\/pages\/17250","targetHints":{"allow":["GET"]}}],"collection":[{"href":"https:\/\/ssscorp.org\/de\/wp-json\/wp\/v2\/pages"}],"about":[{"href":"https:\/\/ssscorp.org\/de\/wp-json\/wp\/v2\/types\/page"}],"author":[{"embeddable":true,"href":"https:\/\/ssscorp.org\/de\/wp-json\/wp\/v2\/users\/1"}],"replies":[{"embeddable":true,"href":"https:\/\/ssscorp.org\/de\/wp-json\/wp\/v2\/comments?post=17250"}],"version-history":[{"count":61,"href":"https:\/\/ssscorp.org\/de\/wp-json\/wp\/v2\/pages\/17250\/revisions"}],"predecessor-version":[{"id":18455,"href":"https:\/\/ssscorp.org\/de\/wp-json\/wp\/v2\/pages\/17250\/revisions\/18455"}],"wp:attachment":[{"href":"https:\/\/ssscorp.org\/de\/wp-json\/wp\/v2\/media?parent=17250"}],"curies":[{"name":"wp","href":"https:\/\/api.w.org\/{rel}","templated":true}]}}