{"id":17009,"date":"2026-01-22T13:06:10","date_gmt":"2026-01-22T13:06:10","guid":{"rendered":"https:\/\/ssscorp.org\/globaler-tag-des-seva\/"},"modified":"2026-02-02T18:11:06","modified_gmt":"2026-02-02T18:11:06","slug":"globaler-tag-des-seva","status":"publish","type":"page","link":"https:\/\/ssscorp.org\/de\/globaler-tag-des-seva\/","title":{"rendered":"Globaler Tag des Seva"},"content":{"rendered":"\n\n\n<style>\n\n\n.img-inner {\n  \/*border: 0px solid #b7ccb2;\n  border-bottom-width: 3px;*\/\n  padding: 10px\n}\n\n.seva-logo-section, .seva-logo-section .img-inner, .seva-logo-section .col {\n  padding: 0 !important;\n}\n\n.seva-logo-section .row {\n  margin: 0 !important;\n}\n\n.row-large &gt; .col {\n  padding: 0px;\n}\n\n.seva-logo-section {\n  margin-top: -10% !important;\n  margin-bottom: -10% !important;\n  z-index: 20;\n}\n\n.seva-logo-section .col {\n  padding-bottom: 0;\n}\n\n@media screen and (max-width: 549px) {\n\n .seva-top-logo-wrap {\n   text-align: center !important;\n  }\n  \n  .seva-top-logo {\n    margin-left: auto !important;\n    margin-right: auto !important;\n  }\n\n}\n\n.seva-top-logo {\n \/*opacity: 0.7;*\/\n}\n\n.seva-top-logo .img-inner {\n  border: none !important;\n  box-shadow: none !important;\n}\n\n<\/style>\n\n\t<section class=\"section\" id=\"section_2147203688\">\n\t\t<div class=\"bg section-bg fill bg-fill  bg-loaded\" >\n\n\t\t\t\n\t\t\t\n\t\t\t\n\n\t\t<\/div>\n\n\t\t\n\n\t\t<div class=\"section-content relative\">\n\t\t\t\n\n<div class=\"row row-collapse align-middle align-center\"  id=\"row-1016514498\">\n\n\n\t<div id=\"col-125243807\" class=\"col seva-top-logo-wrap medium-6 small-12 large-6\"  >\n\t\t\t\t<div class=\"col-inner text-right\"  >\n\t\t\t\n\t\t\t\n\n\t<div class=\"img has-hover seva-top-logo x md-x lg-x y md-y lg-y\" id=\"image_1626282309\">\n\t\t\t\t\t\t\t\t<div class=\"img-inner box-shadow-2 dark\" style=\"margin:0px 0 0px 0px;\">\n\t\t\t<img fetchpriority=\"high\" decoding=\"async\" width=\"720\" height=\"516\" src=\"https:\/\/ssscorp.org\/wp-content\/uploads\/2026\/01\/LOGO-seva-cr.png\" class=\"attachment-large size-large\" alt=\"\" srcset=\"https:\/\/ssscorp.org\/wp-content\/uploads\/2026\/01\/LOGO-seva-cr.png 720w, https:\/\/ssscorp.org\/wp-content\/uploads\/2026\/01\/LOGO-seva-cr-300x215.png 300w\" sizes=\"(max-width: 720px) 100vw, 720px\" \/>\t\t\t\t\t\t\n\t\t\t\t\t<\/div>\n\t\t\t\t\t\t\t\t\n<style>\n#image_1626282309 {\n  width: 73%;\n}\n<\/style>\n\t<\/div>\n\t\n\n\n\t\t<\/div>\n\t\t\t\t\n<style>\n#col-125243807 > .col-inner {\n  padding: 0 0px 0px 0px;\n  margin: 0 0px 0px 0px;\n}\n<\/style>\n\t<\/div>\n\n\t\n\n\t<div id=\"col-215060654\" class=\"col seva-top-logo-wrap medium-6 small-12 large-6\"  >\n\t\t\t\t<div class=\"col-inner text-left\"  >\n\t\t\t\n\t\t\t\n\n\t<div class=\"img has-hover seva-top-logo x md-x lg-x y md-y lg-y\" id=\"image_1765593126\">\n\t\t\t\t\t\t\t\t<div class=\"img-inner box-shadow-2 dark\" >\n\t\t\t<img decoding=\"async\" width=\"800\" height=\"516\" src=\"https:\/\/ssscorp.org\/wp-content\/uploads\/2026\/01\/feeding-the-world-logo-e1769086802138.png\" class=\"attachment-large size-large\" alt=\"\" \/>\t\t\t\t\t\t\n\t\t\t\t\t<\/div>\n\t\t\t\t\t\t\t\t\n<style>\n#image_1765593126 {\n  width: 82%;\n}\n<\/style>\n\t<\/div>\n\t\n\n\n\t\t<\/div>\n\t\t\t\t\n<style>\n#col-215060654 > .col-inner {\n  padding: 0 0px 0px 0px;\n  margin: 0 0px 0px 0px;\n}\n<\/style>\n\t<\/div>\n\n\t\n\n\n<style>\n#row-1016514498 > .col > .col-inner {\n  padding: 0 0px 0px 0px;\n}\n<\/style>\n<\/div>\n\n\t\t<\/div>\n\n\t\t\n<style>\n#section_2147203688 {\n  padding-top: 0px;\n  padding-bottom: 0px;\n}\n#section_2147203688 .ux-shape-divider--top svg {\n  height: 150px;\n  --divider-top-width: 100%;\n}\n#section_2147203688 .ux-shape-divider--bottom svg {\n  height: 150px;\n  --divider-width: 100%;\n}\n<\/style>\n\t<\/section>\n\t\n\t<div id=\"gap-1609302462\" class=\"gap-element clearfix\" style=\"display:block; height:auto;\">\n\t\t\n<style>\n#gap-1609302462 {\n  padding-top: 30px;\n}\n<\/style>\n\t<\/div>\n\t\n\n  <div id=\"page-header-1570834901\" class=\"page-header-wrapper\">\n  <div class=\"page-title seva-header light simple-title\">\n\n    \n    <div class=\"page-title-inner container align-center text-center flex-row-col medium-flex-wrap\" >\n              <div class=\"title-wrapper is-large flex-col\">\n          <h1 class=\"entry-title mb-0\">\n            Globaler Tag des Seva          <\/h1>\n        <\/div>\n                    <div class=\"title-content flex-col\">\n        <div class=\"title-breadcrumbs pb-half pt-half\"><\/div>      <\/div>\n    <\/div>\n\n       <\/div>\n    <\/div>\n  \n\n\t<div id=\"text-214576250\" class=\"text seva-text-section\">\n\t\t\n\n<p dir=\"ltr\" style=\"text-align: center;\"><strong>Ein globaler Tag des Mitgef\u00fchls, des Dienstes und der Aufwertung<\/strong><br><br><\/p>\n<h2 dir=\"ltr\" style=\"text-align: left;\"><strong>Was ist der Globale Tag des Seva?<\/strong><\/h2>\n<p dir=\"ltr\" style=\"text-align: left;\">Der <strong>Global Day of Seva<\/strong> ist eine weltweite Einladung, unsere spirituellen Werte durch <strong>selbstlosen Dienst (Seva)<\/strong> in die Tat umzusetzen. An diesem Tag vereinen sich Einzelpersonen, Familien, Gurdwaras und Gemeinschaften auf der ganzen Welt, um zu dienen, Bed\u00fcrftigen zu helfen und mitf\u00fchlende, gerechte lokale Verbindungen zu st\u00e4rken. <\/p>\n<p dir=\"ltr\" style=\"text-align: left;\">Unser Ziel ist einfach und kraftvoll: <strong>Wir kommen f\u00fcr ein gemeinsames Ziel zusammen &#8211; den Dienst am N\u00e4chsten &#8211; und<\/strong>w\u00e4hlen Seva-Projekte aus, die in Gemeinden auf der ganzen Welt eine sinnvolle, messbare Wirkung entfalten k\u00f6nnen.<\/p>\n<p dir=\"ltr\" style=\"text-align: left;\">An diesem Tag geht es um viele H\u00e4nde, ein Herz.<\/p>\n<p style=\"text-align: left;\"> <\/p>\n<h2 dir=\"ltr\" style=\"text-align: left;\"><strong>Unsere globalen Themen<\/strong><\/h2>\n<p dir=\"ltr\" style=\"text-align: left;\">Jedes Jahr steht der Global Day of Seva unter einem bestimmten Thema, das unsere gemeinsamen Werte und die Bed\u00fcrfnisse der Welt widerspiegelt.<\/p>\n<h3 dir=\"ltr\" style=\"text-align: left;\">2025 Thema: Seva der Planet<\/h3>\n<p dir=\"ltr\" style=\"text-align: left;\"><a href=\"https:\/\/ssscorp.org\/de\/das-global-seva-projekt\/\" target=\"_blank\" rel=\"noopener\">&gt;  HIER MEHR LESEN<\/a><\/p>\n<p dir=\"ltr\" style=\"text-align: left;\">Im Jahr 2025 konzentrierten sich die Gemeinden auf der ganzen Welt darauf, sich um die Erde zu k\u00fcmmern, und zwar durch Taten, die die Nachhaltigkeit, die Verantwortung f\u00fcr die Umwelt und unsere Verantwortung gegen\u00fcber zuk\u00fcnftigen Generationen ehren.<\/p>\n<h3 dir=\"ltr\" style=\"text-align: left;\">2026 Thema: Die Welt ern\u00e4hren, ein Langar nach dem anderen<\/h3>\n<p dir=\"ltr\" style=\"text-align: left;\"><a href=\"https:\/\/ssscorp.org\/de\/die-welt-ernaehren-ein-langar-nach-dem-anderen\/\" target=\"_blank\" rel=\"noopener\">&gt;  HIER MEHR LESEN<\/a><\/p>\n<p dir=\"ltr\" style=\"text-align: left;\">Im Jahr 2026 steht der Globale Seva-Tag im Zeichen von <strong>Langar &#8211; der<\/strong>heiligen Tradition des Teilens von Essen als Ausdruck von Gleichheit, Mitgef\u00fchl und Gemeinschaft.<\/p>\n<p dir=\"ltr\" style=\"text-align: left;\">Gemeinsam engagieren wir uns f\u00fcr die <strong>Ern\u00e4hrung der Welt, ein Langar nach dem anderen<\/strong>.<\/p>\n<p style=\"text-align: left;\"> <\/p>\n<h2 dir=\"ltr\" style=\"text-align: left;\"><strong>Unser gemeinsames Ziel<\/strong><\/h2>\n<p dir=\"ltr\" style=\"text-align: left;\">Der Globale Seva-Tag wurde durch die Zusammenarbeit in der Gemeinschaft und durch kollektive Visionen entwickelt. Sein Ziel ist es: <\/p>\n<ul style=\"text-align: left;\">\n<li dir=\"ltr\">\n<p dir=\"ltr\">Bringen Sie Gemeinschaften mit einer gemeinsamen Absicht zusammen<\/p>\n<\/li>\n<li dir=\"ltr\">\n<p dir=\"ltr\">Bieten Sie Menschen die M\u00f6glichkeit, durch Dienstleistungen etwas zur\u00fcckzugeben.<\/p>\n<\/li>\n<li dir=\"ltr\">\n<p dir=\"ltr\">St\u00e4rkung der Verbindung durch kollektives Handeln<\/p>\n<\/li>\n<li dir=\"ltr\">\n<p dir=\"ltr\">Erkunden Sie sinnvolle Wege, um den sozialen Einfluss in unseren Gemeinden zu verstehen und zu messen.<\/p>\n<\/li>\n<\/ul>\n<p dir=\"ltr\" style=\"text-align: left;\">Gemeinsam setzen wir Werte in die Tat um &#8211; und machen den Dienst zu einem globalen Ausdruck der Einheit.<\/p>\n\t\t\n<style>\n#text-214576250 {\n  text-align: center;\n}\n<\/style>\n\t<\/div>\n\t\n<p> <\/p>\n<p> <\/p>\n\n","protected":false},"excerpt":{"rendered":"","protected":false},"author":1,"featured_media":0,"parent":0,"menu_order":0,"comment_status":"closed","ping_status":"closed","template":"","meta":{"iawp_total_views":0,"footnotes":""},"class_list":["post-17009","page","type-page","status-publish","hentry"],"_links":{"self":[{"href":"https:\/\/ssscorp.org\/de\/wp-json\/wp\/v2\/pages\/17009","targetHints":{"allow":["GET"]}}],"collection":[{"href":"https:\/\/ssscorp.org\/de\/wp-json\/wp\/v2\/pages"}],"about":[{"href":"https:\/\/ssscorp.org\/de\/wp-json\/wp\/v2\/types\/page"}],"author":[{"embeddable":true,"href":"https:\/\/ssscorp.org\/de\/wp-json\/wp\/v2\/users\/1"}],"replies":[{"embeddable":true,"href":"https:\/\/ssscorp.org\/de\/wp-json\/wp\/v2\/comments?post=17009"}],"version-history":[{"count":27,"href":"https:\/\/ssscorp.org\/de\/wp-json\/wp\/v2\/pages\/17009\/revisions"}],"predecessor-version":[{"id":17203,"href":"https:\/\/ssscorp.org\/de\/wp-json\/wp\/v2\/pages\/17009\/revisions\/17203"}],"wp:attachment":[{"href":"https:\/\/ssscorp.org\/de\/wp-json\/wp\/v2\/media?parent=17009"}],"curies":[{"name":"wp","href":"https:\/\/api.w.org\/{rel}","templated":true}]}}