{"id":14377,"date":"2025-08-20T20:11:39","date_gmt":"2025-08-20T20:11:39","guid":{"rendered":"https:\/\/ssscorp.org\/die-erfahrung-des-legacy-vorstandsdienstes-fuer-gemeinnuetzige-organisationen\/"},"modified":"2025-08-20T20:41:44","modified_gmt":"2025-08-20T20:41:44","slug":"die-erfahrung-des-legacy-vorstandsdienstes-fuer-gemeinnuetzige-organisationen","status":"publish","type":"page","link":"https:\/\/ssscorp.org\/de\/die-erfahrung-des-legacy-vorstandsdienstes-fuer-gemeinnuetzige-organisationen\/","title":{"rendered":"Die Erfahrung des Legacy-Vorstandsdienstes f\u00fcr gemeinn\u00fctzige Organisationen"},"content":{"rendered":"\n<h2 class=\"wp-block-heading\">Die Erfahrung des Legacy-Vorstandsdienstes f\u00fcr gemeinn\u00fctzige Organisationen<\/h2>\n\n<p>Die Mitarbeit in einem unserer gemeinn\u00fctzigen Vorst\u00e4nde ist eine sinnvolle M\u00f6glichkeit, Ihre F\u00e4higkeiten, Ihre Vision und Ihre Hingabe in den Dienst unseres Dharmas und der globalen Gemeinschaft zu stellen. Vorstandsmitglieder sind damit betraut, die Mission zu leiten, eine gute F\u00fchrung sicherzustellen und die Vitalit\u00e4t der Organisationen zu unterst\u00fctzen, denen sie dienen. <\/p>\n\n<h3 class=\"wp-block-heading\"><strong>Zweck des Vorstandsdienstes<\/strong><\/h3>\n\n<p><strong>Unsere gemeinn\u00fctzigen Vorst\u00e4nde:<\/strong><\/p>\n\n<ul class=\"wp-block-list\">\n<li>Geben Sie die strategische Richtung vor und beaufsichtigen Sie Ihre Organisation.<br\/><\/li>\n\n\n\n<li>Halten Sie die Mission, die Werte und das Verm\u00e4chtnis der Siri Singh Sahib aufrecht.<br\/><\/li>\n\n\n\n<li>Sichern Sie die Ressourcen und gew\u00e4hrleisten Sie die Rechenschaftspflicht gegen\u00fcber unserem Sangat und unseren Stakeholdern.<br\/><\/li>\n\n\n\n<li>Schaffen Sie Einigkeit und f\u00f6rdern Sie eine Kultur der Dienstleistung, der Transparenz und des Vertrauens.<br\/><\/li>\n<\/ul>\n\n<h3 class=\"wp-block-heading\"><strong>Was es bedeutet, zu dienen<\/strong><\/h3>\n\n<p>Die Arbeit im Vorstand ist eine Gelegenheit, mit Hingabe und Zielstrebigkeit zu dienen. Die Mitglieder k\u00f6nnen erwarten, dass sie: <\/p>\n\n<ul class=\"wp-block-list\">\n<li><strong>F\u00fchren Sie mit Absicht<\/strong> &#8211; Treffen Sie Entscheidungen, die die Mission voranbringen und den Bed\u00fcrfnissen des Sangat dienen.<br\/><\/li>\n\n\n\n<li><strong>Zusammenarbeit mit Integrit\u00e4t<\/strong> &#8211; Arbeiten Sie mit anderen engagierten Mitgliedern zusammen, die unterschiedliche Perspektiven und Fachkenntnisse mitbringen.<br\/><\/li>\n\n\n\n<li><strong>Wachsen Sie im Dienst<\/strong> &#8211; Erweitern Sie Ihre F\u00e4higkeiten in den Bereichen Governance, F\u00fchrung und organisatorische Verwaltung.<br\/><\/li>\n\n\n\n<li><strong>Strengthen Our Legacy<\/strong> &#8211; Unterst\u00fctzen Sie Programme und Initiativen, die Gemeinden auf der ganzen Welt ermutigen und inspirieren.<br\/><\/li>\n<\/ul>\n\n<h3 class=\"wp-block-heading\"><strong>Engagement und Erwartungen<\/strong><\/h3>\n\n<ul class=\"wp-block-list\">\n<li><strong>Dauer der Amtszeit:<\/strong> Die meisten Nonprofit-Vorstandsmandate sind 2 Jahre lang und k\u00f6nnen verl\u00e4ngert werden.<br\/><\/li>\n\n\n\n<li><strong>Zeitaufwand:<\/strong> Der Zeitaufwand pro Monat f\u00fcr Sitzungen, Ausschussarbeit und Vorbereitung ist unterschiedlich. Den ungef\u00e4hren Zeitaufwand finden Sie in der Stellenbeschreibung f\u00fcr Vorstandsmitglieder, die ver\u00f6ffentlicht wird, sobald eine Stelle frei wird. <br\/><\/li>\n\n\n\n<li><strong>Ethik und Verantwortlichkeit:<\/strong> Einhaltung des Ethikkodex der Organisation, der Richtlinien zu Interessenkonflikten und der Governance-Standards.<br\/><\/li>\n\n\n\n<li><strong>Aktives Engagement:<\/strong> Vorbereitung und Teilnahme an Sitzungen, Ausschussarbeit und organisatorischen Veranstaltungen.<br\/><\/li>\n<\/ul>\n\n<h3 class=\"wp-block-heading\"><strong>Unterst\u00fctzung f\u00fcr Vorstandsmitglieder<\/strong><\/h3>\n\n<p>Wir unterst\u00fctzen unsere Vorstandsmitglieder bei der Erf\u00fcllung ihrer Rolle durch:<\/p>\n\n<ul class=\"wp-block-list\">\n<li><strong>Orientierung und Schulung<\/strong> &#8211; Eine Einf\u00fchrung in die Mission, die F\u00fchrungsstruktur und die aktuellen Priorit\u00e4ten der Organisation sowie die BoardSource-Schulung: Zertifikat f\u00fcr gemeinn\u00fctzige Vorstandsschulung.<br\/><\/li>\n\n\n\n<li><strong>Fortlaufende Entwicklung<\/strong> &#8211; Die Siri Singh Sahib Corporation bietet regelm\u00e4\u00dfig Fortbildungsseminare an, die f\u00fcr Vorstandsmitglieder zug\u00e4nglich sind.<br\/><\/li>\n\n\n\n<li><strong>Gemeinschaft und Verbindungen<\/strong> &#8211; Gelegenheiten, Beziehungen zu anderen Vorstandsmitgliedern und F\u00fchrungskr\u00e4ften von Organisationen aufzubauen.<br\/><\/li>\n<\/ul>\n\n<h3 class=\"wp-block-heading\"><strong>Der Weg des Seva<\/strong><\/h3>\n\n<p>Dies ist eine ehrenamtliche T\u00e4tigkeit. Die Mitarbeit in einem gemeinn\u00fctzigen Gremium innerhalb unserer Dharmic-Familie ist eine einzigartige Gelegenheit, etwas zur\u00fcckzugeben, Ihre Talente einzubringen und die St\u00e4rke und Nachhaltigkeit unserer Organisationen f\u00fcr kommende Generationen zu sichern.  <\/p>\n\n<p>Bitte klicken Sie<a href=\"https:\/\/ssscorp.org\/de\/gemeinnuetzige-organisationen\/\"> hier<\/a>, um unsere Familie von Non-Profit-Organisationen zu sehen<\/p>\n\n<p>Bitte klicken Sie <a href=\"https:\/\/ssscorp.org\/de\/wem-wir-dienen\/dienen-sie-in-einem-untergeordneten-vorstand\/\">hier<\/a>, um die Stellenangebote f\u00fcr Vorstandsmitglieder einzusehen<\/p>\n","protected":false},"excerpt":{"rendered":"<p>Die Erfahrung des Legacy-Vorstandsdienstes f\u00fcr gemeinn\u00fctzige Organisationen Die Mitarbeit in einem unserer gemeinn\u00fctzigen Vorst\u00e4nde ist eine sinnvolle M\u00f6glichkeit, Ihre F\u00e4higkeiten, Ihre Vision und Ihre Hingabe in den Dienst unseres Dharmas und der globalen Gemeinschaft zu stellen. Vorstandsmitglieder sind damit betraut, die Mission zu leiten, eine gute F\u00fchrung sicherzustellen und die Vitalit\u00e4t der Organisationen zu unterst\u00fctzen, [&#8230;]\n","protected":false},"author":2,"featured_media":0,"parent":0,"menu_order":0,"comment_status":"closed","ping_status":"closed","template":"","meta":{"iawp_total_views":3,"footnotes":""},"class_list":["post-14377","page","type-page","status-publish","hentry"],"_links":{"self":[{"href":"https:\/\/ssscorp.org\/de\/wp-json\/wp\/v2\/pages\/14377","targetHints":{"allow":["GET"]}}],"collection":[{"href":"https:\/\/ssscorp.org\/de\/wp-json\/wp\/v2\/pages"}],"about":[{"href":"https:\/\/ssscorp.org\/de\/wp-json\/wp\/v2\/types\/page"}],"author":[{"embeddable":true,"href":"https:\/\/ssscorp.org\/de\/wp-json\/wp\/v2\/users\/2"}],"replies":[{"embeddable":true,"href":"https:\/\/ssscorp.org\/de\/wp-json\/wp\/v2\/comments?post=14377"}],"version-history":[{"count":4,"href":"https:\/\/ssscorp.org\/de\/wp-json\/wp\/v2\/pages\/14377\/revisions"}],"predecessor-version":[{"id":14405,"href":"https:\/\/ssscorp.org\/de\/wp-json\/wp\/v2\/pages\/14377\/revisions\/14405"}],"wp:attachment":[{"href":"https:\/\/ssscorp.org\/de\/wp-json\/wp\/v2\/media?parent=14377"}],"curies":[{"name":"wp","href":"https:\/\/api.w.org\/{rel}","templated":true}]}}