{"id":13780,"date":"2025-07-04T09:34:22","date_gmt":"2025-07-04T09:34:22","guid":{"rendered":"https:\/\/ssscorp.org\/vom-office-of-ethics-professional-standards-eps-protokoll-zum-schutz-von-kindern-2\/"},"modified":"2025-07-04T09:41:16","modified_gmt":"2025-07-04T09:41:16","slug":"vom-office-of-ethics-professional-standards-eps-protokoll-zum-schutz-von-kindern-2","status":"publish","type":"page","link":"https:\/\/ssscorp.org\/de\/vom-office-of-ethics-professional-standards-eps-protokoll-zum-schutz-von-kindern-2\/","title":{"rendered":"Vom Office of Ethics &amp; Professional Standards (EPS): PROTOKOLL ZUM SCHUTZ VON KINDERN"},"content":{"rendered":"\n\n  <div class=\"banner has-hover has-parallax\" id=\"banner-1093577930\">\n          <div class=\"banner-inner fill\">\n        <div class=\"banner-bg fill\" data-parallax=\"-3\" data-parallax-container=\".banner\" data-parallax-background>\n            <div class=\"bg fill bg-fill \"><\/div>\n                        <div class=\"overlay\"><\/div>            \n                    <\/div>\n\t\t\n        <div class=\"banner-layers container\">\n            <div class=\"fill banner-link\"><\/div>            \n\n   <div id=\"text-box-2074933735\" class=\"text-box banner-layer x50 md-x50 lg-x50 y50 md-y50 lg-y50 res-text\">\n                                <div class=\"text-box-content text dark\">\n              \n              <div class=\"text-inner text-center\">\n                  \n\n<h3 class=\"uppercase\"><strong>Vom Office of Ethics &amp; Professional Standards (EPS): PROTOKOLL ZUM SCHUTZ VON KINDERN<\/strong><\/h3>\n\n\n              <\/div>\n           <\/div>\n                            \n<style>\n#text-box-2074933735 {\n  width: 60%;\n}\n#text-box-2074933735 .text-box-content {\n  font-size: 100%;\n}\n<\/style>\n    <\/div>\n \n\n        <\/div>\n      <\/div>\n\n            \n<style>\n#banner-1093577930 {\n  padding-top: 300px;\n}\n#banner-1093577930 .bg.bg-loaded {\n  background-image: url(https:\/\/ssscorp.org\/wp-content\/uploads\/2022\/09\/Untitled-design-3-scaled-1.jpeg);\n}\n#banner-1093577930 .overlay {\n  background-color: rgba(17, 33, 82, 0.855);\n}\n#banner-1093577930 .ux-shape-divider--top svg {\n  height: 150px;\n  --divider-top-width: 100%;\n}\n#banner-1093577930 .ux-shape-divider--bottom svg {\n  height: 150px;\n  --divider-width: 100%;\n}\n<\/style>\n  <\/div>\n\n\n\t<section class=\"section\" id=\"section_1512571602\">\n\t\t<div class=\"bg section-bg fill bg-fill  bg-loaded\" >\n\n\t\t\t\n\t\t\t\n\t\t\t\n\n\t\t<\/div>\n\n\t\t\n\n\t\t<div class=\"section-content relative\">\n\t\t\t\n\n<div class=\"row\"  id=\"row-1489868081\">\n\n\n\t<div id=\"col-160872360\" class=\"col small-12 large-12\"  >\n\t\t\t\t<div class=\"col-inner\"  >\n\t\t\t\n\t\t\t\n\n<p> <\/p>\n<p style=\"text-align: left;\"><b>Ziel<\/b><br>Schutz der Gesundheit, des Wohlbefindens und der Rechte von Minderj\u00e4hrigen; Erm\u00f6glichung ihrer Teilnahme an allen dharmischen Aktivit\u00e4ten, einschlie\u00dflich Bildung, spirituellem Leben und sozialem Engagement, frei von Schaden, Missbrauch und Vernachl\u00e4ssigung.<br><br><b>Strategie<\/b><br>Schutzprotokoll: Verfahren, Richtlinien und Anweisungen zum Schutz von Kindern, die die Art und Weise unterst\u00fctzen, wie unsere dharmische Gemeinschaft Kinder und junge Menschen sch\u00fctzt.<\/p>\n\t<div id=\"gap-729788976\" class=\"gap-element clearfix\" style=\"display:block; height:auto;\">\n\t\t\n<style>\n#gap-729788976 {\n  padding-top: 30px;\n}\n<\/style>\n\t<\/div>\n\t\n\n<div class=\"text-center\"><div class=\"is-divider divider clearfix\" style=\"max-width:361px;\"><\/div><\/div>\n\n<p> <\/p>\n<p style=\"text-align: left;\">Die Siri Singh Sahib Corporation (SSSC) hat am 5. Juni 2025 einen Antrag verabschiedet, der eine \u00fcbergreifende Erkl\u00e4rung zum Schutz von Kindern und Jugendlichen, die an dharmischen Gemeinschaftsaktivit\u00e4ten teilnehmen, vorsieht.  <\/p>\n<p>Kinder und junge Menschen haben ein Recht darauf, vor Schaden bewahrt zu werden. Da SSSC-Organisationen mit dieser Bev\u00f6lkerungsgruppe arbeiten, m\u00fcssen wir \u00fcber klare Richtlinien verf\u00fcgen, wie wir Minderj\u00e4hrige sch\u00fctzen und auf Bedenken bez\u00fcglich des Kinderschutzes reagieren werden.   <\/p>\n<p>Das Office of Ethics &amp; Professional Standards (EPS) und das Office of Dharmic Counsel (ODC) arbeiten mit den entsprechenden Legacy Non Profit Organizations (LNPOs) wie Sikh Dharma Education International (SDEI) \/ Miri Piri Academy (MPA), 3HO International und 3HO Europe zusammen, um diese zu bewerten:<\/p>\n<ul>\n<li>Die potenziellen Risiken f\u00fcr ein Kind, das an unseren Bildungsprogrammen in der Miri Piri Academy und den Jugendprogrammen bei Solstices und dem European Yoga Festival teilnimmt<\/li>\n<li>Wie Betroffene Bedenken \u00e4u\u00dfern<\/li>\n<li>Was wird derzeit unternommen, um sicherzustellen, dass junge Menschen sich entfalten, positive Erfahrungen machen und sicher bleiben k\u00f6nnen?<\/li>\n<\/ul>\n<div> <\/div>\n<p><b>Zu den laufenden Aktivit\u00e4ten f\u00fcr die \u00dcberwachung des Protokolls zum Schutz der Privatsph\u00e4re geh\u00f6ren:<\/b><\/p>\n<ul>\n<li>Routinem\u00e4\u00dfige Schulungen und Sensibilisierungsma\u00dfnahmen<\/li>\n<li>Routinem\u00e4\u00dfige \u00dcberpr\u00fcfung von Berichten \u00fcber Vorf\u00e4lle<\/li>\n<li>Viertelj\u00e4hrliche Treffen mit der Leitung der betreffenden LNPOs zur Bewertung, \u00dcberwachung und Aktualisierung der Verfahren und Aktivit\u00e4ten zum Schutz der Privatsph\u00e4re<\/li>\n<\/ul>\n<p><b>EPS &amp; ODC entwickeln Verfahren zum Schutz der Privatsph\u00e4re:<\/b><\/p>\n<ul>\n<li>Reaktion auf Bedenken \u00fcber das Wohlergehen eines Kindes<\/li>\n<li>Aufbewahrung von Unterlagen zum Kinderschutz<\/li>\n<li>Mobbing vorbeugen und darauf reagieren<\/li>\n<li>Rekrutierung geeigneter Mitarbeiter und Freiwilliger f\u00fcr die Arbeit mit Kindern<\/li>\n<li>Verhaltenskodizes f\u00fcr alle, die mit Kindern arbeiten<\/li>\n<li>Umgang mit gegen Mitarbeiter und Freiwillige vorgebrachten Bedenken<\/li>\n<\/ul>\n<p>Bitte besuchen Sie die EPS-Website, um Bedenken bez\u00fcglich der Sicherheit von Kindern zu melden: <a href=\"https:\/\/epsweb.org\/child-safeguarding\/\">https:\/\/epsweb.org\/child-safeguarding\/<\/a><\/p>\n\n\n\t\t<\/div>\n\t\t\t\t\t<\/div>\n\n\t\n\n<\/div>\n\n\t\t<\/div>\n\n\t\t\n<style>\n#section_1512571602 {\n  padding-top: 30px;\n  padding-bottom: 30px;\n}\n#section_1512571602 .ux-shape-divider--top svg {\n  height: 150px;\n  --divider-top-width: 100%;\n}\n#section_1512571602 .ux-shape-divider--bottom svg {\n  height: 150px;\n  --divider-width: 100%;\n}\n<\/style>\n\t<\/section>\n\t\n\n","protected":false},"excerpt":{"rendered":"","protected":false},"author":1,"featured_media":0,"parent":0,"menu_order":0,"comment_status":"closed","ping_status":"closed","template":"page-blank.php","meta":{"iawp_total_views":2,"footnotes":""},"class_list":["post-13780","page","type-page","status-publish","hentry"],"_links":{"self":[{"href":"https:\/\/ssscorp.org\/de\/wp-json\/wp\/v2\/pages\/13780","targetHints":{"allow":["GET"]}}],"collection":[{"href":"https:\/\/ssscorp.org\/de\/wp-json\/wp\/v2\/pages"}],"about":[{"href":"https:\/\/ssscorp.org\/de\/wp-json\/wp\/v2\/types\/page"}],"author":[{"embeddable":true,"href":"https:\/\/ssscorp.org\/de\/wp-json\/wp\/v2\/users\/1"}],"replies":[{"embeddable":true,"href":"https:\/\/ssscorp.org\/de\/wp-json\/wp\/v2\/comments?post=13780"}],"version-history":[{"count":3,"href":"https:\/\/ssscorp.org\/de\/wp-json\/wp\/v2\/pages\/13780\/revisions"}],"predecessor-version":[{"id":13798,"href":"https:\/\/ssscorp.org\/de\/wp-json\/wp\/v2\/pages\/13780\/revisions\/13798"}],"wp:attachment":[{"href":"https:\/\/ssscorp.org\/de\/wp-json\/wp\/v2\/media?parent=13780"}],"curies":[{"name":"wp","href":"https:\/\/api.w.org\/{rel}","templated":true}]}}