{"id":12443,"date":"2025-03-09T19:11:56","date_gmt":"2025-03-09T19:11:56","guid":{"rendered":"https:\/\/ssscorp.org\/crc-veranstaltungen\/"},"modified":"2025-03-09T22:26:43","modified_gmt":"2025-03-09T22:26:43","slug":"crc-veranstaltungen","status":"publish","type":"page","link":"https:\/\/ssscorp.org\/de\/das-projekt-compassionate-reconciliation\/crc-veranstaltungen\/","title":{"rendered":"CRP &#8211; Ereignisse"},"content":{"rendered":"\t\t<div data-elementor-type=\"wp-page\" data-elementor-id=\"12443\" class=\"elementor elementor-12443 elementor-12426\">\n\t\t\t\t\t\t<section class=\"elementor-section elementor-top-section elementor-element elementor-element-6d8e2564 elementor-section-boxed elementor-section-height-default elementor-section-height-default\" data-id=\"6d8e2564\" data-element_type=\"section\" data-e-type=\"section\" data-settings=\"{&quot;background_background&quot;:&quot;classic&quot;}\">\n\t\t\t\t\t\t<div class=\"elementor-container elementor-column-gap-default\">\n\t\t\t\t\t<div class=\"elementor-column elementor-col-100 elementor-top-column elementor-element elementor-element-4ec99e90\" data-id=\"4ec99e90\" data-element_type=\"column\" data-e-type=\"column\">\n\t\t\t<div class=\"elementor-widget-wrap elementor-element-populated\">\n\t\t\t\t\t\t<div class=\"elementor-element elementor-element-452188ef elementor-widget elementor-widget-text-editor\" data-id=\"452188ef\" data-element_type=\"widget\" data-e-type=\"widget\" data-widget_type=\"text-editor.default\">\n\t\t\t\t<div class=\"elementor-widget-container\">\n\t\t\t\t\t\t\t\t\t<p><strong>Navigating Community Dialogue: Concepts and Skills for Group Facilitation <\/strong>&#8221; soll den Teilnehmern praktische Techniken und Strategien f\u00fcr die Moderation von integrativen und transformativen Gruppendialogen vermitteln.<\/p>\n<p>W\u00e4hrend der Schulung lernen die Teilnehmer verschiedene Konzepte und Praktiken der Gruppenmoderation kennen, darunter Kreisprozesse, interessenbasierte Dialoge und die Kraft offener Fragen. Sie werden erkunden, wie die Grunds\u00e4tze der opferorientierten Justiz in Gruppen angewendet werden k\u00f6nnen, um Verst\u00e4ndnis, Empathie und konstruktive Kommunikation zu f\u00f6rdern. Die Schulung umfasst eine Kombination aus interaktiven \u00dcbungen, Gruppendiskussionen und Fallstudien, um das Lernen und die praktische Anwendung zu verbessern.<\/p>\n<p>Zentrale Lernziele:<\/p>\n<ol>\n<li>Erkundung verschiedener Beziehungskonzepte und -praktiken, die f\u00fcr Gruppen geeignet sind, wie z. B. Kreisprozesse und interessenbasierte Dialoge.<\/li>\n<li>Erlernen Sie Techniken und F\u00e4higkeiten, um einen sicheren und integrativen Raum f\u00fcr den Dialog in Gruppen zu schaffen.<\/li>\n<li>\u00dcben Sie sich in der Anwendung von Moderationsf\u00e4higkeiten f\u00fcr situative Gruppenentscheidungen durch interaktive Aktivit\u00e4ten und Rollenspiele.<\/li>\n<\/ol>\n<p>Hinweis: Ein Gro\u00dfteil des in dieser Schulung behandelten Materials ist eine Wiederholung dessen, was in den Schulungen zum CRC-Beratungsteam-Moderator oder zum Kreisprozess behandelt wurde. Wenn Sie nur an der f\u00fcnft\u00e4gigen Ausbildung zum Moderator f\u00fcr opferorientierte Justiz teilgenommen haben, wird es sich haupts\u00e4chlich um neues Material handeln. Wir freuen uns darauf, Sie dort zu sehen!<\/p>\n<p>Diese Schulung findet statt in  <strong>zwei Sitzungen. Sie m\u00fcssen sich f\u00fcr beide Sitzungen anmelden<\/strong>.<\/p>\n<p><strong>Teil 1: Jul 20, 2023 9:00 am PT &#8211; 12:30 pm PT<\/strong><\/p>\n<p>Melden Sie sich im Voraus f\u00fcr dieses Treffen an:<\/p>\n<p><a href=\"https:\/\/us06web.zoom.us\/meeting\/register\/tZMoce-prj4uEtWPUzUciy2d9UzUG_bRaA29\" target=\"_blank\" rel=\"noopener\">https:\/\/us06web.zoom.us\/meeting\/register\/tZMoce-prj4uEtWPUzUciy2d9UzUG_bRaA29<\/a><\/p>\n<p>Nach der Anmeldung erhalten Sie eine Best\u00e4tigungs-E-Mail mit Informationen zur Teilnahme an der Sitzung.<\/p>\n<p><strong>Teil 2: Jul 26, 2023 9:00 am PT &#8211; 12:30 pm PT<\/strong><\/p>\n<p>Melden Sie sich im Voraus f\u00fcr dieses Treffen an:<\/p>\n<p><a href=\"https:\/\/us06web.zoom.us\/meeting\/register\/tZckdumprzMiE9YG7TaubrifYZPk4aXic1jY\" target=\"_blak\" rel=\"noopener\">https:\/\/us06web.zoom.us\/meeting\/register\/tZckdumprzMiE9YG7TaubrifYZPk4aXic1jY<\/a><\/p>\n<p>Nach der Anmeldung erhalten Sie eine Best\u00e4tigungs-E-Mail mit Informationen zur Teilnahme an der Sitzung.<\/p>\t\t\t\t\t\t\t\t<\/div>\n\t\t\t\t<\/div>\n\t\t\t\t\t<\/div>\n\t\t<\/div>\n\t\t\t\t\t<\/div>\n\t\t<\/section>\n\t\t\t\t<\/div>\n\t\t","protected":false},"excerpt":{"rendered":"<p>Navigating Community Dialogue: Concepts and Skills for Group Facilitation &#8221; soll den Teilnehmern praktische Techniken und Strategien f\u00fcr die Moderation von integrativen und transformativen Gruppendialogen vermitteln. W\u00e4hrend der Schulung lernen die Teilnehmer verschiedene Konzepte und Praktiken der Gruppenmoderation kennen, darunter Kreisprozesse, interessenbasierte Dialoge und die Kraft offener Fragen. Sie werden erkunden, wie die Grunds\u00e4tze der [&#8230;]\n","protected":false},"author":1,"featured_media":0,"parent":6961,"menu_order":0,"comment_status":"closed","ping_status":"closed","template":"","meta":{"iawp_total_views":0,"footnotes":""},"class_list":["post-12443","page","type-page","status-publish","hentry"],"_links":{"self":[{"href":"https:\/\/ssscorp.org\/de\/wp-json\/wp\/v2\/pages\/12443","targetHints":{"allow":["GET"]}}],"collection":[{"href":"https:\/\/ssscorp.org\/de\/wp-json\/wp\/v2\/pages"}],"about":[{"href":"https:\/\/ssscorp.org\/de\/wp-json\/wp\/v2\/types\/page"}],"author":[{"embeddable":true,"href":"https:\/\/ssscorp.org\/de\/wp-json\/wp\/v2\/users\/1"}],"replies":[{"embeddable":true,"href":"https:\/\/ssscorp.org\/de\/wp-json\/wp\/v2\/comments?post=12443"}],"version-history":[{"count":2,"href":"https:\/\/ssscorp.org\/de\/wp-json\/wp\/v2\/pages\/12443\/revisions"}],"predecessor-version":[{"id":12685,"href":"https:\/\/ssscorp.org\/de\/wp-json\/wp\/v2\/pages\/12443\/revisions\/12685"}],"up":[{"embeddable":true,"href":"https:\/\/ssscorp.org\/de\/wp-json\/wp\/v2\/pages\/6961"}],"wp:attachment":[{"href":"https:\/\/ssscorp.org\/de\/wp-json\/wp\/v2\/media?parent=12443"}],"curies":[{"name":"wp","href":"https:\/\/api.w.org\/{rel}","templated":true}]}}