{"id":12387,"date":"2025-03-09T19:04:34","date_gmt":"2025-03-09T19:04:34","guid":{"rendered":"https:\/\/ssscorp.org\/crc-eps\/"},"modified":"2025-03-09T21:07:03","modified_gmt":"2025-03-09T21:07:03","slug":"crc-eps","status":"publish","type":"page","link":"https:\/\/ssscorp.org\/de\/das-projekt-compassionate-reconciliation\/crc-eps\/","title":{"rendered":"CRC &#8211; EPS"},"content":{"rendered":"\t\t<div data-elementor-type=\"wp-page\" data-elementor-id=\"12387\" class=\"elementor elementor-12387 elementor-12352\">\n\t\t\t\t\t\t<section class=\"elementor-section elementor-top-section elementor-element elementor-element-32e1c9bd elementor-section-boxed elementor-section-height-default elementor-section-height-default\" data-id=\"32e1c9bd\" data-element_type=\"section\" data-e-type=\"section\" data-settings=\"{&quot;background_background&quot;:&quot;gradient&quot;}\">\n\t\t\t\t\t\t\t<div class=\"elementor-background-overlay\"><\/div>\n\t\t\t\t\t\t\t<div class=\"elementor-container elementor-column-gap-no\">\n\t\t\t\t\t<div class=\"elementor-column elementor-col-100 elementor-top-column elementor-element elementor-element-6dedc390\" data-id=\"6dedc390\" data-element_type=\"column\" data-e-type=\"column\">\n\t\t\t<div class=\"elementor-widget-wrap elementor-element-populated\">\n\t\t\t\t\t\t<div class=\"elementor-element elementor-element-163e0dc0 elementor-widget elementor-widget-image\" data-id=\"163e0dc0\" data-element_type=\"widget\" data-e-type=\"widget\" data-widget_type=\"image.default\">\n\t\t\t\t<div class=\"elementor-widget-container\">\n\t\t\t\t\t\t\t\t\t\t\t\t\t\t\t<img decoding=\"async\" src=\"https:\/\/ssscorp.org\/wp-content\/uploads\/elementor\/thumbs\/eps-logo_orig-r2mamnf9ggz2v12dxytvvv9cvntowgu1nrhzvu128e.png\" title=\"eps-logo_orig.png\" alt=\"eps-logo_orig.png\" loading=\"lazy\" \/>\t\t\t\t\t\t\t\t\t\t\t\t\t\t\t<\/div>\n\t\t\t\t<\/div>\n\t\t\t\t<div class=\"elementor-element elementor-element-219b4652 elementor-widget elementor-widget-heading\" data-id=\"219b4652\" data-element_type=\"widget\" data-e-type=\"widget\" data-widget_type=\"heading.default\">\n\t\t\t\t<div class=\"elementor-widget-container\">\n\t\t\t\t\t<h1 class=\"elementor-heading-title elementor-size-default\">Ethik und berufliche Standards (EPS)<\/h1>\t\t\t\t<\/div>\n\t\t\t\t<\/div>\n\t\t\t\t<div class=\"elementor-element elementor-element-7d0f87eb elementor-widget elementor-widget-text-editor\" data-id=\"7d0f87eb\" data-element_type=\"widget\" data-e-type=\"widget\" data-widget_type=\"text-editor.default\">\n\t\t\t\t<div class=\"elementor-widget-container\">\n\t\t\t\t\t\t\t\t\t<p>EPS dient der Einheit, Ethik und Integrit\u00e4t unserer lokalen und globalen Gemeinschaften und Sangats, indem wir mit den entsprechenden Einrichtungen und Einzelpersonen zusammenarbeiten, um Beschwerden und Verst\u00f6\u00dfe gegen unseren Ethikkodex zu kl\u00e4ren. Wir schaffen und erhalten Prozesse, die es erm\u00f6glichen, schwierige Situationen systematisch, fair und respektvoll zu bearbeiten. Wir bilden unsere Gemeinschaften und Sangats, Minister, Lehrer und Lehrerausbilder darin aus, wie sie auf ethische und bewusste Weise zusammenarbeiten k\u00f6nnen. EPS lehrt unsere Werte und Standards \u00fcberall dort, wo wir t\u00e4tig sind. EPS arbeitet daran, Bedenken\/Beschwerden in Bezug auf KRI Kundalini Yoga Lehrer und Lehrerausbilder, SDI Geistliche und die von Yogi Bhajan inspirierten Organisationen zu kl\u00e4ren. Dieses B\u00fcro arbeitet unabh\u00e4ngig von, aber sehr eng mit KRI, IKYTA, 3HO und SDI zusammen. Wir bearbeiten Beschwerden seit 2001. <\/p>\n\t\t\t\t\t\t\t\t<\/div>\n\t\t\t\t<\/div>\n\t\t\t\t<div class=\"elementor-element elementor-element-329406b2 elementor-align-center elementor-widget elementor-widget-button\" data-id=\"329406b2\" data-element_type=\"widget\" data-e-type=\"widget\" data-widget_type=\"button.default\">\n\t\t\t\t<div class=\"elementor-widget-container\">\n\t\t\t\t\t\t\t\t\t<div class=\"elementor-button-wrapper\">\n\t\t\t\t\t<a class=\"elementor-button elementor-button-link elementor-size-sm\" href=\"https:\/\/epsweb.org\/\" target=\"_blank\">\n\t\t\t\t\t\t<span class=\"elementor-button-content-wrapper\">\n\t\t\t\t\t\t\t\t\t<span class=\"elementor-button-text\">Besuchen Sie die EPS-Webseite hier<\/span>\n\t\t\t\t\t<\/span>\n\t\t\t\t\t<\/a>\n\t\t\t\t<\/div>\n\t\t\t\t\t\t\t\t<\/div>\n\t\t\t\t<\/div>\n\t\t\t\t<section class=\"elementor-section elementor-inner-section elementor-element elementor-element-6698d693 elementor-section-boxed elementor-section-height-default elementor-section-height-default\" data-id=\"6698d693\" data-element_type=\"section\" data-e-type=\"section\">\n\t\t\t\t\t\t<div class=\"elementor-container elementor-column-gap-default\">\n\t\t\t\t\t<div class=\"elementor-column elementor-col-50 elementor-inner-column elementor-element elementor-element-76dd03aa\" data-id=\"76dd03aa\" data-element_type=\"column\" data-e-type=\"column\">\n\t\t\t<div class=\"elementor-widget-wrap elementor-element-populated\">\n\t\t\t\t\t\t<div class=\"elementor-element elementor-element-4a5c3342 elementor-widget elementor-widget-text-editor\" data-id=\"4a5c3342\" data-element_type=\"widget\" data-e-type=\"widget\" data-widget_type=\"text-editor.default\">\n\t\t\t\t<div class=\"elementor-widget-container\">\n\t\t\t\t\t\t\t\t\t<p>EPS-Mission<\/p>\n\t\t\t\t\t\t\t\t<\/div>\n\t\t\t\t<\/div>\n\t\t\t\t<div class=\"elementor-element elementor-element-551b8bbf elementor-widget elementor-widget-text-editor\" data-id=\"551b8bbf\" data-element_type=\"widget\" data-e-type=\"widget\" data-widget_type=\"text-editor.default\">\n\t\t\t\t<div class=\"elementor-widget-container\">\n\t\t\t\t\t\t\t\t\t<p>Das Office of Ethics &amp; Professional Standards &amp; Conscious Conflict Resolution wahrt aktiv die Ethik und Integrit\u00e4t der 3HO\/KRI\/Sikh Dharma-Gemeinschaften, der Kundalini Yoga-Lehrer, der KRI-Lehrerausbilder und der gemeinn\u00fctzigen Organisationen durch:<\/p>\n<p>1. Unterst\u00fctzung eines sicheren Umfelds f\u00fcr unsere Mitglieder, Gemeinschaften und Organisationen<\/p>\n<p>2. Aufkl\u00e4rung aller Teile unserer Gemeinschaft \u00fcber ethisches und respektvolles Verhalten<\/p>\n<p>3. Bef\u00e4higung der Studenten, in unseren globalen 3HO\/KRI\/Sikh Dharma-Gemeinschaften eine starke, klare Stimme zu haben<\/p>\n<p>4. F\u00f6rderung einer ethischen, integrativen, vielf\u00e4ltigen und transparenten Kultur, in der alle Teilnehmer frei sprechen k\u00f6nnen und mit Respekt geh\u00f6rt werden<\/p>\n<p>5. Verbesserung der Integrit\u00e4t und Professionalit\u00e4t von Kundalini Yoga Lehrern und KRI Lehrerausbildern<br \/>Angebot von gef\u00fchrten Wegen zur bewussten Konfliktl\u00f6sung <\/p>\n\t\t\t\t\t\t\t\t<\/div>\n\t\t\t\t<\/div>\n\t\t\t\t\t<\/div>\n\t\t<\/div>\n\t\t\t\t<div class=\"elementor-column elementor-col-50 elementor-inner-column elementor-element elementor-element-3f9ae515\" data-id=\"3f9ae515\" data-element_type=\"column\" data-e-type=\"column\">\n\t\t\t<div class=\"elementor-widget-wrap elementor-element-populated\">\n\t\t\t\t\t\t<div class=\"elementor-element elementor-element-6aded67e elementor-widget elementor-widget-text-editor\" data-id=\"6aded67e\" data-element_type=\"widget\" data-e-type=\"widget\" data-widget_type=\"text-editor.default\">\n\t\t\t\t<div class=\"elementor-widget-container\">\n\t\t\t\t\t\t\t\t\t<p>EPS Vision<\/p>\n\t\t\t\t\t\t\t\t<\/div>\n\t\t\t\t<\/div>\n\t\t\t\t<div class=\"elementor-element elementor-element-2f309cab elementor-widget elementor-widget-text-editor\" data-id=\"2f309cab\" data-element_type=\"widget\" data-e-type=\"widget\" data-widget_type=\"text-editor.default\">\n\t\t\t\t<div class=\"elementor-widget-container\">\n\t\t\t\t\t\t\t\t\t<p>EPS dient der Einheit, Ethik und Integrit\u00e4t unserer lokalen und globalen 3HO\/KRI\/Sikh Dharma-Gemeinschaften, indem wir mit den zust\u00e4ndigen Stellen und Einzelpersonen zusammenarbeiten, um Beschwerden und Verst\u00f6\u00dfe gegen unsere Ethik-Kodizes zu kl\u00e4ren. Wir schaffen und erhalten Prozesse, die es erm\u00f6glichen, schwierige Situationen systematisch, fair und respektvoll zu bearbeiten. Wir bilden unsere Gemeinschaften, Geistlichen, Lehrer und Lehrerausbilder darin aus, wie sie auf ethische und bewusste Weise arbeiten k\u00f6nnen.  <\/p>\n<p>EPS bearbeitet seit 2014 Beschwerden mit Hilfe eines formellen Beschwerdeverfahrens, Mediation und Restorative Justice. EPS arbeitet unabh\u00e4ngig von, aber sehr eng mit KRI, IKYTA, 3HO und SDI zusammen. <\/p>\n<p>EPS ist offen f\u00fcr alle und m\u00f6chte allen dienen. Wenn Sie ein Anliegen haben, sollten Sie sich an EPS wenden, damit wir gemeinsam L\u00f6sungen finden k\u00f6nnen. <\/p>\n\t\t\t\t\t\t\t\t<\/div>\n\t\t\t\t<\/div>\n\t\t\t\t\t<\/div>\n\t\t<\/div>\n\t\t\t\t\t<\/div>\n\t\t<\/section>\n\t\t\t\t\t<\/div>\n\t\t<\/div>\n\t\t\t\t\t<\/div>\n\t\t<\/section>\n\t\t\t\t<\/div>\n\t\t","protected":false},"excerpt":{"rendered":"<p>Ethik und berufliche Standards (EPS) EPS dient der Einheit, Ethik und Integrit\u00e4t unserer lokalen und globalen Gemeinschaften und Sangats, indem wir mit den entsprechenden Einrichtungen und Einzelpersonen zusammenarbeiten, um Beschwerden und Verst\u00f6\u00dfe gegen unseren Ethikkodex zu kl\u00e4ren. Wir schaffen und erhalten Prozesse, die es erm\u00f6glichen, schwierige Situationen systematisch, fair und respektvoll zu bearbeiten. Wir bilden [&#8230;]\n","protected":false},"author":1,"featured_media":0,"parent":6961,"menu_order":0,"comment_status":"closed","ping_status":"closed","template":"elementor_header_footer","meta":{"iawp_total_views":7,"footnotes":""},"class_list":["post-12387","page","type-page","status-publish","hentry"],"_links":{"self":[{"href":"https:\/\/ssscorp.org\/de\/wp-json\/wp\/v2\/pages\/12387","targetHints":{"allow":["GET"]}}],"collection":[{"href":"https:\/\/ssscorp.org\/de\/wp-json\/wp\/v2\/pages"}],"about":[{"href":"https:\/\/ssscorp.org\/de\/wp-json\/wp\/v2\/types\/page"}],"author":[{"embeddable":true,"href":"https:\/\/ssscorp.org\/de\/wp-json\/wp\/v2\/users\/1"}],"replies":[{"embeddable":true,"href":"https:\/\/ssscorp.org\/de\/wp-json\/wp\/v2\/comments?post=12387"}],"version-history":[{"count":2,"href":"https:\/\/ssscorp.org\/de\/wp-json\/wp\/v2\/pages\/12387\/revisions"}],"predecessor-version":[{"id":12654,"href":"https:\/\/ssscorp.org\/de\/wp-json\/wp\/v2\/pages\/12387\/revisions\/12654"}],"up":[{"embeddable":true,"href":"https:\/\/ssscorp.org\/de\/wp-json\/wp\/v2\/pages\/6961"}],"wp:attachment":[{"href":"https:\/\/ssscorp.org\/de\/wp-json\/wp\/v2\/media?parent=12387"}],"curies":[{"name":"wp","href":"https:\/\/api.w.org\/{rel}","templated":true}]}}