{"id":12339,"date":"2025-03-09T19:01:13","date_gmt":"2025-03-09T19:01:13","guid":{"rendered":"https:\/\/ssscorp.org\/crc-faq\/"},"modified":"2025-03-09T22:27:09","modified_gmt":"2025-03-09T22:27:09","slug":"crc-faq","status":"publish","type":"page","link":"https:\/\/ssscorp.org\/de\/das-projekt-compassionate-reconciliation\/crc-faq\/","title":{"rendered":"CRP &#8211; FAQ"},"content":{"rendered":"\t\t<div data-elementor-type=\"wp-page\" data-elementor-id=\"12339\" class=\"elementor elementor-12339\">\n\t\t\t\t\t\t<section class=\"elementor-section elementor-top-section elementor-element elementor-element-69b0a3ee elementor-section-boxed elementor-section-height-default elementor-section-height-default\" data-id=\"69b0a3ee\" data-element_type=\"section\" data-e-type=\"section\" data-settings=\"{&quot;background_background&quot;:&quot;gradient&quot;}\">\n\t\t\t\t\t\t\t<div class=\"elementor-background-overlay\"><\/div>\n\t\t\t\t\t\t\t<div class=\"elementor-container elementor-column-gap-no\">\n\t\t\t\t\t<div class=\"elementor-column elementor-col-100 elementor-top-column elementor-element elementor-element-596d13b3\" data-id=\"596d13b3\" data-element_type=\"column\" data-e-type=\"column\">\n\t\t\t<div class=\"elementor-widget-wrap elementor-element-populated\">\n\t\t\t\t\t\t<div class=\"elementor-element elementor-element-77c2a8ef elementor-widget elementor-widget-image\" data-id=\"77c2a8ef\" data-element_type=\"widget\" data-e-type=\"widget\" data-widget_type=\"image.default\">\n\t\t\t\t<div class=\"elementor-widget-container\">\n\t\t\t\t\t\t\t\t\t\t\t\t\t\t\t<img decoding=\"async\" src=\"https:\/\/ssscorp.org\/wp-content\/uploads\/elementor\/thumbs\/cropped-white-with-green-banner-agriculture-logo-1_orig-r2mamiq2iasn8z97pesr1eg1wqgutzbdz48khg823m.png\" title=\"cropped-white-with-green-banner-agriculture-logo-1_orig.png\" alt=\"cropped-white-with-green-banner-agriculture-logo-1_orig.png\" loading=\"lazy\" \/>\t\t\t\t\t\t\t\t\t\t\t\t\t\t\t<\/div>\n\t\t\t\t<\/div>\n\t\t\t\t<div class=\"elementor-element elementor-element-21800fae elementor-widget elementor-widget-heading\" data-id=\"21800fae\" data-element_type=\"widget\" data-e-type=\"widget\" data-widget_type=\"heading.default\">\n\t\t\t\t<div class=\"elementor-widget-container\">\n\t\t\t\t\t<h1 class=\"elementor-heading-title elementor-size-default\">FAQ<\/h1>\t\t\t\t<\/div>\n\t\t\t\t<\/div>\n\t\t\t\t\t<\/div>\n\t\t<\/div>\n\t\t\t\t\t<\/div>\n\t\t<\/section>\n\t\t\t\t<section class=\"elementor-section elementor-top-section elementor-element elementor-element-aea33aa elementor-section-content-middle elementor-section-boxed elementor-section-height-default elementor-section-height-default\" data-id=\"aea33aa\" data-element_type=\"section\" data-e-type=\"section\" data-settings=\"{&quot;background_background&quot;:&quot;classic&quot;}\">\n\t\t\t\t\t\t\t<div class=\"elementor-background-overlay\"><\/div>\n\t\t\t\t\t\t\t<div class=\"elementor-container elementor-column-gap-no\">\n\t\t\t\t\t<div class=\"elementor-column elementor-col-50 elementor-top-column elementor-element elementor-element-30c6743b\" data-id=\"30c6743b\" data-element_type=\"column\" data-e-type=\"column\">\n\t\t\t<div class=\"elementor-widget-wrap elementor-element-populated\">\n\t\t\t\t\t\t<div class=\"elementor-element elementor-element-6fc2729e elementor-widget elementor-widget-text-editor\" data-id=\"6fc2729e\" data-element_type=\"widget\" data-e-type=\"widget\" data-widget_type=\"text-editor.default\">\n\t\t\t\t<div class=\"elementor-widget-container\">\n\t\t\t\t\t\t\t\t\t<p>Wer ist Just Outcomes<\/p>\n\t\t\t\t\t\t\t\t<\/div>\n\t\t\t\t<\/div>\n\t\t\t\t<div class=\"elementor-element elementor-element-7a920376 elementor-widget elementor-widget-text-editor\" data-id=\"7a920376\" data-element_type=\"widget\" data-e-type=\"widget\" data-widget_type=\"text-editor.default\">\n\t\t\t\t<div class=\"elementor-widget-container\">\n\t\t\t\t\t\t\t\t\t<p>Just Outcomes ist ein Team von Spezialisten f\u00fcr wiederherstellende Gerechtigkeit, Konflikttransformation, Aufbau von Gemeinschaften und organisatorischen Wandel. Unsere Arbeit basiert auf dem Verst\u00e4ndnis f\u00fcr die Bedeutung von Beziehungen bei der Schaffung von Wachstum und Wandel. Das Kernteam besteht aus Aaron Lyons, Catherine Bargen und Matthew Hartman, die zusammen \u00fcber 50 Jahre Erfahrung in diesem Bereich haben. Just Outcomes st\u00fctzt sich au\u00dferdem auf ein gr\u00f6\u00dferes Team, das sich auf verwandte Bereiche wie traumainformierte Pflege, Heilung von Gemeinschaften, Vielfalt\/Gleichberechtigung\/Inklusion, \u00dcbergangsjustiz, Verhandlungen mit mehreren Interessengruppen, strategische Friedensbildung und Recht spezialisiert hat. Sie k\u00f6nnen mehr \u00fcber uns erfahren unter <a href=\"http:\/\/www.justoutcomesconsulting.com\/\" data-cke-saved-href=\"http:\/\/www.justoutcomesconsulting.com\">www.justoutcomesconsulting.com<\/a>    <\/p>\n\t\t\t\t\t\t\t\t<\/div>\n\t\t\t\t<\/div>\n\t\t\t\t\t<\/div>\n\t\t<\/div>\n\t\t\t\t<div class=\"elementor-column elementor-col-50 elementor-top-column elementor-element elementor-element-bc816ad\" data-id=\"bc816ad\" data-element_type=\"column\" data-e-type=\"column\">\n\t\t\t<div class=\"elementor-widget-wrap elementor-element-populated\">\n\t\t\t\t\t\t<div class=\"elementor-element elementor-element-57726468 elementor-widget elementor-widget-image\" data-id=\"57726468\" data-element_type=\"widget\" data-e-type=\"widget\" data-widget_type=\"image.default\">\n\t\t\t\t<div class=\"elementor-widget-container\">\n\t\t\t\t\t\t\t\t\t\t\t\t\t\t\t<img decoding=\"async\" src=\"https:\/\/ssscorp.org\/wp-content\/uploads\/elementor\/thumbs\/white-with-green-banner-agriculture-logo_orig-r2mamnfbaox8hylngnj4ztekgqiwnj03f7j2pkzx3c.png\" title=\"white-with-green-banner-agriculture-logo_orig.png\" alt=\"white-with-green-banner-agriculture-logo_orig.png\" loading=\"lazy\" \/>\t\t\t\t\t\t\t\t\t\t\t\t\t\t\t<\/div>\n\t\t\t\t<\/div>\n\t\t\t\t\t<\/div>\n\t\t<\/div>\n\t\t\t\t\t<\/div>\n\t\t<\/section>\n\t\t\t\t<section class=\"elementor-section elementor-top-section elementor-element elementor-element-767a7606 elementor-section-content-middle elementor-section-boxed elementor-section-height-default elementor-section-height-default\" data-id=\"767a7606\" data-element_type=\"section\" data-e-type=\"section\" data-settings=\"{&quot;background_background&quot;:&quot;classic&quot;}\">\n\t\t\t\t\t\t\t<div class=\"elementor-background-overlay\"><\/div>\n\t\t\t\t\t\t\t<div class=\"elementor-container elementor-column-gap-no\">\n\t\t\t\t\t<div class=\"elementor-column elementor-col-50 elementor-top-column elementor-element elementor-element-4cfc5539\" data-id=\"4cfc5539\" data-element_type=\"column\" data-e-type=\"column\">\n\t\t\t<div class=\"elementor-widget-wrap elementor-element-populated\">\n\t\t\t\t\t\t<div class=\"elementor-element elementor-element-206a30f3 elementor-widget elementor-widget-image\" data-id=\"206a30f3\" data-element_type=\"widget\" data-e-type=\"widget\" data-widget_type=\"image.default\">\n\t\t\t\t<div class=\"elementor-widget-container\">\n\t\t\t\t\t\t\t\t\t\t\t\t\t\t\t<img decoding=\"async\" src=\"https:\/\/ssscorp.org\/wp-content\/uploads\/elementor\/thumbs\/white-with-green-banner-agriculture-logo_orig-r2mamnfbaox8hylngnj4ztekgqiwnj03f7j2pkzx3c.png\" title=\"white-with-green-banner-agriculture-logo_orig.png\" alt=\"white-with-green-banner-agriculture-logo_orig.png\" loading=\"lazy\" \/>\t\t\t\t\t\t\t\t\t\t\t\t\t\t\t<\/div>\n\t\t\t\t<\/div>\n\t\t\t\t\t<\/div>\n\t\t<\/div>\n\t\t\t\t<div class=\"elementor-column elementor-col-50 elementor-top-column elementor-element elementor-element-1a9db3eb\" data-id=\"1a9db3eb\" data-element_type=\"column\" data-e-type=\"column\">\n\t\t\t<div class=\"elementor-widget-wrap elementor-element-populated\">\n\t\t\t\t\t\t<div class=\"elementor-element elementor-element-4911dccb elementor-widget elementor-widget-text-editor\" data-id=\"4911dccb\" data-element_type=\"widget\" data-e-type=\"widget\" data-widget_type=\"text-editor.default\">\n\t\t\t\t<div class=\"elementor-widget-container\">\n\t\t\t\t\t\t\t\t\t<p>Was ist opferorientierte Justiz?<\/p>\n\t\t\t\t\t\t\t\t<\/div>\n\t\t\t\t<\/div>\n\t\t\t\t<div class=\"elementor-element elementor-element-16e9f3c5 elementor-widget elementor-widget-text-editor\" data-id=\"16e9f3c5\" data-element_type=\"widget\" data-e-type=\"widget\" data-widget_type=\"text-editor.default\">\n\t\t\t\t<div class=\"elementor-widget-container\">\n\t\t\t\t\t\t\t\t\t<p>Wiederherstellende Gerechtigkeit ist ein Ansatz zur Bew\u00e4ltigung von Schaden in der Gemeinschaft, der unsere Verflechtung innerhalb eines Netzes von Beziehungen anerkennt. Dieser Ansatz beruht auf den folgenden Grundprinzipien: <\/p>\n<ul>\n<li><em>Inklusion:<\/em> Gerechtigkeit ist partizipatorisch und kollaborativ, statt kontradiktorisch und hierarchisch.<\/li>\n<li><em>Wiedergutmachung:<\/em> Bei der Gerechtigkeit geht es um den Aufbau bzw. die Wiederherstellung richtiger Beziehungen, die Wiederherstellung der W\u00fcrde und der Stimme der Gesch\u00e4digten, die Heilung von Traumata, die F\u00f6rderung von individueller und kollektiver Verantwortung und Rechenschaftspflicht, die Wiedergutmachung, die Wiederherstellung von Identit\u00e4t und Bedeutung.<\/li>\n<li><em>Transformation:<\/em> Bek\u00e4mpfung der Ursachen, Aufbau individueller, kollektiver und organisatorischer Widerstandsf\u00e4higkeit.<\/li>\n<\/ul>\n<p>Kurz gesagt: Wiederherstellende Gerechtigkeit versucht, Schaden wiedergutzumachen und gleichzeitig eine Gemeinschaft des Vertrauens aufzubauen. Um diese Ziele zu erreichen, kann eine breite Palette von Ans\u00e4tzen eingesetzt werden, die gemeinsam entwickelt und verfeinert werden und auf jahrzehntelanger Erfahrung und Forschung beruhen. <\/p>\n\t\t\t\t\t\t\t\t<\/div>\n\t\t\t\t<\/div>\n\t\t\t\t\t<\/div>\n\t\t<\/div>\n\t\t\t\t\t<\/div>\n\t\t<\/section>\n\t\t\t\t<section class=\"elementor-section elementor-top-section elementor-element elementor-element-5aabf96b elementor-section-content-middle elementor-section-boxed elementor-section-height-default elementor-section-height-default\" data-id=\"5aabf96b\" data-element_type=\"section\" data-e-type=\"section\" data-settings=\"{&quot;background_background&quot;:&quot;classic&quot;}\">\n\t\t\t\t\t\t\t<div class=\"elementor-background-overlay\"><\/div>\n\t\t\t\t\t\t\t<div class=\"elementor-container elementor-column-gap-no\">\n\t\t\t\t\t<div class=\"elementor-column elementor-col-50 elementor-top-column elementor-element elementor-element-4a7188d4\" data-id=\"4a7188d4\" data-element_type=\"column\" data-e-type=\"column\">\n\t\t\t<div class=\"elementor-widget-wrap elementor-element-populated\">\n\t\t\t\t\t\t<div class=\"elementor-element elementor-element-94e50fa elementor-widget elementor-widget-text-editor\" data-id=\"94e50fa\" data-element_type=\"widget\" data-e-type=\"widget\" data-widget_type=\"text-editor.default\">\n\t\t\t\t<div class=\"elementor-widget-container\">\n\t\t\t\t\t\t\t\t\t<p>Warum ist Just Outcomes beteiligt?<\/p>\n\t\t\t\t\t\t\t\t<\/div>\n\t\t\t\t<\/div>\n\t\t\t\t<div class=\"elementor-element elementor-element-10896ad8 elementor-widget elementor-widget-text-editor\" data-id=\"10896ad8\" data-element_type=\"widget\" data-e-type=\"widget\" data-widget_type=\"text-editor.default\">\n\t\t\t\t<div class=\"elementor-widget-container\">\n\t\t\t\t\t\t\t\t\t<p>In Krisenzeiten kann es oft hilfreich sein, eine externe Partei zu haben, die kooperative, beziehungsorientierte und absichtliche Prozesse f\u00f6rdert, die auf die entstehenden Bed\u00fcrfnisse von Einzelpersonen und Gruppen innerhalb der Gemeinschaft eingehen. Wir bringen eine Vielzahl von Erfahrungen mit, von denen wir hoffen und glauben, dass sie f\u00fcr Ihre Gemeinschaft wertvoll sein werden. Wir sind bestrebt, auf Ihre einzigartigen Bed\u00fcrfnisse und Umst\u00e4nde einzugehen. Ein paar Punkte dazu, wie wir unsere Rolle sehen:   <\/p>\n<ul>\n<li>Die Hauptaufgabe von Just Outcomes besteht darin, einen Prozess zu erleichtern, durch den diese Gemeinschaft auf die aktuelle Krise gem\u00e4\u00df ihren Werten und Lehren reagieren kann.<\/li>\n<li>Das Projekt ist in hohem Ma\u00dfe gemeinschaftlich angelegt, wobei Just Outcomes eine vermittelnde, unterst\u00fctzende und beratende Rolle f\u00fcr die Mitglieder der Gemeinschaft spielt, die die Arbeit leiten.<\/li>\n<li>Die Leitung des Compassionate Reconciliation-Prozesses wird vom CRC \u00fcbernommen, der so weit wie m\u00f6glich alle Facetten der Gemeinschaft repr\u00e4sentieren soll (siehe Erkl\u00e4rung oben).<\/li>\n<\/ul>\n\t\t\t\t\t\t\t\t<\/div>\n\t\t\t\t<\/div>\n\t\t\t\t\t<\/div>\n\t\t<\/div>\n\t\t\t\t<div class=\"elementor-column elementor-col-50 elementor-top-column elementor-element elementor-element-7d47e397\" data-id=\"7d47e397\" data-element_type=\"column\" data-e-type=\"column\">\n\t\t\t<div class=\"elementor-widget-wrap elementor-element-populated\">\n\t\t\t\t\t\t<div class=\"elementor-element elementor-element-113d42fa elementor-widget elementor-widget-image\" data-id=\"113d42fa\" data-element_type=\"widget\" data-e-type=\"widget\" data-widget_type=\"image.default\">\n\t\t\t\t<div class=\"elementor-widget-container\">\n\t\t\t\t\t\t\t\t\t\t\t\t\t\t\t<img decoding=\"async\" src=\"https:\/\/ssscorp.org\/wp-content\/uploads\/elementor\/thumbs\/white-with-green-banner-agriculture-logo_orig-r2mamnfbaox8hylngnj4ztekgqiwnj03f7j2pkzx3c.png\" title=\"white-with-green-banner-agriculture-logo_orig.png\" alt=\"white-with-green-banner-agriculture-logo_orig.png\" loading=\"lazy\" \/>\t\t\t\t\t\t\t\t\t\t\t\t\t\t\t<\/div>\n\t\t\t\t<\/div>\n\t\t\t\t\t<\/div>\n\t\t<\/div>\n\t\t\t\t\t<\/div>\n\t\t<\/section>\n\t\t\t\t<section class=\"elementor-section elementor-top-section elementor-element elementor-element-655f92a5 elementor-section-content-middle elementor-section-boxed elementor-section-height-default elementor-section-height-default\" data-id=\"655f92a5\" data-element_type=\"section\" data-e-type=\"section\" data-settings=\"{&quot;background_background&quot;:&quot;classic&quot;}\">\n\t\t\t\t\t\t\t<div class=\"elementor-background-overlay\"><\/div>\n\t\t\t\t\t\t\t<div class=\"elementor-container elementor-column-gap-no\">\n\t\t\t\t\t<div class=\"elementor-column elementor-col-50 elementor-top-column elementor-element elementor-element-6a2bda39\" data-id=\"6a2bda39\" data-element_type=\"column\" data-e-type=\"column\">\n\t\t\t<div class=\"elementor-widget-wrap elementor-element-populated\">\n\t\t\t\t\t\t<div class=\"elementor-element elementor-element-63222676 elementor-widget elementor-widget-image\" data-id=\"63222676\" data-element_type=\"widget\" data-e-type=\"widget\" data-widget_type=\"image.default\">\n\t\t\t\t<div class=\"elementor-widget-container\">\n\t\t\t\t\t\t\t\t\t\t\t\t\t\t\t<img decoding=\"async\" src=\"https:\/\/ssscorp.org\/wp-content\/uploads\/elementor\/thumbs\/white-with-green-banner-agriculture-logo_orig-r2mamnfbaox8hylngnj4ztekgqiwnj03f7j2pkzx3c.png\" title=\"white-with-green-banner-agriculture-logo_orig.png\" alt=\"white-with-green-banner-agriculture-logo_orig.png\" loading=\"lazy\" \/>\t\t\t\t\t\t\t\t\t\t\t\t\t\t\t<\/div>\n\t\t\t\t<\/div>\n\t\t\t\t\t<\/div>\n\t\t<\/div>\n\t\t\t\t<div class=\"elementor-column elementor-col-50 elementor-top-column elementor-element elementor-element-2facb8c0\" data-id=\"2facb8c0\" data-element_type=\"column\" data-e-type=\"column\">\n\t\t\t<div class=\"elementor-widget-wrap elementor-element-populated\">\n\t\t\t\t\t\t<div class=\"elementor-element elementor-element-43f74952 elementor-widget elementor-widget-text-editor\" data-id=\"43f74952\" data-element_type=\"widget\" data-e-type=\"widget\" data-widget_type=\"text-editor.default\">\n\t\t\t\t<div class=\"elementor-widget-container\">\n\t\t\t\t\t\t\t\t\t<p>Wie wird der Compassionate Reconciliation Prozess aussehen?<\/p>\n\t\t\t\t\t\t\t\t<\/div>\n\t\t\t\t<\/div>\n\t\t\t\t<div class=\"elementor-element elementor-element-20777a05 elementor-widget elementor-widget-text-editor\" data-id=\"20777a05\" data-element_type=\"widget\" data-e-type=\"widget\" data-widget_type=\"text-editor.default\">\n\t\t\t\t<div class=\"elementor-widget-container\">\n\t\t\t\t\t\t\t\t\t<p>Im Gegensatz zu anderen gro\u00df angelegten Prozessen folgen wiedergutmachende Gerechtigkeit und Konflikttransformation nicht einem vorgeschriebenen oder vorbestimmten Ansatz. Jedes Individuum und jede Gemeinschaft hat andere Bed\u00fcrfnisse in Bezug auf ihre Heilung und ihr Wachstum. Im Dienste der Heilung und des Wachstums zu stehen, bedeutet f\u00fcr uns, dass wir uns die n\u00f6tige Zeit nehmen, um Strategien und Ans\u00e4tze zu entwickeln, die direkt auf den Bed\u00fcrfnissen beruhen, die wir in der Gemeinschaft wahrnehmen. Unsere Verpflichtung zur Reaktionsf\u00e4higkeit bedeutet, dass wir, wenn wir in einer Krise intervenieren, unsere Arbeit in enger Absprache und Zusammenarbeit mit den Beteiligten und Betroffenen durchf\u00fchren. Mit der Unterst\u00fctzung und Anleitung unseres Teams wird die Form dieses Prozesses in den kommenden Monaten vom CRC und seinen Beraterteams festgelegt.    <\/p>\n\t\t\t\t\t\t\t\t<\/div>\n\t\t\t\t<\/div>\n\t\t\t\t\t<\/div>\n\t\t<\/div>\n\t\t\t\t\t<\/div>\n\t\t<\/section>\n\t\t\t\t<\/div>\n\t\t","protected":false},"excerpt":{"rendered":"<p>FAQ Wer ist Just Outcomes Just Outcomes ist ein Team von Spezialisten f\u00fcr wiederherstellende Gerechtigkeit, Konflikttransformation, Aufbau von Gemeinschaften und organisatorischen Wandel. Unsere Arbeit basiert auf dem Verst\u00e4ndnis f\u00fcr die Bedeutung von Beziehungen bei der Schaffung von Wachstum und Wandel. Das Kernteam besteht aus Aaron Lyons, Catherine Bargen und Matthew Hartman, die zusammen \u00fcber 50 [&#8230;]\n","protected":false},"author":1,"featured_media":0,"parent":6961,"menu_order":0,"comment_status":"closed","ping_status":"closed","template":"elementor_header_footer","meta":{"iawp_total_views":2,"footnotes":""},"class_list":["post-12339","page","type-page","status-publish","hentry"],"_links":{"self":[{"href":"https:\/\/ssscorp.org\/de\/wp-json\/wp\/v2\/pages\/12339","targetHints":{"allow":["GET"]}}],"collection":[{"href":"https:\/\/ssscorp.org\/de\/wp-json\/wp\/v2\/pages"}],"about":[{"href":"https:\/\/ssscorp.org\/de\/wp-json\/wp\/v2\/types\/page"}],"author":[{"embeddable":true,"href":"https:\/\/ssscorp.org\/de\/wp-json\/wp\/v2\/users\/1"}],"replies":[{"embeddable":true,"href":"https:\/\/ssscorp.org\/de\/wp-json\/wp\/v2\/comments?post=12339"}],"version-history":[{"count":8,"href":"https:\/\/ssscorp.org\/de\/wp-json\/wp\/v2\/pages\/12339\/revisions"}],"predecessor-version":[{"id":12563,"href":"https:\/\/ssscorp.org\/de\/wp-json\/wp\/v2\/pages\/12339\/revisions\/12563"}],"up":[{"embeddable":true,"href":"https:\/\/ssscorp.org\/de\/wp-json\/wp\/v2\/pages\/6961"}],"wp:attachment":[{"href":"https:\/\/ssscorp.org\/de\/wp-json\/wp\/v2\/media?parent=12339"}],"curies":[{"name":"wp","href":"https:\/\/api.w.org\/{rel}","templated":true}]}}