{"id":12328,"date":"2025-03-09T18:58:00","date_gmt":"2025-03-09T18:58:00","guid":{"rendered":"https:\/\/ssscorp.org\/gerechte-ergebnisse\/"},"modified":"2025-03-09T22:27:21","modified_gmt":"2025-03-09T22:27:21","slug":"gerechte-ergebnisse","status":"publish","type":"page","link":"https:\/\/ssscorp.org\/de\/das-projekt-compassionate-reconciliation\/gerechte-ergebnisse\/","title":{"rendered":"CRP &#8211; Gerechte Ergebnisse"},"content":{"rendered":"\t\t<div data-elementor-type=\"wp-page\" data-elementor-id=\"12328\" class=\"elementor elementor-12328 elementor-12309\">\n\t\t\t\t\t\t<section class=\"elementor-section elementor-top-section elementor-element elementor-element-8a2b87 elementor-section-boxed elementor-section-height-default elementor-section-height-default\" data-id=\"8a2b87\" data-element_type=\"section\" data-e-type=\"section\" data-settings=\"{&quot;background_background&quot;:&quot;classic&quot;}\">\n\t\t\t\t\t\t\t<div class=\"elementor-background-overlay\"><\/div>\n\t\t\t\t\t\t\t<div class=\"elementor-container elementor-column-gap-no\">\n\t\t\t\t\t<div class=\"elementor-column elementor-col-100 elementor-top-column elementor-element elementor-element-1137ac83\" data-id=\"1137ac83\" data-element_type=\"column\" data-e-type=\"column\">\n\t\t\t<div class=\"elementor-widget-wrap elementor-element-populated\">\n\t\t\t\t\t\t<div class=\"elementor-element elementor-element-1bd680b5 elementor-widget elementor-widget-heading\" data-id=\"1bd680b5\" data-element_type=\"widget\" data-e-type=\"widget\" data-widget_type=\"heading.default\">\n\t\t\t\t<div class=\"elementor-widget-container\">\n\t\t\t\t\t<h1 class=\"elementor-heading-title elementor-size-default\">Gerechte Ergebnisse<\/h1>\t\t\t\t<\/div>\n\t\t\t\t<\/div>\n\t\t\t\t<div class=\"elementor-element elementor-element-4a8a2768 elementor-widget elementor-widget-text-editor\" data-id=\"4a8a2768\" data-element_type=\"widget\" data-e-type=\"widget\" data-widget_type=\"text-editor.default\">\n\t\t\t\t<div class=\"elementor-widget-container\">\n\t\t\t\t\t\t\t\t\t<p>Just Outcomes ist ein Team von Beratern f\u00fcr opferorientierte Justiz, die mit F\u00fchrungskr\u00e4ften in Gemeinden und Organisationen zusammenarbeiten, um Systeme f\u00fcr gemeinschaftliche Sicherheit, Gerechtigkeit und Rechenschaftspflicht aufzubauen und zu verbessern. Just Outcomes ist darauf spezialisiert, Ergebnisse zu erzielen, die eine kollektive F\u00fchrung unterst\u00fctzen und die Erkenntnisse, Bestrebungen und Bed\u00fcrfnisse von Gemeinschaften und Gruppen einbeziehen. <\/p>\n\t\t\t\t\t\t\t\t<\/div>\n\t\t\t\t<\/div>\n\t\t\t\t<section class=\"elementor-section elementor-inner-section elementor-element elementor-element-4d150972 elementor-section-boxed elementor-section-height-default elementor-section-height-default\" data-id=\"4d150972\" data-element_type=\"section\" data-e-type=\"section\">\n\t\t\t\t\t\t<div class=\"elementor-container elementor-column-gap-default\">\n\t\t\t\t\t<div class=\"elementor-column elementor-col-50 elementor-inner-column elementor-element elementor-element-4ee73837\" data-id=\"4ee73837\" data-element_type=\"column\" data-e-type=\"column\">\n\t\t\t<div class=\"elementor-widget-wrap elementor-element-populated\">\n\t\t\t\t\t\t<div class=\"elementor-element elementor-element-219d6a9a elementor-widget elementor-widget-heading\" data-id=\"219d6a9a\" data-element_type=\"widget\" data-e-type=\"widget\" data-widget_type=\"heading.default\">\n\t\t\t\t<div class=\"elementor-widget-container\">\n\t\t\t\t\t<h2 class=\"elementor-heading-title elementor-size-default\">Mision<\/h2>\t\t\t\t<\/div>\n\t\t\t\t<\/div>\n\t\t\t\t<div class=\"elementor-element elementor-element-7bcfaa41 elementor-widget elementor-widget-text-editor\" data-id=\"7bcfaa41\" data-element_type=\"widget\" data-e-type=\"widget\" data-widget_type=\"text-editor.default\">\n\t\t\t\t<div class=\"elementor-widget-container\">\n\t\t\t\t\t\t\t\t\t<p>Unsere Aufgabe ist es, Gemeinschaften und Organisationen bei der Entwicklung gerechter Antworten auf sch\u00e4dliche Handlungen oder Situationen zu unterst\u00fctzen.<\/p>\n\t\t\t\t\t\t\t\t<\/div>\n\t\t\t\t<\/div>\n\t\t\t\t\t<\/div>\n\t\t<\/div>\n\t\t\t\t<div class=\"elementor-column elementor-col-50 elementor-inner-column elementor-element elementor-element-416d2893\" data-id=\"416d2893\" data-element_type=\"column\" data-e-type=\"column\">\n\t\t\t<div class=\"elementor-widget-wrap elementor-element-populated\">\n\t\t\t\t\t\t<div class=\"elementor-element elementor-element-51dcaf19 elementor-widget elementor-widget-heading\" data-id=\"51dcaf19\" data-element_type=\"widget\" data-e-type=\"widget\" data-widget_type=\"heading.default\">\n\t\t\t\t<div class=\"elementor-widget-container\">\n\t\t\t\t\t<h2 class=\"elementor-heading-title elementor-size-default\">Just Outcomes Vision\n<\/h2>\t\t\t\t<\/div>\n\t\t\t\t<\/div>\n\t\t\t\t<div class=\"elementor-element elementor-element-8e65ebe elementor-widget elementor-widget-text-editor\" data-id=\"8e65ebe\" data-element_type=\"widget\" data-e-type=\"widget\" data-widget_type=\"text-editor.default\">\n\t\t\t\t<div class=\"elementor-widget-container\">\n\t\t\t\t\t\t\t\t\t<p>Wir stellen uns lebendige und widerstandsf\u00e4hige Gemeinschaften vor, die auf der St\u00e4rke gerechter Beziehungen aufbauen.<\/p>\n\t\t\t\t\t\t\t\t<\/div>\n\t\t\t\t<\/div>\n\t\t\t\t\t<\/div>\n\t\t<\/div>\n\t\t\t\t\t<\/div>\n\t\t<\/section>\n\t\t\t\t\t<\/div>\n\t\t<\/div>\n\t\t\t\t\t<\/div>\n\t\t<\/section>\n\t\t\t\t<section class=\"elementor-section elementor-top-section elementor-element elementor-element-3a388bb8 elementor-section-boxed elementor-section-height-default elementor-section-height-default\" data-id=\"3a388bb8\" data-element_type=\"section\" data-e-type=\"section\" data-settings=\"{&quot;background_background&quot;:&quot;classic&quot;}\">\n\t\t\t\t\t\t\t<div class=\"elementor-background-overlay\"><\/div>\n\t\t\t\t\t\t\t<div class=\"elementor-container elementor-column-gap-no\">\n\t\t\t\t\t<div class=\"elementor-column elementor-col-100 elementor-top-column elementor-element elementor-element-25327dd0\" data-id=\"25327dd0\" data-element_type=\"column\" data-e-type=\"column\">\n\t\t\t<div class=\"elementor-widget-wrap elementor-element-populated\">\n\t\t\t\t\t\t<div class=\"elementor-element elementor-element-1d18feaa elementor-widget elementor-widget-image\" data-id=\"1d18feaa\" data-element_type=\"widget\" data-e-type=\"widget\" data-widget_type=\"image.default\">\n\t\t\t\t<div class=\"elementor-widget-container\">\n\t\t\t\t\t\t\t\t\t\t\t\t\t\t\t<img decoding=\"async\" width=\"198\" height=\"101\" src=\"https:\/\/ssscorp.org\/wp-content\/uploads\/2025\/03\/just-outcomes-logo.png\" class=\"attachment-large size-large wp-image-12147\" alt=\"\" \/>\t\t\t\t\t\t\t\t\t\t\t\t\t\t\t<\/div>\n\t\t\t\t<\/div>\n\t\t\t\t<div class=\"elementor-element elementor-element-1ce3ea4a elementor-widget elementor-widget-text-editor\" data-id=\"1ce3ea4a\" data-element_type=\"widget\" data-e-type=\"widget\" data-widget_type=\"text-editor.default\">\n\t\t\t\t<div class=\"elementor-widget-container\">\n\t\t\t\t\t\t\t\t\t<p>Just Outcomes Team<\/p>\n\t\t\t\t\t\t\t\t<\/div>\n\t\t\t\t<\/div>\n\t\t\t\t<section class=\"elementor-section elementor-inner-section elementor-element elementor-element-1546985e elementor-section-boxed elementor-section-height-default elementor-section-height-default\" data-id=\"1546985e\" data-element_type=\"section\" data-e-type=\"section\">\n\t\t\t\t\t\t<div class=\"elementor-container elementor-column-gap-default\">\n\t\t\t\t\t<div class=\"elementor-column elementor-col-33 elementor-inner-column elementor-element elementor-element-62b7cf24\" data-id=\"62b7cf24\" data-element_type=\"column\" data-e-type=\"column\">\n\t\t\t<div class=\"elementor-widget-wrap elementor-element-populated\">\n\t\t\t\t\t\t<div class=\"elementor-element elementor-element-58501ea5 elementor-widget elementor-widget-image\" data-id=\"58501ea5\" data-element_type=\"widget\" data-e-type=\"widget\" data-widget_type=\"image.default\">\n\t\t\t\t<div class=\"elementor-widget-container\">\n\t\t\t\t\t\t\t\t\t\t\t\t\t\t\t<img fetchpriority=\"high\" decoding=\"async\" width=\"520\" height=\"676\" src=\"https:\/\/ssscorp.org\/wp-content\/uploads\/2025\/03\/screen-shot-2021-01-26-at-10-40-46-am_orig.png\" class=\"attachment-large size-large wp-image-12155\" alt=\"\" srcset=\"https:\/\/ssscorp.org\/wp-content\/uploads\/2025\/03\/screen-shot-2021-01-26-at-10-40-46-am_orig.png 520w, https:\/\/ssscorp.org\/wp-content\/uploads\/2025\/03\/screen-shot-2021-01-26-at-10-40-46-am_orig-231x300.png 231w\" sizes=\"(max-width: 520px) 100vw, 520px\" \/>\t\t\t\t\t\t\t\t\t\t\t\t\t\t\t<\/div>\n\t\t\t\t<\/div>\n\t\t\t\t<div class=\"elementor-element elementor-element-6d1188f9 elementor-widget elementor-widget-heading\" data-id=\"6d1188f9\" data-element_type=\"widget\" data-e-type=\"widget\" data-widget_type=\"heading.default\">\n\t\t\t\t<div class=\"elementor-widget-container\">\n\t\t\t\t\t<h2 class=\"elementor-heading-title elementor-size-default\">Catherine Bargen<\/h2>\t\t\t\t<\/div>\n\t\t\t\t<\/div>\n\t\t\t\t<div class=\"elementor-element elementor-element-52729dfd elementor-widget elementor-widget-text-editor\" data-id=\"52729dfd\" data-element_type=\"widget\" data-e-type=\"widget\" data-widget_type=\"text-editor.default\">\n\t\t\t\t<div class=\"elementor-widget-container\">\n\t\t\t\t\t\t\t\t\t<p>Catherine Bargen arbeitet seit \u00fcber 20 Jahren mit Gemeinden an der Entwicklung von Programmen f\u00fcr wiedergutmachende Gerechtigkeit. Sie ist in ganz Kanada und international t\u00e4tig und ber\u00e4t, schult und moderiert Prozesse der wiederherstellenden Gerechtigkeit und der Konflikttransformation f\u00fcr Schulen, Glaubensgemeinschaften, indigene Gemeinschaften, staatliche und nichtstaatliche Organisationen. Bevor sie Just Outcomes mitbegr\u00fcndete, war Catherine 9 Jahre lang als Koordinatorin f\u00fcr Wiedergutmachungsjustiz in der Abteilung f\u00fcr Opferhilfe und Verbrechensverh\u00fctung der Regierung von British Columbia, Kanada, t\u00e4tig. Sie ist Autorin und Co-Autorin mehrerer viel beachteter Ressourcen zur opferorientierten Justiz und wurde 2019 mit dem BC&#8217;s Community Safety and Crime Prevention Award ausgezeichnet. Catherine hat einen Master-Abschluss in Konflikttransformation vom Center for Justice and Peacebuilding in Virginia, USA. Sie bringt einen fr\u00f6hlichen Stil in ihre Arbeit ein, w\u00e4hrend sie all jenen, mit denen sie arbeitet, ihre aufrichtige Sorge und ihr Mitgef\u00fchl entgegenbringt.     <\/p>\n\t\t\t\t\t\t\t\t<\/div>\n\t\t\t\t<\/div>\n\t\t\t\t\t<\/div>\n\t\t<\/div>\n\t\t\t\t<div class=\"elementor-column elementor-col-33 elementor-inner-column elementor-element elementor-element-15b352eb\" data-id=\"15b352eb\" data-element_type=\"column\" data-e-type=\"column\">\n\t\t\t<div class=\"elementor-widget-wrap elementor-element-populated\">\n\t\t\t\t\t\t<div class=\"elementor-element elementor-element-18bd54c1 elementor-widget elementor-widget-image\" data-id=\"18bd54c1\" data-element_type=\"widget\" data-e-type=\"widget\" data-widget_type=\"image.default\">\n\t\t\t\t<div class=\"elementor-widget-container\">\n\t\t\t\t\t\t\t\t\t\t\t\t\t\t\t<img decoding=\"async\" width=\"518\" height=\"676\" src=\"https:\/\/ssscorp.org\/wp-content\/uploads\/2025\/03\/screen-shot-2021-01-26-at-10-41-06-am_orig.png\" class=\"attachment-large size-large wp-image-12163\" alt=\"\" srcset=\"https:\/\/ssscorp.org\/wp-content\/uploads\/2025\/03\/screen-shot-2021-01-26-at-10-41-06-am_orig.png 518w, https:\/\/ssscorp.org\/wp-content\/uploads\/2025\/03\/screen-shot-2021-01-26-at-10-41-06-am_orig-230x300.png 230w\" sizes=\"(max-width: 518px) 100vw, 518px\" \/>\t\t\t\t\t\t\t\t\t\t\t\t\t\t\t<\/div>\n\t\t\t\t<\/div>\n\t\t\t\t<div class=\"elementor-element elementor-element-2032a85b elementor-widget elementor-widget-heading\" data-id=\"2032a85b\" data-element_type=\"widget\" data-e-type=\"widget\" data-widget_type=\"heading.default\">\n\t\t\t\t<div class=\"elementor-widget-container\">\n\t\t\t\t\t<h2 class=\"elementor-heading-title elementor-size-default\">Matthew Hartman<\/h2>\t\t\t\t<\/div>\n\t\t\t\t<\/div>\n\t\t\t\t<div class=\"elementor-element elementor-element-7144d1a6 elementor-widget elementor-widget-text-editor\" data-id=\"7144d1a6\" data-element_type=\"widget\" data-e-type=\"widget\" data-widget_type=\"text-editor.default\">\n\t\t\t\t<div class=\"elementor-widget-container\">\n\t\t\t\t\t\t\t\t\t<p>Matthew Hartman verf\u00fcgt \u00fcber mehr als 20 Jahre Erfahrung als Moderator, Trainer, Programmverwalter und Berater in der Bewegung f\u00fcr opferorientierte Justiz in den USA und Kanada. Seine Erfahrung umfasst die Moderation von Prozessen der opferorientierten Justiz in unterschiedlichen Kontexten, die Arbeit in gemeinn\u00fctzigen und staatlichen Einrichtungen zur Neuentwicklung und Verwaltung von Programmen der opferorientierten Justiz und die Zusammenarbeit mit Gemeinden und Beh\u00f6rden, um ihre Reaktionen auf Schaden mit opferorientierten und universellen menschlichen Werten in Einklang zu bringen. Matthew ist ein hochgradig prinzipientreuer Praktiker und hat eine langj\u00e4hrige Leidenschaft f\u00fcr die Entwicklung von Menschen und Organisationen. Matthew verbindet seine Neugier und sein Einf\u00fchlungsverm\u00f6gen mit au\u00dfergew\u00f6hnlichen organisatorischen und technischen F\u00e4higkeiten und bietet einen ermutigenden und kooperativen Ansatz f\u00fcr die Arbeit mit Menschen und Gruppen. Er hat einen Master-Abschluss in Konflikttransformation.    <\/p>\n\t\t\t\t\t\t\t\t<\/div>\n\t\t\t\t<\/div>\n\t\t\t\t\t<\/div>\n\t\t<\/div>\n\t\t\t\t<div class=\"elementor-column elementor-col-33 elementor-inner-column elementor-element elementor-element-15ba2b6b\" data-id=\"15ba2b6b\" data-element_type=\"column\" data-e-type=\"column\">\n\t\t\t<div class=\"elementor-widget-wrap elementor-element-populated\">\n\t\t\t\t\t\t<div class=\"elementor-element elementor-element-365fa853 elementor-widget elementor-widget-image\" data-id=\"365fa853\" data-element_type=\"widget\" data-e-type=\"widget\" data-widget_type=\"image.default\">\n\t\t\t\t<div class=\"elementor-widget-container\">\n\t\t\t\t\t\t\t\t\t\t\t\t\t\t\t<img loading=\"lazy\" decoding=\"async\" width=\"528\" height=\"680\" src=\"https:\/\/ssscorp.org\/wp-content\/uploads\/2025\/03\/screen-shot-2021-01-26-at-10-41-21-am_orig.png\" class=\"attachment-large size-large wp-image-12171\" alt=\"\" srcset=\"https:\/\/ssscorp.org\/wp-content\/uploads\/2025\/03\/screen-shot-2021-01-26-at-10-41-21-am_orig.png 528w, https:\/\/ssscorp.org\/wp-content\/uploads\/2025\/03\/screen-shot-2021-01-26-at-10-41-21-am_orig-233x300.png 233w\" sizes=\"(max-width: 528px) 100vw, 528px\" \/>\t\t\t\t\t\t\t\t\t\t\t\t\t\t\t<\/div>\n\t\t\t\t<\/div>\n\t\t\t\t<div class=\"elementor-element elementor-element-49b1f460 elementor-widget elementor-widget-heading\" data-id=\"49b1f460\" data-element_type=\"widget\" data-e-type=\"widget\" data-widget_type=\"heading.default\">\n\t\t\t\t<div class=\"elementor-widget-container\">\n\t\t\t\t\t<h2 class=\"elementor-heading-title elementor-size-default\">Aaron Lyons<\/h2>\t\t\t\t<\/div>\n\t\t\t\t<\/div>\n\t\t\t\t<div class=\"elementor-element elementor-element-266bab01 elementor-widget elementor-widget-text-editor\" data-id=\"266bab01\" data-element_type=\"widget\" data-e-type=\"widget\" data-widget_type=\"text-editor.default\">\n\t\t\t\t<div class=\"elementor-widget-container\">\n\t\t\t\t\t\t\t\t\t<p>Aaron Lyons ist ein erfahrener und leidenschaftlicher Friedensstifter und Spezialist f\u00fcr wiederherstellende Gerechtigkeit mit 17 Jahren internationaler Erfahrung in den Bereichen Moderation, Beratung, Coaching und Training. Er hat einen Master-Abschluss in Konflikttransformation vom Center for Justice and Peacebuilding in Virginia und verf\u00fcgt \u00fcber jahrelange Erfahrung in der Moderation wiederherstellender Dialoge nach Verbrechen und Traumata. Aaron unterst\u00fctzt ein breites Spektrum von Regierungs- und Nichtregierungsorganisationen bei der Entwicklung und Umsetzung von wertebasierten, traumainformierten und kulturell sensiblen Ans\u00e4tzen zur Bew\u00e4ltigung von Konflikten, Schaden und Ungerechtigkeit. Er glaubt fest an die F\u00e4higkeit der Menschen, zu wachsen und ihre eigenen kreativen Wege durch selbst die schwierigsten Lebenserfahrungen zu entdecken. Aaron ist ein nat\u00fcrlicher Vermittler, Autor und Ausbilder und bringt eine aufschlussreiche, einnehmende und best\u00e4ndige Pr\u00e4senz in seine Arbeit ein.    <\/p>\n\t\t\t\t\t\t\t\t<\/div>\n\t\t\t\t<\/div>\n\t\t\t\t\t<\/div>\n\t\t<\/div>\n\t\t\t\t\t<\/div>\n\t\t<\/section>\n\t\t\t\t\t<\/div>\n\t\t<\/div>\n\t\t\t\t\t<\/div>\n\t\t<\/section>\n\t\t\t\t<\/div>\n\t\t","protected":false},"excerpt":{"rendered":"<p>Gerechte Ergebnisse Just Outcomes ist ein Team von Beratern f\u00fcr opferorientierte Justiz, die mit F\u00fchrungskr\u00e4ften in Gemeinden und Organisationen zusammenarbeiten, um Systeme f\u00fcr gemeinschaftliche Sicherheit, Gerechtigkeit und Rechenschaftspflicht aufzubauen und zu verbessern. Just Outcomes ist darauf spezialisiert, Ergebnisse zu erzielen, die eine kollektive F\u00fchrung unterst\u00fctzen und die Erkenntnisse, Bestrebungen und Bed\u00fcrfnisse von Gemeinschaften und Gruppen [&#8230;]\n","protected":false},"author":1,"featured_media":0,"parent":6961,"menu_order":0,"comment_status":"closed","ping_status":"closed","template":"elementor_header_footer","meta":{"iawp_total_views":3,"footnotes":""},"class_list":["post-12328","page","type-page","status-publish","hentry"],"_links":{"self":[{"href":"https:\/\/ssscorp.org\/de\/wp-json\/wp\/v2\/pages\/12328","targetHints":{"allow":["GET"]}}],"collection":[{"href":"https:\/\/ssscorp.org\/de\/wp-json\/wp\/v2\/pages"}],"about":[{"href":"https:\/\/ssscorp.org\/de\/wp-json\/wp\/v2\/types\/page"}],"author":[{"embeddable":true,"href":"https:\/\/ssscorp.org\/de\/wp-json\/wp\/v2\/users\/1"}],"replies":[{"embeddable":true,"href":"https:\/\/ssscorp.org\/de\/wp-json\/wp\/v2\/comments?post=12328"}],"version-history":[{"count":3,"href":"https:\/\/ssscorp.org\/de\/wp-json\/wp\/v2\/pages\/12328\/revisions"}],"predecessor-version":[{"id":12625,"href":"https:\/\/ssscorp.org\/de\/wp-json\/wp\/v2\/pages\/12328\/revisions\/12625"}],"up":[{"embeddable":true,"href":"https:\/\/ssscorp.org\/de\/wp-json\/wp\/v2\/pages\/6961"}],"wp:attachment":[{"href":"https:\/\/ssscorp.org\/de\/wp-json\/wp\/v2\/media?parent=12328"}],"curies":[{"name":"wp","href":"https:\/\/api.w.org\/{rel}","templated":true}]}}